{"id":8280,"date":"2021-02-10T17:10:35","date_gmt":"2021-02-10T22:10:35","guid":{"rendered":"https:\/\/wholesale.kachita.com\/?post_type=product&#038;p=8280"},"modified":"2021-02-10T17:11:55","modified_gmt":"2021-02-10T22:11:55","slug":"champu-clarify-k-ready-128-floz","status":"publish","type":"product","link":"https:\/\/wholesale.kachita.com\/es\/comprar\/champu-clarify-k-ready-128-floz\/","title":{"rendered":"Champu Clarify K-Ready 128 fl oz"},"content":{"rendered":"","protected":false},"excerpt":{"rendered":"<p>Nos complace presentarles nuestra nueva K-Ready. Champ\u00fa clarificante. Una f\u00f3rmula innovadora de Champ\u00fa Clarificante sin sulfatos, sin sodio ni parabenos Creamos este producto con el objetivo de brindarle la mejor f\u00f3rmula para preparar su cabello para tratamientos de keratina y tratamientos de coloraci\u00f3n. Nuestra formula elimina dep\u00f3sitos de agua dura, cloro y residuos de peinado. Rejuvenece y revitaliza su cabello. Evita el crecimiento bacteriano en su cuero cabelludo y restablezca la humedad natural del cabello.<\/p>\n<p>Caracter\u00edsticas:<\/p>\n<p>Prepara su cabello para el tratamiento de Keratina<br \/>\nElimina todos los residuos de su cuero cabelludo<br \/>\nRestablecer la humedad natural del cabello<br \/>\nLo m\u00e1s novedoso en limpieza profunda del cabello<\/p>\n","protected":false},"featured_media":28083,"template":"","meta":[],"product_cat":[112],"product_tag":[],"class_list":{"0":"post-8280","1":"product","2":"type-product","3":"status-publish","4":"has-post-thumbnail","6":"product_cat-champu-acondicionador","8":"first","9":"instock","10":"sale","11":"taxable","12":"shipping-taxable","13":"purchasable","14":"product-type-simple"},"yoast_head":"<!-- This site is optimized with the Yoast SEO plugin v23.0 - https:\/\/yoast.com\/wordpress\/plugins\/seo\/ -->\n<title>Champu Clarify K-Ready 128 fl oz - Kachita Spell Beauty Supply Wholesale<\/title>\n<meta name=\"robots\" content=\"noindex, follow, max-snippet:-1, max-image-preview:large, max-video-preview:-1\" \/>\n<meta property=\"og:locale\" content=\"es_ES\" \/>\n<meta property=\"og:type\" content=\"article\" \/>\n<meta property=\"og:title\" content=\"Champu Clarify K-Ready 128 fl oz - Kachita Spell Beauty Supply Wholesale\" \/>\n<meta property=\"og:description\" content=\"Nos complace presentarles nuestra nueva K-Ready. Champ\u00fa clarificante. Una f\u00f3rmula innovadora de Champ\u00fa Clarificante sin sulfatos, sin sodio ni parabenos Creamos este producto con el objetivo de brindarle la mejor f\u00f3rmula para preparar su cabello para tratamientos de keratina y tratamientos de coloraci\u00f3n. Nuestra formula elimina dep\u00f3sitos de agua dura, cloro y residuos de peinado. Rejuvenece y revitaliza su cabello. Evita el crecimiento bacteriano en su cuero cabelludo y restablezca la humedad natural del cabello.  Caracter\u00edsticas:  Prepara su cabello para el tratamiento de Keratina Elimina todos los residuos de su cuero cabelludo Restablecer la humedad natural del cabello Lo m\u00e1s novedoso en limpieza profunda del cabello\" \/>\n<meta property=\"og:url\" content=\"https:\/\/wholesale.kachita.com\/es\/comprar\/champu-clarify-k-ready-128-floz\/\" \/>\n<meta property=\"og:site_name\" content=\"Kachita Spell Beauty Supply Wholesale\" \/>\n<meta property=\"article:publisher\" content=\"https:\/\/www.facebook.com\/KachitaSpell\/\" \/>\n<meta property=\"article:modified_time\" content=\"2021-02-10T22:11:55+00:00\" \/>\n<meta property=\"og:image\" content=\"https:\/\/wholesale.kachita.com\/wp-content\/uploads\/2021\/02\/clarfgal.jpg\" \/>\n\t<meta property=\"og:image:width\" content=\"1200\" \/>\n\t<meta property=\"og:image:height\" content=\"1200\" \/>\n\t<meta property=\"og:image:type\" content=\"image\/jpeg\" \/>\n<meta name=\"twitter:card\" content=\"summary_large_image\" \/>\n<meta name=\"twitter:site\" content=\"@KachitaSpell\" \/>\n<script type=\"application\/ld+json\" class=\"yoast-schema-graph\">{\"@context\":\"https:\/\/schema.org\",\"@graph\":[{\"@type\":\"WebPage\",\"@id\":\"https:\/\/wholesale.kachita.com\/es\/comprar\/champu-clarify-k-ready-128-floz\/\",\"url\":\"https:\/\/wholesale.kachita.com\/es\/comprar\/champu-clarify-k-ready-128-floz\/\",\"name\":\"Champu Clarify K-Ready 128 fl oz - Kachita Spell Beauty Supply Wholesale\",\"isPartOf\":{\"@id\":\"https:\/\/wholesale.kachita.com\/es\/#website\"},\"primaryImageOfPage\":{\"@id\":\"https:\/\/wholesale.kachita.com\/es\/comprar\/champu-clarify-k-ready-128-floz\/#primaryimage\"},\"image\":{\"@id\":\"https:\/\/wholesale.kachita.com\/es\/comprar\/champu-clarify-k-ready-128-floz\/#primaryimage\"},\"thumbnailUrl\":\"https:\/\/wholesale.kachita.com\/wp-content\/uploads\/2021\/02\/clarfgal.jpg\",\"datePublished\":\"2021-02-10T22:10:35+00:00\",\"dateModified\":\"2021-02-10T22:11:55+00:00\",\"breadcrumb\":{\"@id\":\"https:\/\/wholesale.kachita.com\/es\/comprar\/champu-clarify-k-ready-128-floz\/#breadcrumb\"},\"inLanguage\":\"es\",\"potentialAction\":[{\"@type\":\"ReadAction\",\"target\":[\"https:\/\/wholesale.kachita.com\/es\/comprar\/champu-clarify-k-ready-128-floz\/\"]}]},{\"@type\":\"ImageObject\",\"inLanguage\":\"es\",\"@id\":\"https:\/\/wholesale.kachita.com\/es\/comprar\/champu-clarify-k-ready-128-floz\/#primaryimage\",\"url\":\"https:\/\/wholesale.kachita.com\/wp-content\/uploads\/2021\/02\/clarfgal.jpg\",\"contentUrl\":\"https:\/\/wholesale.kachita.com\/wp-content\/uploads\/2021\/02\/clarfgal.jpg\",\"width\":1200,\"height\":1200},{\"@type\":\"BreadcrumbList\",\"@id\":\"https:\/\/wholesale.kachita.com\/es\/comprar\/champu-clarify-k-ready-128-floz\/#breadcrumb\",\"itemListElement\":[{\"@type\":\"ListItem\",\"position\":1,\"name\":\"Home\",\"item\":\"https:\/\/wholesale.kachita.com\/es\/\"},{\"@type\":\"ListItem\",\"position\":2,\"name\":\"Shop\",\"item\":\"https:\/\/wholesale.kachita.com\/shop\/\"},{\"@type\":\"ListItem\",\"position\":3,\"name\":\"Champu Clarify K-Ready 128 fl oz\"}]},{\"@type\":\"WebSite\",\"@id\":\"https:\/\/wholesale.kachita.com\/es\/#website\",\"url\":\"https:\/\/wholesale.kachita.com\/es\/\",\"name\":\"Kachita Spell\",\"description\":\"Best Market Prices\",\"publisher\":{\"@id\":\"https:\/\/wholesale.kachita.com\/es\/#organization\"},\"potentialAction\":[{\"@type\":\"SearchAction\",\"target\":{\"@type\":\"EntryPoint\",\"urlTemplate\":\"https:\/\/wholesale.kachita.com\/es\/?s={search_term_string}\"},\"query-input\":\"required name=search_term_string\"}],\"inLanguage\":\"es\"},{\"@type\":\"Organization\",\"@id\":\"https:\/\/wholesale.kachita.com\/es\/#organization\",\"name\":\"Kachita Spell\",\"url\":\"https:\/\/wholesale.kachita.com\/es\/\",\"logo\":{\"@type\":\"ImageObject\",\"inLanguage\":\"es\",\"@id\":\"https:\/\/wholesale.kachita.com\/es\/#\/schema\/logo\/image\/\",\"url\":\"https:\/\/wholesale.kachita.com\/wp-content\/uploads\/2020\/01\/logo-icon.png\",\"contentUrl\":\"https:\/\/wholesale.kachita.com\/wp-content\/uploads\/2020\/01\/logo-icon.png\",\"width\":512,\"height\":512,\"caption\":\"Kachita Spell\"},\"image\":{\"@id\":\"https:\/\/wholesale.kachita.com\/es\/#\/schema\/logo\/image\/\"},\"sameAs\":[\"https:\/\/www.facebook.com\/KachitaSpell\/\",\"https:\/\/x.com\/KachitaSpell\",\"https:\/\/www.instagram.com\/kachitaspell\/\"]}]}<\/script>\n<!-- \/ Yoast SEO plugin. -->","yoast_head_json":{"title":"Champu Clarify K-Ready 128 fl oz - Kachita Spell Beauty Supply Wholesale","robots":{"index":"noindex","follow":"follow","max-snippet":"max-snippet:-1","max-image-preview":"max-image-preview:large","max-video-preview":"max-video-preview:-1"},"og_locale":"es_ES","og_type":"article","og_title":"Champu Clarify K-Ready 128 fl oz - Kachita Spell Beauty Supply Wholesale","og_description":"Nos complace presentarles nuestra nueva K-Ready. Champ\u00fa clarificante. Una f\u00f3rmula innovadora de Champ\u00fa Clarificante sin sulfatos, sin sodio ni parabenos Creamos este producto con el objetivo de brindarle la mejor f\u00f3rmula para preparar su cabello para tratamientos de keratina y tratamientos de coloraci\u00f3n. Nuestra formula elimina dep\u00f3sitos de agua dura, cloro y residuos de peinado. Rejuvenece y revitaliza su cabello. Evita el crecimiento bacteriano en su cuero cabelludo y restablezca la humedad natural del cabello.  Caracter\u00edsticas:  Prepara su cabello para el tratamiento de Keratina Elimina todos los residuos de su cuero cabelludo Restablecer la humedad natural del cabello Lo m\u00e1s novedoso en limpieza profunda del cabello","og_url":"https:\/\/wholesale.kachita.com\/es\/comprar\/champu-clarify-k-ready-128-floz\/","og_site_name":"Kachita Spell Beauty Supply Wholesale","article_publisher":"https:\/\/www.facebook.com\/KachitaSpell\/","article_modified_time":"2021-02-10T22:11:55+00:00","og_image":[{"width":1200,"height":1200,"url":"https:\/\/wholesale.kachita.com\/wp-content\/uploads\/2021\/02\/clarfgal.jpg","type":"image\/jpeg"}],"twitter_card":"summary_large_image","twitter_site":"@KachitaSpell","schema":{"@context":"https:\/\/schema.org","@graph":[{"@type":"WebPage","@id":"https:\/\/wholesale.kachita.com\/es\/comprar\/champu-clarify-k-ready-128-floz\/","url":"https:\/\/wholesale.kachita.com\/es\/comprar\/champu-clarify-k-ready-128-floz\/","name":"Champu Clarify K-Ready 128 fl oz - Kachita Spell Beauty Supply Wholesale","isPartOf":{"@id":"https:\/\/wholesale.kachita.com\/es\/#website"},"primaryImageOfPage":{"@id":"https:\/\/wholesale.kachita.com\/es\/comprar\/champu-clarify-k-ready-128-floz\/#primaryimage"},"image":{"@id":"https:\/\/wholesale.kachita.com\/es\/comprar\/champu-clarify-k-ready-128-floz\/#primaryimage"},"thumbnailUrl":"https:\/\/wholesale.kachita.com\/wp-content\/uploads\/2021\/02\/clarfgal.jpg","datePublished":"2021-02-10T22:10:35+00:00","dateModified":"2021-02-10T22:11:55+00:00","breadcrumb":{"@id":"https:\/\/wholesale.kachita.com\/es\/comprar\/champu-clarify-k-ready-128-floz\/#breadcrumb"},"inLanguage":"es","potentialAction":[{"@type":"ReadAction","target":["https:\/\/wholesale.kachita.com\/es\/comprar\/champu-clarify-k-ready-128-floz\/"]}]},{"@type":"ImageObject","inLanguage":"es","@id":"https:\/\/wholesale.kachita.com\/es\/comprar\/champu-clarify-k-ready-128-floz\/#primaryimage","url":"https:\/\/wholesale.kachita.com\/wp-content\/uploads\/2021\/02\/clarfgal.jpg","contentUrl":"https:\/\/wholesale.kachita.com\/wp-content\/uploads\/2021\/02\/clarfgal.jpg","width":1200,"height":1200},{"@type":"BreadcrumbList","@id":"https:\/\/wholesale.kachita.com\/es\/comprar\/champu-clarify-k-ready-128-floz\/#breadcrumb","itemListElement":[{"@type":"ListItem","position":1,"name":"Home","item":"https:\/\/wholesale.kachita.com\/es\/"},{"@type":"ListItem","position":2,"name":"Shop","item":"https:\/\/wholesale.kachita.com\/shop\/"},{"@type":"ListItem","position":3,"name":"Champu Clarify K-Ready 128 fl oz"}]},{"@type":"WebSite","@id":"https:\/\/wholesale.kachita.com\/es\/#website","url":"https:\/\/wholesale.kachita.com\/es\/","name":"Kachita Spell","description":"Best Market Prices","publisher":{"@id":"https:\/\/wholesale.kachita.com\/es\/#organization"},"potentialAction":[{"@type":"SearchAction","target":{"@type":"EntryPoint","urlTemplate":"https:\/\/wholesale.kachita.com\/es\/?s={search_term_string}"},"query-input":"required name=search_term_string"}],"inLanguage":"es"},{"@type":"Organization","@id":"https:\/\/wholesale.kachita.com\/es\/#organization","name":"Kachita Spell","url":"https:\/\/wholesale.kachita.com\/es\/","logo":{"@type":"ImageObject","inLanguage":"es","@id":"https:\/\/wholesale.kachita.com\/es\/#\/schema\/logo\/image\/","url":"https:\/\/wholesale.kachita.com\/wp-content\/uploads\/2020\/01\/logo-icon.png","contentUrl":"https:\/\/wholesale.kachita.com\/wp-content\/uploads\/2020\/01\/logo-icon.png","width":512,"height":512,"caption":"Kachita Spell"},"image":{"@id":"https:\/\/wholesale.kachita.com\/es\/#\/schema\/logo\/image\/"},"sameAs":["https:\/\/www.facebook.com\/KachitaSpell\/","https:\/\/x.com\/KachitaSpell","https:\/\/www.instagram.com\/kachitaspell\/"]}]}},"_links":{"self":[{"href":"https:\/\/wholesale.kachita.com\/es\/wp-json\/wp\/v2\/product\/8280","targetHints":{"allow":["GET"]}}],"collection":[{"href":"https:\/\/wholesale.kachita.com\/es\/wp-json\/wp\/v2\/product"}],"about":[{"href":"https:\/\/wholesale.kachita.com\/es\/wp-json\/wp\/v2\/types\/product"}],"wp:featuredmedia":[{"embeddable":true,"href":"https:\/\/wholesale.kachita.com\/es\/wp-json\/wp\/v2\/media\/28083"}],"wp:attachment":[{"href":"https:\/\/wholesale.kachita.com\/es\/wp-json\/wp\/v2\/media?parent=8280"}],"wp:term":[{"taxonomy":"product_cat","embeddable":true,"href":"https:\/\/wholesale.kachita.com\/es\/wp-json\/wp\/v2\/product_cat?post=8280"},{"taxonomy":"product_tag","embeddable":true,"href":"https:\/\/wholesale.kachita.com\/es\/wp-json\/wp\/v2\/product_tag?post=8280"}],"curies":[{"name":"wp","href":"https:\/\/api.w.org\/{rel}","templated":true}]}}