{"id":7793,"date":"2021-02-03T13:51:32","date_gmt":"2021-02-03T18:51:32","guid":{"rendered":"https:\/\/wholesale.kachita.com\/shop\/kachita-spell-kareplex-bond-no2-bond-hair-nutrition-enriched-with-argan-oil-perfector-500ml\/"},"modified":"2021-08-24T16:03:03","modified_gmt":"2021-08-24T21:03:03","slug":"kachita-spell-kareplex-bond-no2-bond-hair-nutrition-enriched-with-argan-oil-perfector-500ml","status":"publish","type":"product","link":"https:\/\/wholesale.kachita.com\/es\/comprar\/kachita-spell-kareplex-bond-no2-bond-hair-nutrition-enriched-with-argan-oil-perfector-500ml\/","title":{"rendered":"Kachita Spell KarePLEX Bond No2 Bond Hair Nutrition Enriched with Argan Oil Perfector 500ml"},"content":{"rendered":"","protected":false},"excerpt":{"rendered":"<p>Ideal para el cabello inmanejable y evitar enredos. Muy r\u00e1pido y f\u00e1cil para aplicar despues de servicios qu\u00edmicos, decoloraciones o mientras realizas un cambio dr\u00e1stico de color.<br \/>\nConstruye y repara las uniones en el cabello da\u00f1ado para restaurar la integridad del cabello de tu cliente.<br \/>\nReduce la porosidad del cabello de tu cliente para hacer que su color dure m\u00e1s tiempo y evitar la decoloraci\u00f3n.<br \/>\nAumenta la elasticidad del cabello de tu cliente y restaura el cabello del cliente a su estado natural.<br \/>\nProducto original de Kachita Spell<\/p>\n","protected":false},"featured_media":11425,"template":"","meta":[],"product_cat":[81],"product_tag":[],"class_list":{"0":"post-7793","1":"product","2":"type-product","3":"status-publish","4":"has-post-thumbnail","6":"product_cat-keratin-treatment","8":"first","9":"instock","10":"sale","11":"taxable","12":"shipping-taxable","13":"purchasable","14":"product-type-simple"},"yoast_head":"<!-- This site is optimized with the Yoast SEO plugin v23.0 - https:\/\/yoast.com\/wordpress\/plugins\/seo\/ -->\n<title>Kachita Spell KarePLEX Bond No2 Bond Hair Nutrition Enriched with Argan Oil Perfector 500ml - Kachita Spell Beauty Supply Wholesale<\/title>\n<meta name=\"robots\" content=\"noindex, follow, max-snippet:-1, max-image-preview:large, max-video-preview:-1\" \/>\n<meta property=\"og:locale\" content=\"es_ES\" \/>\n<meta property=\"og:type\" content=\"article\" \/>\n<meta property=\"og:title\" content=\"Kachita Spell KarePLEX Bond No2 Bond Hair Nutrition Enriched with Argan Oil Perfector 500ml - Kachita Spell Beauty Supply Wholesale\" \/>\n<meta property=\"og:description\" content=\"Ideal para el cabello inmanejable y evitar enredos. Muy r\u00e1pido y f\u00e1cil para aplicar despues de servicios qu\u00edmicos, decoloraciones o mientras realizas un cambio dr\u00e1stico de color. Construye y repara las uniones en el cabello da\u00f1ado para restaurar la integridad del cabello de tu cliente. Reduce la porosidad del cabello de tu cliente para hacer que su color dure m\u00e1s tiempo y evitar la decoloraci\u00f3n. Aumenta la elasticidad del cabello de tu cliente y restaura el cabello del cliente a su estado natural. Producto original de Kachita Spell\" \/>\n<meta property=\"og:url\" content=\"https:\/\/wholesale.kachita.com\/es\/comprar\/kachita-spell-kareplex-bond-no2-bond-hair-nutrition-enriched-with-argan-oil-perfector-500ml\/\" \/>\n<meta property=\"og:site_name\" content=\"Kachita Spell Beauty Supply Wholesale\" \/>\n<meta property=\"article:publisher\" content=\"https:\/\/www.facebook.com\/KachitaSpell\/\" \/>\n<meta property=\"article:modified_time\" content=\"2021-08-24T21:03:03+00:00\" \/>\n<meta property=\"og:image\" content=\"https:\/\/wholesale.kachita.com\/wp-content\/uploads\/2021\/02\/kareplex-bond-no2-bond-enhancer-supplying-the-hair-nutrition-perfector-500ml.jpg\" \/>\n\t<meta property=\"og:image:width\" content=\"1500\" \/>\n\t<meta property=\"og:image:height\" content=\"1500\" \/>\n\t<meta property=\"og:image:type\" content=\"image\/jpeg\" \/>\n<meta name=\"twitter:card\" content=\"summary_large_image\" \/>\n<meta name=\"twitter:site\" content=\"@KachitaSpell\" \/>\n<script type=\"application\/ld+json\" class=\"yoast-schema-graph\">{\"@context\":\"https:\/\/schema.org\",\"@graph\":[{\"@type\":\"WebPage\",\"@id\":\"https:\/\/wholesale.kachita.com\/es\/comprar\/kachita-spell-kareplex-bond-no2-bond-hair-nutrition-enriched-with-argan-oil-perfector-500ml\/\",\"url\":\"https:\/\/wholesale.kachita.com\/es\/comprar\/kachita-spell-kareplex-bond-no2-bond-hair-nutrition-enriched-with-argan-oil-perfector-500ml\/\",\"name\":\"Kachita Spell KarePLEX Bond No2 Bond Hair Nutrition Enriched with Argan Oil Perfector 500ml - Kachita Spell Beauty Supply Wholesale\",\"isPartOf\":{\"@id\":\"https:\/\/wholesale.kachita.com\/es\/#website\"},\"primaryImageOfPage\":{\"@id\":\"https:\/\/wholesale.kachita.com\/es\/comprar\/kachita-spell-kareplex-bond-no2-bond-hair-nutrition-enriched-with-argan-oil-perfector-500ml\/#primaryimage\"},\"image\":{\"@id\":\"https:\/\/wholesale.kachita.com\/es\/comprar\/kachita-spell-kareplex-bond-no2-bond-hair-nutrition-enriched-with-argan-oil-perfector-500ml\/#primaryimage\"},\"thumbnailUrl\":\"https:\/\/wholesale.kachita.com\/wp-content\/uploads\/2021\/02\/kareplex-bond-no2-bond-enhancer-supplying-the-hair-nutrition-perfector-500ml.jpg\",\"datePublished\":\"2021-02-03T18:51:32+00:00\",\"dateModified\":\"2021-08-24T21:03:03+00:00\",\"breadcrumb\":{\"@id\":\"https:\/\/wholesale.kachita.com\/es\/comprar\/kachita-spell-kareplex-bond-no2-bond-hair-nutrition-enriched-with-argan-oil-perfector-500ml\/#breadcrumb\"},\"inLanguage\":\"es\",\"potentialAction\":[{\"@type\":\"ReadAction\",\"target\":[\"https:\/\/wholesale.kachita.com\/es\/comprar\/kachita-spell-kareplex-bond-no2-bond-hair-nutrition-enriched-with-argan-oil-perfector-500ml\/\"]}]},{\"@type\":\"ImageObject\",\"inLanguage\":\"es\",\"@id\":\"https:\/\/wholesale.kachita.com\/es\/comprar\/kachita-spell-kareplex-bond-no2-bond-hair-nutrition-enriched-with-argan-oil-perfector-500ml\/#primaryimage\",\"url\":\"https:\/\/wholesale.kachita.com\/wp-content\/uploads\/2021\/02\/kareplex-bond-no2-bond-enhancer-supplying-the-hair-nutrition-perfector-500ml.jpg\",\"contentUrl\":\"https:\/\/wholesale.kachita.com\/wp-content\/uploads\/2021\/02\/kareplex-bond-no2-bond-enhancer-supplying-the-hair-nutrition-perfector-500ml.jpg\",\"width\":1500,\"height\":1500,\"caption\":\"Kachita Spell KarePLEX Bond No2 Bond Enhancer Supplying the Hair Nutrition Enriched with Argan Oil Perfector 500 ml\"},{\"@type\":\"BreadcrumbList\",\"@id\":\"https:\/\/wholesale.kachita.com\/es\/comprar\/kachita-spell-kareplex-bond-no2-bond-hair-nutrition-enriched-with-argan-oil-perfector-500ml\/#breadcrumb\",\"itemListElement\":[{\"@type\":\"ListItem\",\"position\":1,\"name\":\"Home\",\"item\":\"https:\/\/wholesale.kachita.com\/es\/\"},{\"@type\":\"ListItem\",\"position\":2,\"name\":\"Shop\",\"item\":\"https:\/\/wholesale.kachita.com\/shop\/\"},{\"@type\":\"ListItem\",\"position\":3,\"name\":\"Kachita Spell KarePLEX Bond No2 Bond Hair Nutrition Enriched with Argan Oil Perfector 500ml\"}]},{\"@type\":\"WebSite\",\"@id\":\"https:\/\/wholesale.kachita.com\/es\/#website\",\"url\":\"https:\/\/wholesale.kachita.com\/es\/\",\"name\":\"Kachita Spell\",\"description\":\"Best Market Prices\",\"publisher\":{\"@id\":\"https:\/\/wholesale.kachita.com\/es\/#organization\"},\"potentialAction\":[{\"@type\":\"SearchAction\",\"target\":{\"@type\":\"EntryPoint\",\"urlTemplate\":\"https:\/\/wholesale.kachita.com\/es\/?s={search_term_string}\"},\"query-input\":\"required name=search_term_string\"}],\"inLanguage\":\"es\"},{\"@type\":\"Organization\",\"@id\":\"https:\/\/wholesale.kachita.com\/es\/#organization\",\"name\":\"Kachita Spell\",\"url\":\"https:\/\/wholesale.kachita.com\/es\/\",\"logo\":{\"@type\":\"ImageObject\",\"inLanguage\":\"es\",\"@id\":\"https:\/\/wholesale.kachita.com\/es\/#\/schema\/logo\/image\/\",\"url\":\"https:\/\/wholesale.kachita.com\/wp-content\/uploads\/2020\/01\/logo-icon.png\",\"contentUrl\":\"https:\/\/wholesale.kachita.com\/wp-content\/uploads\/2020\/01\/logo-icon.png\",\"width\":512,\"height\":512,\"caption\":\"Kachita Spell\"},\"image\":{\"@id\":\"https:\/\/wholesale.kachita.com\/es\/#\/schema\/logo\/image\/\"},\"sameAs\":[\"https:\/\/www.facebook.com\/KachitaSpell\/\",\"https:\/\/x.com\/KachitaSpell\",\"https:\/\/www.instagram.com\/kachitaspell\/\"]}]}<\/script>\n<!-- \/ Yoast SEO plugin. -->","yoast_head_json":{"title":"Kachita Spell KarePLEX Bond No2 Bond Hair Nutrition Enriched with Argan Oil Perfector 500ml - Kachita Spell Beauty Supply Wholesale","robots":{"index":"noindex","follow":"follow","max-snippet":"max-snippet:-1","max-image-preview":"max-image-preview:large","max-video-preview":"max-video-preview:-1"},"og_locale":"es_ES","og_type":"article","og_title":"Kachita Spell KarePLEX Bond No2 Bond Hair Nutrition Enriched with Argan Oil Perfector 500ml - Kachita Spell Beauty Supply Wholesale","og_description":"Ideal para el cabello inmanejable y evitar enredos. Muy r\u00e1pido y f\u00e1cil para aplicar despues de servicios qu\u00edmicos, decoloraciones o mientras realizas un cambio dr\u00e1stico de color. Construye y repara las uniones en el cabello da\u00f1ado para restaurar la integridad del cabello de tu cliente. Reduce la porosidad del cabello de tu cliente para hacer que su color dure m\u00e1s tiempo y evitar la decoloraci\u00f3n. Aumenta la elasticidad del cabello de tu cliente y restaura el cabello del cliente a su estado natural. Producto original de Kachita Spell","og_url":"https:\/\/wholesale.kachita.com\/es\/comprar\/kachita-spell-kareplex-bond-no2-bond-hair-nutrition-enriched-with-argan-oil-perfector-500ml\/","og_site_name":"Kachita Spell Beauty Supply Wholesale","article_publisher":"https:\/\/www.facebook.com\/KachitaSpell\/","article_modified_time":"2021-08-24T21:03:03+00:00","og_image":[{"width":1500,"height":1500,"url":"https:\/\/wholesale.kachita.com\/wp-content\/uploads\/2021\/02\/kareplex-bond-no2-bond-enhancer-supplying-the-hair-nutrition-perfector-500ml.jpg","type":"image\/jpeg"}],"twitter_card":"summary_large_image","twitter_site":"@KachitaSpell","schema":{"@context":"https:\/\/schema.org","@graph":[{"@type":"WebPage","@id":"https:\/\/wholesale.kachita.com\/es\/comprar\/kachita-spell-kareplex-bond-no2-bond-hair-nutrition-enriched-with-argan-oil-perfector-500ml\/","url":"https:\/\/wholesale.kachita.com\/es\/comprar\/kachita-spell-kareplex-bond-no2-bond-hair-nutrition-enriched-with-argan-oil-perfector-500ml\/","name":"Kachita Spell KarePLEX Bond No2 Bond Hair Nutrition Enriched with Argan Oil Perfector 500ml - Kachita Spell Beauty Supply Wholesale","isPartOf":{"@id":"https:\/\/wholesale.kachita.com\/es\/#website"},"primaryImageOfPage":{"@id":"https:\/\/wholesale.kachita.com\/es\/comprar\/kachita-spell-kareplex-bond-no2-bond-hair-nutrition-enriched-with-argan-oil-perfector-500ml\/#primaryimage"},"image":{"@id":"https:\/\/wholesale.kachita.com\/es\/comprar\/kachita-spell-kareplex-bond-no2-bond-hair-nutrition-enriched-with-argan-oil-perfector-500ml\/#primaryimage"},"thumbnailUrl":"https:\/\/wholesale.kachita.com\/wp-content\/uploads\/2021\/02\/kareplex-bond-no2-bond-enhancer-supplying-the-hair-nutrition-perfector-500ml.jpg","datePublished":"2021-02-03T18:51:32+00:00","dateModified":"2021-08-24T21:03:03+00:00","breadcrumb":{"@id":"https:\/\/wholesale.kachita.com\/es\/comprar\/kachita-spell-kareplex-bond-no2-bond-hair-nutrition-enriched-with-argan-oil-perfector-500ml\/#breadcrumb"},"inLanguage":"es","potentialAction":[{"@type":"ReadAction","target":["https:\/\/wholesale.kachita.com\/es\/comprar\/kachita-spell-kareplex-bond-no2-bond-hair-nutrition-enriched-with-argan-oil-perfector-500ml\/"]}]},{"@type":"ImageObject","inLanguage":"es","@id":"https:\/\/wholesale.kachita.com\/es\/comprar\/kachita-spell-kareplex-bond-no2-bond-hair-nutrition-enriched-with-argan-oil-perfector-500ml\/#primaryimage","url":"https:\/\/wholesale.kachita.com\/wp-content\/uploads\/2021\/02\/kareplex-bond-no2-bond-enhancer-supplying-the-hair-nutrition-perfector-500ml.jpg","contentUrl":"https:\/\/wholesale.kachita.com\/wp-content\/uploads\/2021\/02\/kareplex-bond-no2-bond-enhancer-supplying-the-hair-nutrition-perfector-500ml.jpg","width":1500,"height":1500,"caption":"Kachita Spell KarePLEX Bond No2 Bond Enhancer Supplying the Hair Nutrition Enriched with Argan Oil Perfector 500 ml"},{"@type":"BreadcrumbList","@id":"https:\/\/wholesale.kachita.com\/es\/comprar\/kachita-spell-kareplex-bond-no2-bond-hair-nutrition-enriched-with-argan-oil-perfector-500ml\/#breadcrumb","itemListElement":[{"@type":"ListItem","position":1,"name":"Home","item":"https:\/\/wholesale.kachita.com\/es\/"},{"@type":"ListItem","position":2,"name":"Shop","item":"https:\/\/wholesale.kachita.com\/shop\/"},{"@type":"ListItem","position":3,"name":"Kachita Spell KarePLEX Bond No2 Bond Hair Nutrition Enriched with Argan Oil Perfector 500ml"}]},{"@type":"WebSite","@id":"https:\/\/wholesale.kachita.com\/es\/#website","url":"https:\/\/wholesale.kachita.com\/es\/","name":"Kachita Spell","description":"Best Market Prices","publisher":{"@id":"https:\/\/wholesale.kachita.com\/es\/#organization"},"potentialAction":[{"@type":"SearchAction","target":{"@type":"EntryPoint","urlTemplate":"https:\/\/wholesale.kachita.com\/es\/?s={search_term_string}"},"query-input":"required name=search_term_string"}],"inLanguage":"es"},{"@type":"Organization","@id":"https:\/\/wholesale.kachita.com\/es\/#organization","name":"Kachita Spell","url":"https:\/\/wholesale.kachita.com\/es\/","logo":{"@type":"ImageObject","inLanguage":"es","@id":"https:\/\/wholesale.kachita.com\/es\/#\/schema\/logo\/image\/","url":"https:\/\/wholesale.kachita.com\/wp-content\/uploads\/2020\/01\/logo-icon.png","contentUrl":"https:\/\/wholesale.kachita.com\/wp-content\/uploads\/2020\/01\/logo-icon.png","width":512,"height":512,"caption":"Kachita Spell"},"image":{"@id":"https:\/\/wholesale.kachita.com\/es\/#\/schema\/logo\/image\/"},"sameAs":["https:\/\/www.facebook.com\/KachitaSpell\/","https:\/\/x.com\/KachitaSpell","https:\/\/www.instagram.com\/kachitaspell\/"]}]}},"_links":{"self":[{"href":"https:\/\/wholesale.kachita.com\/es\/wp-json\/wp\/v2\/product\/7793","targetHints":{"allow":["GET"]}}],"collection":[{"href":"https:\/\/wholesale.kachita.com\/es\/wp-json\/wp\/v2\/product"}],"about":[{"href":"https:\/\/wholesale.kachita.com\/es\/wp-json\/wp\/v2\/types\/product"}],"wp:featuredmedia":[{"embeddable":true,"href":"https:\/\/wholesale.kachita.com\/es\/wp-json\/wp\/v2\/media\/11425"}],"wp:attachment":[{"href":"https:\/\/wholesale.kachita.com\/es\/wp-json\/wp\/v2\/media?parent=7793"}],"wp:term":[{"taxonomy":"product_cat","embeddable":true,"href":"https:\/\/wholesale.kachita.com\/es\/wp-json\/wp\/v2\/product_cat?post=7793"},{"taxonomy":"product_tag","embeddable":true,"href":"https:\/\/wholesale.kachita.com\/es\/wp-json\/wp\/v2\/product_tag?post=7793"}],"curies":[{"name":"wp","href":"https:\/\/api.w.org\/{rel}","templated":true}]}}