{"id":6121,"date":"2020-11-26T13:32:04","date_gmt":"2020-11-26T18:32:04","guid":{"rendered":"https:\/\/wholesale.kachita.com\/?post_type=product&#038;p=6121"},"modified":"2021-05-24T18:03:55","modified_gmt":"2021-05-24T23:03:55","slug":"leave-in-crema","status":"publish","type":"product","link":"https:\/\/wholesale.kachita.com\/es\/comprar\/leave-in-crema\/","title":{"rendered":"Leave-In Keratina Hidrolizada + Proteina de Colageno 16 fl oz"},"content":{"rendered":"<p>Kachita Spell Leave-In proporciona hidrataci\u00f3n y protecci\u00f3n al cabello frente a agentes externos (temperatura, contaminaci\u00f3n, sol, entre otros). Hidrata en profundidad y da brillo al cabello.<\/p>\n<p>El acondicionador Kachita Spell Leave-In en crema es multitarea que se deja en el cabello con protecci\u00f3n t\u00e9rmica para reducir el frizz y el cabello sin frizz para un cabello perfectamente suave y sedoso. Acondiciona, desenreda y deja el cabello suave, brillante y manejable, mientras controla el frizz del cabello  y nutre las puntas secas.<\/p>\n<p>Aplicar peque\u00f1as cantidades en cabello natural. No enjuague. Secar como de costumbre.<\/p>\n","protected":false},"excerpt":{"rendered":"<p>\u00bfPor qu\u00e9 utilizar nuestro Leave-In de Kachita Spell?<\/p>\n<p>El Leave-In de Kachita Spell proporciona hidrataci\u00f3n y protecci\u00f3n al cabello frente a agentes externos (temperatura, contaminaci\u00f3n, sol, entre otros). Hidrata en profundidad y da brillo al cabello.<\/p>\n<p>Fortalece la estructura del cabello. Protege el cabello contra los da\u00f1os causados \u200b\u200bpor el peinado con calor. Tambi\u00e9n lo protege de elementos nocivos como la luz solar, el cloro t\u00e9rmico y el agua salada.<\/p>\n<p>El Leave-In de Kachita Spell sin necesidad de enjuage Contiene aceite de kernel, aceite de germen, aceite de semilla, keratina hidrolizada, proteina de col\u00e1geno y rico en amino\u00e1cidos le dara una hidrataci\u00f3n duradera y un control del frizz. El cabello se vera m\u00e1s fuerte, los rizos m\u00e1s definidos, o el alisado mas profundo, logrando un cabello m\u00e1s brillantes y suave.<\/p>\n<p>El Leave-In de Kachita Spell da brillo y vida al cabello da\u00f1ado, tratado, poroso o seco. Aplique el Leave-In de Kachita Spell despu\u00e9s del champ\u00fa en el cabello natural no da\u00f1ado. Aplicar peque\u00f1as cantidades en el cabello. No enjuague. Secar como de costumbre.<\/p>\n<p>Sello de garant\u00eda original de Kachita Spell, calidad m\u00e1xima, fabricado en USA.<\/p>\n","protected":false},"featured_media":28047,"template":"","meta":[],"product_cat":[81],"product_tag":[],"class_list":{"0":"post-6121","1":"product","2":"type-product","3":"status-publish","4":"has-post-thumbnail","6":"product_cat-keratin-treatment","7":"product_shipping_class-free-shipping-es","9":"first","10":"instock","11":"sale","12":"taxable","13":"shipping-taxable","14":"purchasable","15":"product-type-simple"},"yoast_head":"<!-- This site is optimized with the Yoast SEO plugin v23.0 - https:\/\/yoast.com\/wordpress\/plugins\/seo\/ -->\n<title>Leave-In Keratina Hidrolizada + Proteina de Colageno 16 fl oz - Kachita Spell Beauty Supply Wholesale<\/title>\n<meta name=\"robots\" content=\"noindex, follow, max-snippet:-1, max-image-preview:large, max-video-preview:-1\" \/>\n<meta property=\"og:locale\" content=\"es_ES\" \/>\n<meta property=\"og:type\" content=\"article\" \/>\n<meta property=\"og:title\" content=\"Leave-In Keratina Hidrolizada + Proteina de Colageno 16 fl oz - Kachita Spell Beauty Supply Wholesale\" \/>\n<meta property=\"og:description\" content=\"\u00bfPor qu\u00e9 utilizar nuestro Leave-In de Kachita Spell?  El Leave-In de Kachita Spell proporciona hidrataci\u00f3n y protecci\u00f3n al cabello frente a agentes externos (temperatura, contaminaci\u00f3n, sol, entre otros). Hidrata en profundidad y da brillo al cabello.  Fortalece la estructura del cabello. Protege el cabello contra los da\u00f1os causados \u200b\u200bpor el peinado con calor. Tambi\u00e9n lo protege de elementos nocivos como la luz solar, el cloro t\u00e9rmico y el agua salada.  El Leave-In de Kachita Spell sin necesidad de enjuage Contiene aceite de kernel, aceite de germen, aceite de semilla, keratina hidrolizada, proteina de col\u00e1geno y rico en amino\u00e1cidos le dara una hidrataci\u00f3n duradera y un control del frizz. El cabello se vera m\u00e1s fuerte, los rizos m\u00e1s definidos, o el alisado mas profundo, logrando un cabello m\u00e1s brillantes y suave.   El Leave-In de Kachita Spell da brillo y vida al cabello da\u00f1ado, tratado, poroso o seco. Aplique el Leave-In de Kachita Spell despu\u00e9s del champ\u00fa en el cabello natural no da\u00f1ado. Aplicar peque\u00f1as cantidades en el cabello. No enjuague. Secar como de costumbre.  Sello de garant\u00eda original de Kachita Spell, calidad m\u00e1xima, fabricado en USA.\" \/>\n<meta property=\"og:url\" content=\"https:\/\/wholesale.kachita.com\/es\/comprar\/leave-in-crema\/\" \/>\n<meta property=\"og:site_name\" content=\"Kachita Spell Beauty Supply Wholesale\" \/>\n<meta property=\"article:publisher\" content=\"https:\/\/www.facebook.com\/KachitaSpell\/\" \/>\n<meta property=\"article:modified_time\" content=\"2021-05-24T23:03:55+00:00\" \/>\n<meta property=\"og:image\" content=\"https:\/\/wholesale.kachita.com\/wp-content\/uploads\/2020\/11\/True-Leave-In.jpg\" \/>\n\t<meta property=\"og:image:width\" content=\"1200\" \/>\n\t<meta property=\"og:image:height\" content=\"1200\" \/>\n\t<meta property=\"og:image:type\" content=\"image\/jpeg\" \/>\n<meta name=\"twitter:card\" content=\"summary_large_image\" \/>\n<meta name=\"twitter:site\" content=\"@KachitaSpell\" \/>\n<script type=\"application\/ld+json\" class=\"yoast-schema-graph\">{\"@context\":\"https:\/\/schema.org\",\"@graph\":[{\"@type\":\"WebPage\",\"@id\":\"https:\/\/wholesale.kachita.com\/es\/comprar\/leave-in-crema\/\",\"url\":\"https:\/\/wholesale.kachita.com\/es\/comprar\/leave-in-crema\/\",\"name\":\"Leave-In Keratina Hidrolizada + Proteina de Colageno 16 fl oz - Kachita Spell Beauty Supply Wholesale\",\"isPartOf\":{\"@id\":\"https:\/\/wholesale.kachita.com\/es\/#website\"},\"primaryImageOfPage\":{\"@id\":\"https:\/\/wholesale.kachita.com\/es\/comprar\/leave-in-crema\/#primaryimage\"},\"image\":{\"@id\":\"https:\/\/wholesale.kachita.com\/es\/comprar\/leave-in-crema\/#primaryimage\"},\"thumbnailUrl\":\"https:\/\/wholesale.kachita.com\/wp-content\/uploads\/2020\/11\/True-Leave-In.jpg\",\"datePublished\":\"2020-11-26T18:32:04+00:00\",\"dateModified\":\"2021-05-24T23:03:55+00:00\",\"breadcrumb\":{\"@id\":\"https:\/\/wholesale.kachita.com\/es\/comprar\/leave-in-crema\/#breadcrumb\"},\"inLanguage\":\"es\",\"potentialAction\":[{\"@type\":\"ReadAction\",\"target\":[\"https:\/\/wholesale.kachita.com\/es\/comprar\/leave-in-crema\/\"]}]},{\"@type\":\"ImageObject\",\"inLanguage\":\"es\",\"@id\":\"https:\/\/wholesale.kachita.com\/es\/comprar\/leave-in-crema\/#primaryimage\",\"url\":\"https:\/\/wholesale.kachita.com\/wp-content\/uploads\/2020\/11\/True-Leave-In.jpg\",\"contentUrl\":\"https:\/\/wholesale.kachita.com\/wp-content\/uploads\/2020\/11\/True-Leave-In.jpg\",\"width\":1200,\"height\":1200},{\"@type\":\"BreadcrumbList\",\"@id\":\"https:\/\/wholesale.kachita.com\/es\/comprar\/leave-in-crema\/#breadcrumb\",\"itemListElement\":[{\"@type\":\"ListItem\",\"position\":1,\"name\":\"Home\",\"item\":\"https:\/\/wholesale.kachita.com\/es\/\"},{\"@type\":\"ListItem\",\"position\":2,\"name\":\"Shop\",\"item\":\"https:\/\/wholesale.kachita.com\/shop\/\"},{\"@type\":\"ListItem\",\"position\":3,\"name\":\"Leave-In Keratina Hidrolizada + Proteina de Colageno 16 fl oz\"}]},{\"@type\":\"WebSite\",\"@id\":\"https:\/\/wholesale.kachita.com\/es\/#website\",\"url\":\"https:\/\/wholesale.kachita.com\/es\/\",\"name\":\"Kachita Spell\",\"description\":\"Best Market Prices\",\"publisher\":{\"@id\":\"https:\/\/wholesale.kachita.com\/es\/#organization\"},\"potentialAction\":[{\"@type\":\"SearchAction\",\"target\":{\"@type\":\"EntryPoint\",\"urlTemplate\":\"https:\/\/wholesale.kachita.com\/es\/?s={search_term_string}\"},\"query-input\":\"required name=search_term_string\"}],\"inLanguage\":\"es\"},{\"@type\":\"Organization\",\"@id\":\"https:\/\/wholesale.kachita.com\/es\/#organization\",\"name\":\"Kachita Spell\",\"url\":\"https:\/\/wholesale.kachita.com\/es\/\",\"logo\":{\"@type\":\"ImageObject\",\"inLanguage\":\"es\",\"@id\":\"https:\/\/wholesale.kachita.com\/es\/#\/schema\/logo\/image\/\",\"url\":\"https:\/\/wholesale.kachita.com\/wp-content\/uploads\/2020\/01\/logo-icon.png\",\"contentUrl\":\"https:\/\/wholesale.kachita.com\/wp-content\/uploads\/2020\/01\/logo-icon.png\",\"width\":512,\"height\":512,\"caption\":\"Kachita Spell\"},\"image\":{\"@id\":\"https:\/\/wholesale.kachita.com\/es\/#\/schema\/logo\/image\/\"},\"sameAs\":[\"https:\/\/www.facebook.com\/KachitaSpell\/\",\"https:\/\/x.com\/KachitaSpell\",\"https:\/\/www.instagram.com\/kachitaspell\/\"]}]}<\/script>\n<!-- \/ Yoast SEO plugin. -->","yoast_head_json":{"title":"Leave-In Keratina Hidrolizada + Proteina de Colageno 16 fl oz - Kachita Spell Beauty Supply Wholesale","robots":{"index":"noindex","follow":"follow","max-snippet":"max-snippet:-1","max-image-preview":"max-image-preview:large","max-video-preview":"max-video-preview:-1"},"og_locale":"es_ES","og_type":"article","og_title":"Leave-In Keratina Hidrolizada + Proteina de Colageno 16 fl oz - Kachita Spell Beauty Supply Wholesale","og_description":"\u00bfPor qu\u00e9 utilizar nuestro Leave-In de Kachita Spell?  El Leave-In de Kachita Spell proporciona hidrataci\u00f3n y protecci\u00f3n al cabello frente a agentes externos (temperatura, contaminaci\u00f3n, sol, entre otros). Hidrata en profundidad y da brillo al cabello.  Fortalece la estructura del cabello. Protege el cabello contra los da\u00f1os causados \u200b\u200bpor el peinado con calor. Tambi\u00e9n lo protege de elementos nocivos como la luz solar, el cloro t\u00e9rmico y el agua salada.  El Leave-In de Kachita Spell sin necesidad de enjuage Contiene aceite de kernel, aceite de germen, aceite de semilla, keratina hidrolizada, proteina de col\u00e1geno y rico en amino\u00e1cidos le dara una hidrataci\u00f3n duradera y un control del frizz. El cabello se vera m\u00e1s fuerte, los rizos m\u00e1s definidos, o el alisado mas profundo, logrando un cabello m\u00e1s brillantes y suave.   El Leave-In de Kachita Spell da brillo y vida al cabello da\u00f1ado, tratado, poroso o seco. Aplique el Leave-In de Kachita Spell despu\u00e9s del champ\u00fa en el cabello natural no da\u00f1ado. Aplicar peque\u00f1as cantidades en el cabello. No enjuague. Secar como de costumbre.  Sello de garant\u00eda original de Kachita Spell, calidad m\u00e1xima, fabricado en USA.","og_url":"https:\/\/wholesale.kachita.com\/es\/comprar\/leave-in-crema\/","og_site_name":"Kachita Spell Beauty Supply Wholesale","article_publisher":"https:\/\/www.facebook.com\/KachitaSpell\/","article_modified_time":"2021-05-24T23:03:55+00:00","og_image":[{"width":1200,"height":1200,"url":"https:\/\/wholesale.kachita.com\/wp-content\/uploads\/2020\/11\/True-Leave-In.jpg","type":"image\/jpeg"}],"twitter_card":"summary_large_image","twitter_site":"@KachitaSpell","schema":{"@context":"https:\/\/schema.org","@graph":[{"@type":"WebPage","@id":"https:\/\/wholesale.kachita.com\/es\/comprar\/leave-in-crema\/","url":"https:\/\/wholesale.kachita.com\/es\/comprar\/leave-in-crema\/","name":"Leave-In Keratina Hidrolizada + Proteina de Colageno 16 fl oz - Kachita Spell Beauty Supply Wholesale","isPartOf":{"@id":"https:\/\/wholesale.kachita.com\/es\/#website"},"primaryImageOfPage":{"@id":"https:\/\/wholesale.kachita.com\/es\/comprar\/leave-in-crema\/#primaryimage"},"image":{"@id":"https:\/\/wholesale.kachita.com\/es\/comprar\/leave-in-crema\/#primaryimage"},"thumbnailUrl":"https:\/\/wholesale.kachita.com\/wp-content\/uploads\/2020\/11\/True-Leave-In.jpg","datePublished":"2020-11-26T18:32:04+00:00","dateModified":"2021-05-24T23:03:55+00:00","breadcrumb":{"@id":"https:\/\/wholesale.kachita.com\/es\/comprar\/leave-in-crema\/#breadcrumb"},"inLanguage":"es","potentialAction":[{"@type":"ReadAction","target":["https:\/\/wholesale.kachita.com\/es\/comprar\/leave-in-crema\/"]}]},{"@type":"ImageObject","inLanguage":"es","@id":"https:\/\/wholesale.kachita.com\/es\/comprar\/leave-in-crema\/#primaryimage","url":"https:\/\/wholesale.kachita.com\/wp-content\/uploads\/2020\/11\/True-Leave-In.jpg","contentUrl":"https:\/\/wholesale.kachita.com\/wp-content\/uploads\/2020\/11\/True-Leave-In.jpg","width":1200,"height":1200},{"@type":"BreadcrumbList","@id":"https:\/\/wholesale.kachita.com\/es\/comprar\/leave-in-crema\/#breadcrumb","itemListElement":[{"@type":"ListItem","position":1,"name":"Home","item":"https:\/\/wholesale.kachita.com\/es\/"},{"@type":"ListItem","position":2,"name":"Shop","item":"https:\/\/wholesale.kachita.com\/shop\/"},{"@type":"ListItem","position":3,"name":"Leave-In Keratina Hidrolizada + Proteina de Colageno 16 fl oz"}]},{"@type":"WebSite","@id":"https:\/\/wholesale.kachita.com\/es\/#website","url":"https:\/\/wholesale.kachita.com\/es\/","name":"Kachita Spell","description":"Best Market Prices","publisher":{"@id":"https:\/\/wholesale.kachita.com\/es\/#organization"},"potentialAction":[{"@type":"SearchAction","target":{"@type":"EntryPoint","urlTemplate":"https:\/\/wholesale.kachita.com\/es\/?s={search_term_string}"},"query-input":"required name=search_term_string"}],"inLanguage":"es"},{"@type":"Organization","@id":"https:\/\/wholesale.kachita.com\/es\/#organization","name":"Kachita Spell","url":"https:\/\/wholesale.kachita.com\/es\/","logo":{"@type":"ImageObject","inLanguage":"es","@id":"https:\/\/wholesale.kachita.com\/es\/#\/schema\/logo\/image\/","url":"https:\/\/wholesale.kachita.com\/wp-content\/uploads\/2020\/01\/logo-icon.png","contentUrl":"https:\/\/wholesale.kachita.com\/wp-content\/uploads\/2020\/01\/logo-icon.png","width":512,"height":512,"caption":"Kachita Spell"},"image":{"@id":"https:\/\/wholesale.kachita.com\/es\/#\/schema\/logo\/image\/"},"sameAs":["https:\/\/www.facebook.com\/KachitaSpell\/","https:\/\/x.com\/KachitaSpell","https:\/\/www.instagram.com\/kachitaspell\/"]}]}},"_links":{"self":[{"href":"https:\/\/wholesale.kachita.com\/es\/wp-json\/wp\/v2\/product\/6121","targetHints":{"allow":["GET"]}}],"collection":[{"href":"https:\/\/wholesale.kachita.com\/es\/wp-json\/wp\/v2\/product"}],"about":[{"href":"https:\/\/wholesale.kachita.com\/es\/wp-json\/wp\/v2\/types\/product"}],"wp:featuredmedia":[{"embeddable":true,"href":"https:\/\/wholesale.kachita.com\/es\/wp-json\/wp\/v2\/media\/28047"}],"wp:attachment":[{"href":"https:\/\/wholesale.kachita.com\/es\/wp-json\/wp\/v2\/media?parent=6121"}],"wp:term":[{"taxonomy":"product_cat","embeddable":true,"href":"https:\/\/wholesale.kachita.com\/es\/wp-json\/wp\/v2\/product_cat?post=6121"},{"taxonomy":"product_tag","embeddable":true,"href":"https:\/\/wholesale.kachita.com\/es\/wp-json\/wp\/v2\/product_tag?post=6121"}],"curies":[{"name":"wp","href":"https:\/\/api.w.org\/{rel}","templated":true}]}}