{"id":2646,"date":"2020-04-28T01:52:17","date_gmt":"2020-04-28T06:52:17","guid":{"rendered":"https:\/\/wholesale.kachita.com\/?post_type=product&#038;p=2646"},"modified":"2021-05-26T00:53:10","modified_gmt":"2021-05-26T05:53:10","slug":"polvo-de-decoloracion-azul-kachita-spell","status":"publish","type":"product","link":"https:\/\/wholesale.kachita.com\/es\/comprar\/polvo-de-decoloracion-azul-kachita-spell\/","title":{"rendered":"Polvo de Decoloracion Azul Kachita Spell"},"content":{"rendered":"","protected":false},"excerpt":{"rendered":"<p><span class=\"tlid-translation translation\" lang=\"es\"><span class=\"\" title=\"\">Polvo de Decoloraci\u00f3n Azul 1.05Lb (475gr)<\/span><\/span><\/p>\n<p><span class=\"\" title=\"\">Para aplicaciones de cuero cabelludo dentro y fuera<\/span><br \/>\n<span title=\"\">Blanqueador ultraconcentrado sin polvo<\/span><br \/>\n<span title=\"\">Revaja de 7 a 9 tonos<\/span><br \/>\n<span title=\"\">Acci\u00f3n aclaradora m\u00e1s r\u00e1pida y m\u00e1s intensa<\/span><br \/>\n<span title=\"\">Enriquecido con aceite de arg\u00e1n <\/span><br \/>\n<span title=\"\">F\u00f3rmula rica y cremosa sin goteo para una f\u00e1cil aplicaci\u00f3n<\/span><\/p>\n","protected":false},"featured_media":28044,"template":"","meta":[],"product_cat":[131,111],"product_tag":[],"class_list":{"0":"post-2646","1":"product","2":"type-product","3":"status-publish","4":"has-post-thumbnail","6":"product_cat-decoloracion","7":"product_cat-tintes","9":"first","10":"instock","11":"sale","12":"taxable","13":"shipping-taxable","14":"purchasable","15":"product-type-simple"},"yoast_head":"<!-- This site is optimized with the Yoast SEO plugin v23.0 - https:\/\/yoast.com\/wordpress\/plugins\/seo\/ -->\n<title>Polvo de Decoloracion Azul Kachita Spell - Kachita Spell Beauty Supply Wholesale<\/title>\n<meta name=\"robots\" content=\"noindex, follow, max-snippet:-1, max-image-preview:large, max-video-preview:-1\" \/>\n<meta property=\"og:locale\" content=\"es_ES\" \/>\n<meta property=\"og:type\" content=\"article\" \/>\n<meta property=\"og:title\" content=\"Polvo de Decoloracion Azul Kachita Spell - Kachita Spell Beauty Supply Wholesale\" \/>\n<meta property=\"og:description\" content=\"Polvo de Decoloraci\u00f3n Azul 1.05Lb (475gr)  Para aplicaciones de cuero cabelludo dentro y fuera Blanqueador ultraconcentrado sin polvo Revaja de 7 a 9 tonos Acci\u00f3n aclaradora m\u00e1s r\u00e1pida y m\u00e1s intensa Enriquecido con aceite de arg\u00e1n  F\u00f3rmula rica y cremosa sin goteo para una f\u00e1cil aplicaci\u00f3n\" \/>\n<meta property=\"og:url\" content=\"https:\/\/wholesale.kachita.com\/es\/comprar\/polvo-de-decoloracion-azul-kachita-spell\/\" \/>\n<meta property=\"og:site_name\" content=\"Kachita Spell Beauty Supply Wholesale\" \/>\n<meta property=\"article:publisher\" content=\"https:\/\/www.facebook.com\/KachitaSpell\/\" \/>\n<meta property=\"article:modified_time\" content=\"2021-05-26T05:53:10+00:00\" \/>\n<meta property=\"og:image\" content=\"https:\/\/wholesale.kachita.com\/wp-content\/uploads\/2020\/04\/decomax1.jpg\" \/>\n\t<meta property=\"og:image:width\" content=\"1500\" \/>\n\t<meta property=\"og:image:height\" content=\"1500\" \/>\n\t<meta property=\"og:image:type\" content=\"image\/jpeg\" \/>\n<meta name=\"twitter:card\" content=\"summary_large_image\" \/>\n<meta name=\"twitter:site\" content=\"@KachitaSpell\" \/>\n<script type=\"application\/ld+json\" class=\"yoast-schema-graph\">{\"@context\":\"https:\/\/schema.org\",\"@graph\":[{\"@type\":\"WebPage\",\"@id\":\"https:\/\/wholesale.kachita.com\/es\/comprar\/polvo-de-decoloracion-azul-kachita-spell\/\",\"url\":\"https:\/\/wholesale.kachita.com\/es\/comprar\/polvo-de-decoloracion-azul-kachita-spell\/\",\"name\":\"Polvo de Decoloracion Azul Kachita Spell - Kachita Spell Beauty Supply Wholesale\",\"isPartOf\":{\"@id\":\"https:\/\/wholesale.kachita.com\/es\/#website\"},\"primaryImageOfPage\":{\"@id\":\"https:\/\/wholesale.kachita.com\/es\/comprar\/polvo-de-decoloracion-azul-kachita-spell\/#primaryimage\"},\"image\":{\"@id\":\"https:\/\/wholesale.kachita.com\/es\/comprar\/polvo-de-decoloracion-azul-kachita-spell\/#primaryimage\"},\"thumbnailUrl\":\"https:\/\/wholesale.kachita.com\/wp-content\/uploads\/2020\/04\/Powder-Lightener.jpg\",\"datePublished\":\"2020-04-28T06:52:17+00:00\",\"dateModified\":\"2021-05-26T05:53:10+00:00\",\"breadcrumb\":{\"@id\":\"https:\/\/wholesale.kachita.com\/es\/comprar\/polvo-de-decoloracion-azul-kachita-spell\/#breadcrumb\"},\"inLanguage\":\"es\",\"potentialAction\":[{\"@type\":\"ReadAction\",\"target\":[\"https:\/\/wholesale.kachita.com\/es\/comprar\/polvo-de-decoloracion-azul-kachita-spell\/\"]}]},{\"@type\":\"ImageObject\",\"inLanguage\":\"es\",\"@id\":\"https:\/\/wholesale.kachita.com\/es\/comprar\/polvo-de-decoloracion-azul-kachita-spell\/#primaryimage\",\"url\":\"https:\/\/wholesale.kachita.com\/wp-content\/uploads\/2020\/04\/Powder-Lightener.jpg\",\"contentUrl\":\"https:\/\/wholesale.kachita.com\/wp-content\/uploads\/2020\/04\/Powder-Lightener.jpg\",\"width\":1200,\"height\":1200},{\"@type\":\"BreadcrumbList\",\"@id\":\"https:\/\/wholesale.kachita.com\/es\/comprar\/polvo-de-decoloracion-azul-kachita-spell\/#breadcrumb\",\"itemListElement\":[{\"@type\":\"ListItem\",\"position\":1,\"name\":\"Home\",\"item\":\"https:\/\/wholesale.kachita.com\/es\/\"},{\"@type\":\"ListItem\",\"position\":2,\"name\":\"Shop\",\"item\":\"https:\/\/wholesale.kachita.com\/shop\/\"},{\"@type\":\"ListItem\",\"position\":3,\"name\":\"Polvo de Decoloracion Azul Kachita Spell\"}]},{\"@type\":\"WebSite\",\"@id\":\"https:\/\/wholesale.kachita.com\/es\/#website\",\"url\":\"https:\/\/wholesale.kachita.com\/es\/\",\"name\":\"Kachita Spell\",\"description\":\"Best Market Prices\",\"publisher\":{\"@id\":\"https:\/\/wholesale.kachita.com\/es\/#organization\"},\"potentialAction\":[{\"@type\":\"SearchAction\",\"target\":{\"@type\":\"EntryPoint\",\"urlTemplate\":\"https:\/\/wholesale.kachita.com\/es\/?s={search_term_string}\"},\"query-input\":\"required name=search_term_string\"}],\"inLanguage\":\"es\"},{\"@type\":\"Organization\",\"@id\":\"https:\/\/wholesale.kachita.com\/es\/#organization\",\"name\":\"Kachita Spell\",\"url\":\"https:\/\/wholesale.kachita.com\/es\/\",\"logo\":{\"@type\":\"ImageObject\",\"inLanguage\":\"es\",\"@id\":\"https:\/\/wholesale.kachita.com\/es\/#\/schema\/logo\/image\/\",\"url\":\"https:\/\/wholesale.kachita.com\/wp-content\/uploads\/2020\/01\/logo-icon.png\",\"contentUrl\":\"https:\/\/wholesale.kachita.com\/wp-content\/uploads\/2020\/01\/logo-icon.png\",\"width\":512,\"height\":512,\"caption\":\"Kachita Spell\"},\"image\":{\"@id\":\"https:\/\/wholesale.kachita.com\/es\/#\/schema\/logo\/image\/\"},\"sameAs\":[\"https:\/\/www.facebook.com\/KachitaSpell\/\",\"https:\/\/x.com\/KachitaSpell\",\"https:\/\/www.instagram.com\/kachitaspell\/\"]}]}<\/script>\n<!-- \/ Yoast SEO plugin. -->","yoast_head_json":{"title":"Polvo de Decoloracion Azul Kachita Spell - Kachita Spell Beauty Supply Wholesale","robots":{"index":"noindex","follow":"follow","max-snippet":"max-snippet:-1","max-image-preview":"max-image-preview:large","max-video-preview":"max-video-preview:-1"},"og_locale":"es_ES","og_type":"article","og_title":"Polvo de Decoloracion Azul Kachita Spell - Kachita Spell Beauty Supply Wholesale","og_description":"Polvo de Decoloraci\u00f3n Azul 1.05Lb (475gr)  Para aplicaciones de cuero cabelludo dentro y fuera Blanqueador ultraconcentrado sin polvo Revaja de 7 a 9 tonos Acci\u00f3n aclaradora m\u00e1s r\u00e1pida y m\u00e1s intensa Enriquecido con aceite de arg\u00e1n  F\u00f3rmula rica y cremosa sin goteo para una f\u00e1cil aplicaci\u00f3n","og_url":"https:\/\/wholesale.kachita.com\/es\/comprar\/polvo-de-decoloracion-azul-kachita-spell\/","og_site_name":"Kachita Spell Beauty Supply Wholesale","article_publisher":"https:\/\/www.facebook.com\/KachitaSpell\/","article_modified_time":"2021-05-26T05:53:10+00:00","og_image":[{"width":1500,"height":1500,"url":"https:\/\/wholesale.kachita.com\/wp-content\/uploads\/2020\/04\/decomax1.jpg","type":"image\/jpeg"}],"twitter_card":"summary_large_image","twitter_site":"@KachitaSpell","schema":{"@context":"https:\/\/schema.org","@graph":[{"@type":"WebPage","@id":"https:\/\/wholesale.kachita.com\/es\/comprar\/polvo-de-decoloracion-azul-kachita-spell\/","url":"https:\/\/wholesale.kachita.com\/es\/comprar\/polvo-de-decoloracion-azul-kachita-spell\/","name":"Polvo de Decoloracion Azul Kachita Spell - Kachita Spell Beauty Supply Wholesale","isPartOf":{"@id":"https:\/\/wholesale.kachita.com\/es\/#website"},"primaryImageOfPage":{"@id":"https:\/\/wholesale.kachita.com\/es\/comprar\/polvo-de-decoloracion-azul-kachita-spell\/#primaryimage"},"image":{"@id":"https:\/\/wholesale.kachita.com\/es\/comprar\/polvo-de-decoloracion-azul-kachita-spell\/#primaryimage"},"thumbnailUrl":"https:\/\/wholesale.kachita.com\/wp-content\/uploads\/2020\/04\/Powder-Lightener.jpg","datePublished":"2020-04-28T06:52:17+00:00","dateModified":"2021-05-26T05:53:10+00:00","breadcrumb":{"@id":"https:\/\/wholesale.kachita.com\/es\/comprar\/polvo-de-decoloracion-azul-kachita-spell\/#breadcrumb"},"inLanguage":"es","potentialAction":[{"@type":"ReadAction","target":["https:\/\/wholesale.kachita.com\/es\/comprar\/polvo-de-decoloracion-azul-kachita-spell\/"]}]},{"@type":"ImageObject","inLanguage":"es","@id":"https:\/\/wholesale.kachita.com\/es\/comprar\/polvo-de-decoloracion-azul-kachita-spell\/#primaryimage","url":"https:\/\/wholesale.kachita.com\/wp-content\/uploads\/2020\/04\/Powder-Lightener.jpg","contentUrl":"https:\/\/wholesale.kachita.com\/wp-content\/uploads\/2020\/04\/Powder-Lightener.jpg","width":1200,"height":1200},{"@type":"BreadcrumbList","@id":"https:\/\/wholesale.kachita.com\/es\/comprar\/polvo-de-decoloracion-azul-kachita-spell\/#breadcrumb","itemListElement":[{"@type":"ListItem","position":1,"name":"Home","item":"https:\/\/wholesale.kachita.com\/es\/"},{"@type":"ListItem","position":2,"name":"Shop","item":"https:\/\/wholesale.kachita.com\/shop\/"},{"@type":"ListItem","position":3,"name":"Polvo de Decoloracion Azul Kachita Spell"}]},{"@type":"WebSite","@id":"https:\/\/wholesale.kachita.com\/es\/#website","url":"https:\/\/wholesale.kachita.com\/es\/","name":"Kachita Spell","description":"Best Market Prices","publisher":{"@id":"https:\/\/wholesale.kachita.com\/es\/#organization"},"potentialAction":[{"@type":"SearchAction","target":{"@type":"EntryPoint","urlTemplate":"https:\/\/wholesale.kachita.com\/es\/?s={search_term_string}"},"query-input":"required name=search_term_string"}],"inLanguage":"es"},{"@type":"Organization","@id":"https:\/\/wholesale.kachita.com\/es\/#organization","name":"Kachita Spell","url":"https:\/\/wholesale.kachita.com\/es\/","logo":{"@type":"ImageObject","inLanguage":"es","@id":"https:\/\/wholesale.kachita.com\/es\/#\/schema\/logo\/image\/","url":"https:\/\/wholesale.kachita.com\/wp-content\/uploads\/2020\/01\/logo-icon.png","contentUrl":"https:\/\/wholesale.kachita.com\/wp-content\/uploads\/2020\/01\/logo-icon.png","width":512,"height":512,"caption":"Kachita Spell"},"image":{"@id":"https:\/\/wholesale.kachita.com\/es\/#\/schema\/logo\/image\/"},"sameAs":["https:\/\/www.facebook.com\/KachitaSpell\/","https:\/\/x.com\/KachitaSpell","https:\/\/www.instagram.com\/kachitaspell\/"]}]}},"_links":{"self":[{"href":"https:\/\/wholesale.kachita.com\/es\/wp-json\/wp\/v2\/product\/2646","targetHints":{"allow":["GET"]}}],"collection":[{"href":"https:\/\/wholesale.kachita.com\/es\/wp-json\/wp\/v2\/product"}],"about":[{"href":"https:\/\/wholesale.kachita.com\/es\/wp-json\/wp\/v2\/types\/product"}],"wp:featuredmedia":[{"embeddable":true,"href":"https:\/\/wholesale.kachita.com\/es\/wp-json\/wp\/v2\/media\/28044"}],"wp:attachment":[{"href":"https:\/\/wholesale.kachita.com\/es\/wp-json\/wp\/v2\/media?parent=2646"}],"wp:term":[{"taxonomy":"product_cat","embeddable":true,"href":"https:\/\/wholesale.kachita.com\/es\/wp-json\/wp\/v2\/product_cat?post=2646"},{"taxonomy":"product_tag","embeddable":true,"href":"https:\/\/wholesale.kachita.com\/es\/wp-json\/wp\/v2\/product_tag?post=2646"}],"curies":[{"name":"wp","href":"https:\/\/api.w.org\/{rel}","templated":true}]}}