{"id":2477,"date":"2020-02-01T20:29:38","date_gmt":"2020-02-02T01:29:38","guid":{"rendered":"https:\/\/wholesale.kachita.com\/shop\/keratina-chocolate-brasilena-32oz\/"},"modified":"2022-03-03T11:14:49","modified_gmt":"2022-03-03T16:14:49","slug":"keratina-chocolate-brasilena-32oz","status":"publish","type":"product","link":"https:\/\/wholesale.kachita.com\/es\/comprar\/keratina-chocolate-brasilena-32oz\/","title":{"rendered":"Keratina Chocolate Brasile\u00f1a 32oz"},"content":{"rendered":"","protected":false},"excerpt":{"rendered":"<p>El tratamiento de Keratina Kachita Spell Strong 32 oz para todo tipo de cabellos, esta Keratina de Chocolate. Nuestra Keratina de chocolate tiene la mejor eficiencia en el mercado. Nuestra Keratina \u00a0Strong formula est\u00e1 hecha a base de chocolate el cual le confiere un olor suave y agradable eliminando a su vez el olor del formol. Su aplicaci\u00f3n es igual a cualquier tipo de keratina. Alisa completamente su cabello sin cambios da\u00f1inos en la estructura del cabello ni en su piel. La aplicaci\u00f3n se basa en la keratina, que es una sustancia natural que restaura el estado saludable, sedoso y acondicionado de su cabello original. Est\u00e1 dise\u00f1ado para todo tipo de cabello, tanto para virgen como para cabello tratado qu\u00edmicamente. El tiempo de aplicaci\u00f3n depende de la longitud y el grosor del cabello, por lo general es entre 30 minutos a 60 minutos. La botella de 32 oz rinde hasta 14 tratamientos dependiendo del largo de tu cabello. Rico olor a Chocolate.<\/p>\n<p>Propiedades:<\/p>\n<p>Alisado Perfecto<br \/>\nResultados inmediatamente visibles<br \/>\nCabello m\u00e1s saludable<br \/>\nGran olor a Chocolate<br \/>\nLa mejor oferta del mercado<\/p>\n<p>&nbsp;<\/p>\n","protected":false},"featured_media":27876,"template":"","meta":[],"product_cat":[113],"product_tag":[],"class_list":{"0":"post-2477","1":"product","2":"type-product","3":"status-publish","4":"has-post-thumbnail","6":"product_cat-keratinas","8":"first","9":"instock","10":"sale","11":"taxable","12":"shipping-taxable","13":"purchasable","14":"product-type-simple"},"yoast_head":"<!-- This site is optimized with the Yoast SEO plugin v23.0 - https:\/\/yoast.com\/wordpress\/plugins\/seo\/ -->\n<title>Keratina Chocolate Brasile\u00f1a 32oz - Kachita Spell Beauty Supply Wholesale<\/title>\n<meta name=\"robots\" content=\"noindex, follow, max-snippet:-1, max-image-preview:large, max-video-preview:-1\" \/>\n<meta property=\"og:locale\" content=\"es_ES\" \/>\n<meta property=\"og:type\" content=\"article\" \/>\n<meta property=\"og:title\" content=\"Keratina Chocolate Brasile\u00f1a 32oz - Kachita Spell Beauty Supply Wholesale\" \/>\n<meta property=\"og:description\" content=\"El tratamiento de Keratina Kachita Spell Strong 32 oz para todo tipo de cabellos, esta Keratina de Chocolate. Nuestra Keratina de chocolate tiene la mejor eficiencia en el mercado. Nuestra Keratina \u00a0Strong formula est\u00e1 hecha a base de chocolate el cual le confiere un olor suave y agradable eliminando a su vez el olor del formol. Su aplicaci\u00f3n es igual a cualquier tipo de keratina. Alisa completamente su cabello sin cambios da\u00f1inos en la estructura del cabello ni en su piel. La aplicaci\u00f3n se basa en la keratina, que es una sustancia natural que restaura el estado saludable, sedoso y acondicionado de su cabello original. Est\u00e1 dise\u00f1ado para todo tipo de cabello, tanto para virgen como para cabello tratado qu\u00edmicamente. El tiempo de aplicaci\u00f3n depende de la longitud y el grosor del cabello, por lo general es entre 30 minutos a 60 minutos. La botella de 32 oz rinde hasta 14 tratamientos dependiendo del largo de tu cabello. Rico olor a Chocolate.  Propiedades:  Alisado Perfecto Resultados inmediatamente visibles Cabello m\u00e1s saludable Gran olor a Chocolate La mejor oferta del mercado  &nbsp;\" \/>\n<meta property=\"og:url\" content=\"https:\/\/wholesale.kachita.com\/es\/comprar\/keratina-chocolate-brasilena-32oz\/\" \/>\n<meta property=\"og:site_name\" content=\"Kachita Spell Beauty Supply Wholesale\" \/>\n<meta property=\"article:publisher\" content=\"https:\/\/www.facebook.com\/KachitaSpell\/\" \/>\n<meta property=\"article:modified_time\" content=\"2022-03-03T16:14:49+00:00\" \/>\n<meta property=\"og:image\" content=\"https:\/\/wholesale.kachita.com\/wp-content\/uploads\/2021\/06\/Keratina-Strong-32-oz.jpg\" \/>\n\t<meta property=\"og:image:width\" content=\"1500\" \/>\n\t<meta property=\"og:image:height\" content=\"1500\" \/>\n\t<meta property=\"og:image:type\" content=\"image\/jpeg\" \/>\n<meta name=\"twitter:card\" content=\"summary_large_image\" \/>\n<meta name=\"twitter:site\" content=\"@KachitaSpell\" \/>\n<script type=\"application\/ld+json\" class=\"yoast-schema-graph\">{\"@context\":\"https:\/\/schema.org\",\"@graph\":[{\"@type\":\"WebPage\",\"@id\":\"https:\/\/wholesale.kachita.com\/es\/comprar\/keratina-chocolate-brasilena-32oz\/\",\"url\":\"https:\/\/wholesale.kachita.com\/es\/comprar\/keratina-chocolate-brasilena-32oz\/\",\"name\":\"Keratina Chocolate Brasile\u00f1a 32oz - Kachita Spell Beauty Supply Wholesale\",\"isPartOf\":{\"@id\":\"https:\/\/wholesale.kachita.com\/es\/#website\"},\"primaryImageOfPage\":{\"@id\":\"https:\/\/wholesale.kachita.com\/es\/comprar\/keratina-chocolate-brasilena-32oz\/#primaryimage\"},\"image\":{\"@id\":\"https:\/\/wholesale.kachita.com\/es\/comprar\/keratina-chocolate-brasilena-32oz\/#primaryimage\"},\"thumbnailUrl\":\"https:\/\/wholesale.kachita.com\/wp-content\/uploads\/2020\/02\/Kachita-Spell-Keratin-Chocolate-Strong-pplus.jpg\",\"datePublished\":\"2020-02-02T01:29:38+00:00\",\"dateModified\":\"2022-03-03T16:14:49+00:00\",\"breadcrumb\":{\"@id\":\"https:\/\/wholesale.kachita.com\/es\/comprar\/keratina-chocolate-brasilena-32oz\/#breadcrumb\"},\"inLanguage\":\"es\",\"potentialAction\":[{\"@type\":\"ReadAction\",\"target\":[\"https:\/\/wholesale.kachita.com\/es\/comprar\/keratina-chocolate-brasilena-32oz\/\"]}]},{\"@type\":\"ImageObject\",\"inLanguage\":\"es\",\"@id\":\"https:\/\/wholesale.kachita.com\/es\/comprar\/keratina-chocolate-brasilena-32oz\/#primaryimage\",\"url\":\"https:\/\/wholesale.kachita.com\/wp-content\/uploads\/2020\/02\/Kachita-Spell-Keratin-Chocolate-Strong-pplus.jpg\",\"contentUrl\":\"https:\/\/wholesale.kachita.com\/wp-content\/uploads\/2020\/02\/Kachita-Spell-Keratin-Chocolate-Strong-pplus.jpg\",\"width\":1200,\"height\":1200},{\"@type\":\"BreadcrumbList\",\"@id\":\"https:\/\/wholesale.kachita.com\/es\/comprar\/keratina-chocolate-brasilena-32oz\/#breadcrumb\",\"itemListElement\":[{\"@type\":\"ListItem\",\"position\":1,\"name\":\"Home\",\"item\":\"https:\/\/wholesale.kachita.com\/es\/\"},{\"@type\":\"ListItem\",\"position\":2,\"name\":\"Shop\",\"item\":\"https:\/\/wholesale.kachita.com\/shop\/\"},{\"@type\":\"ListItem\",\"position\":3,\"name\":\"Keratina Chocolate Brasile\u00f1a 32oz\"}]},{\"@type\":\"WebSite\",\"@id\":\"https:\/\/wholesale.kachita.com\/es\/#website\",\"url\":\"https:\/\/wholesale.kachita.com\/es\/\",\"name\":\"Kachita Spell\",\"description\":\"Best Market Prices\",\"publisher\":{\"@id\":\"https:\/\/wholesale.kachita.com\/es\/#organization\"},\"potentialAction\":[{\"@type\":\"SearchAction\",\"target\":{\"@type\":\"EntryPoint\",\"urlTemplate\":\"https:\/\/wholesale.kachita.com\/es\/?s={search_term_string}\"},\"query-input\":\"required name=search_term_string\"}],\"inLanguage\":\"es\"},{\"@type\":\"Organization\",\"@id\":\"https:\/\/wholesale.kachita.com\/es\/#organization\",\"name\":\"Kachita Spell\",\"url\":\"https:\/\/wholesale.kachita.com\/es\/\",\"logo\":{\"@type\":\"ImageObject\",\"inLanguage\":\"es\",\"@id\":\"https:\/\/wholesale.kachita.com\/es\/#\/schema\/logo\/image\/\",\"url\":\"https:\/\/wholesale.kachita.com\/wp-content\/uploads\/2020\/01\/logo-icon.png\",\"contentUrl\":\"https:\/\/wholesale.kachita.com\/wp-content\/uploads\/2020\/01\/logo-icon.png\",\"width\":512,\"height\":512,\"caption\":\"Kachita Spell\"},\"image\":{\"@id\":\"https:\/\/wholesale.kachita.com\/es\/#\/schema\/logo\/image\/\"},\"sameAs\":[\"https:\/\/www.facebook.com\/KachitaSpell\/\",\"https:\/\/x.com\/KachitaSpell\",\"https:\/\/www.instagram.com\/kachitaspell\/\"]}]}<\/script>\n<!-- \/ Yoast SEO plugin. -->","yoast_head_json":{"title":"Keratina Chocolate Brasile\u00f1a 32oz - Kachita Spell Beauty Supply Wholesale","robots":{"index":"noindex","follow":"follow","max-snippet":"max-snippet:-1","max-image-preview":"max-image-preview:large","max-video-preview":"max-video-preview:-1"},"og_locale":"es_ES","og_type":"article","og_title":"Keratina Chocolate Brasile\u00f1a 32oz - Kachita Spell Beauty Supply Wholesale","og_description":"El tratamiento de Keratina Kachita Spell Strong 32 oz para todo tipo de cabellos, esta Keratina de Chocolate. Nuestra Keratina de chocolate tiene la mejor eficiencia en el mercado. Nuestra Keratina \u00a0Strong formula est\u00e1 hecha a base de chocolate el cual le confiere un olor suave y agradable eliminando a su vez el olor del formol. Su aplicaci\u00f3n es igual a cualquier tipo de keratina. Alisa completamente su cabello sin cambios da\u00f1inos en la estructura del cabello ni en su piel. La aplicaci\u00f3n se basa en la keratina, que es una sustancia natural que restaura el estado saludable, sedoso y acondicionado de su cabello original. Est\u00e1 dise\u00f1ado para todo tipo de cabello, tanto para virgen como para cabello tratado qu\u00edmicamente. El tiempo de aplicaci\u00f3n depende de la longitud y el grosor del cabello, por lo general es entre 30 minutos a 60 minutos. La botella de 32 oz rinde hasta 14 tratamientos dependiendo del largo de tu cabello. Rico olor a Chocolate.  Propiedades:  Alisado Perfecto Resultados inmediatamente visibles Cabello m\u00e1s saludable Gran olor a Chocolate La mejor oferta del mercado  &nbsp;","og_url":"https:\/\/wholesale.kachita.com\/es\/comprar\/keratina-chocolate-brasilena-32oz\/","og_site_name":"Kachita Spell Beauty Supply Wholesale","article_publisher":"https:\/\/www.facebook.com\/KachitaSpell\/","article_modified_time":"2022-03-03T16:14:49+00:00","og_image":[{"width":1500,"height":1500,"url":"https:\/\/wholesale.kachita.com\/wp-content\/uploads\/2021\/06\/Keratina-Strong-32-oz.jpg","type":"image\/jpeg"}],"twitter_card":"summary_large_image","twitter_site":"@KachitaSpell","schema":{"@context":"https:\/\/schema.org","@graph":[{"@type":"WebPage","@id":"https:\/\/wholesale.kachita.com\/es\/comprar\/keratina-chocolate-brasilena-32oz\/","url":"https:\/\/wholesale.kachita.com\/es\/comprar\/keratina-chocolate-brasilena-32oz\/","name":"Keratina Chocolate Brasile\u00f1a 32oz - Kachita Spell Beauty Supply Wholesale","isPartOf":{"@id":"https:\/\/wholesale.kachita.com\/es\/#website"},"primaryImageOfPage":{"@id":"https:\/\/wholesale.kachita.com\/es\/comprar\/keratina-chocolate-brasilena-32oz\/#primaryimage"},"image":{"@id":"https:\/\/wholesale.kachita.com\/es\/comprar\/keratina-chocolate-brasilena-32oz\/#primaryimage"},"thumbnailUrl":"https:\/\/wholesale.kachita.com\/wp-content\/uploads\/2020\/02\/Kachita-Spell-Keratin-Chocolate-Strong-pplus.jpg","datePublished":"2020-02-02T01:29:38+00:00","dateModified":"2022-03-03T16:14:49+00:00","breadcrumb":{"@id":"https:\/\/wholesale.kachita.com\/es\/comprar\/keratina-chocolate-brasilena-32oz\/#breadcrumb"},"inLanguage":"es","potentialAction":[{"@type":"ReadAction","target":["https:\/\/wholesale.kachita.com\/es\/comprar\/keratina-chocolate-brasilena-32oz\/"]}]},{"@type":"ImageObject","inLanguage":"es","@id":"https:\/\/wholesale.kachita.com\/es\/comprar\/keratina-chocolate-brasilena-32oz\/#primaryimage","url":"https:\/\/wholesale.kachita.com\/wp-content\/uploads\/2020\/02\/Kachita-Spell-Keratin-Chocolate-Strong-pplus.jpg","contentUrl":"https:\/\/wholesale.kachita.com\/wp-content\/uploads\/2020\/02\/Kachita-Spell-Keratin-Chocolate-Strong-pplus.jpg","width":1200,"height":1200},{"@type":"BreadcrumbList","@id":"https:\/\/wholesale.kachita.com\/es\/comprar\/keratina-chocolate-brasilena-32oz\/#breadcrumb","itemListElement":[{"@type":"ListItem","position":1,"name":"Home","item":"https:\/\/wholesale.kachita.com\/es\/"},{"@type":"ListItem","position":2,"name":"Shop","item":"https:\/\/wholesale.kachita.com\/shop\/"},{"@type":"ListItem","position":3,"name":"Keratina Chocolate Brasile\u00f1a 32oz"}]},{"@type":"WebSite","@id":"https:\/\/wholesale.kachita.com\/es\/#website","url":"https:\/\/wholesale.kachita.com\/es\/","name":"Kachita Spell","description":"Best Market Prices","publisher":{"@id":"https:\/\/wholesale.kachita.com\/es\/#organization"},"potentialAction":[{"@type":"SearchAction","target":{"@type":"EntryPoint","urlTemplate":"https:\/\/wholesale.kachita.com\/es\/?s={search_term_string}"},"query-input":"required name=search_term_string"}],"inLanguage":"es"},{"@type":"Organization","@id":"https:\/\/wholesale.kachita.com\/es\/#organization","name":"Kachita Spell","url":"https:\/\/wholesale.kachita.com\/es\/","logo":{"@type":"ImageObject","inLanguage":"es","@id":"https:\/\/wholesale.kachita.com\/es\/#\/schema\/logo\/image\/","url":"https:\/\/wholesale.kachita.com\/wp-content\/uploads\/2020\/01\/logo-icon.png","contentUrl":"https:\/\/wholesale.kachita.com\/wp-content\/uploads\/2020\/01\/logo-icon.png","width":512,"height":512,"caption":"Kachita Spell"},"image":{"@id":"https:\/\/wholesale.kachita.com\/es\/#\/schema\/logo\/image\/"},"sameAs":["https:\/\/www.facebook.com\/KachitaSpell\/","https:\/\/x.com\/KachitaSpell","https:\/\/www.instagram.com\/kachitaspell\/"]}]}},"_links":{"self":[{"href":"https:\/\/wholesale.kachita.com\/es\/wp-json\/wp\/v2\/product\/2477","targetHints":{"allow":["GET"]}}],"collection":[{"href":"https:\/\/wholesale.kachita.com\/es\/wp-json\/wp\/v2\/product"}],"about":[{"href":"https:\/\/wholesale.kachita.com\/es\/wp-json\/wp\/v2\/types\/product"}],"wp:featuredmedia":[{"embeddable":true,"href":"https:\/\/wholesale.kachita.com\/es\/wp-json\/wp\/v2\/media\/27876"}],"wp:attachment":[{"href":"https:\/\/wholesale.kachita.com\/es\/wp-json\/wp\/v2\/media?parent=2477"}],"wp:term":[{"taxonomy":"product_cat","embeddable":true,"href":"https:\/\/wholesale.kachita.com\/es\/wp-json\/wp\/v2\/product_cat?post=2477"},{"taxonomy":"product_tag","embeddable":true,"href":"https:\/\/wholesale.kachita.com\/es\/wp-json\/wp\/v2\/product_tag?post=2477"}],"curies":[{"name":"wp","href":"https:\/\/api.w.org\/{rel}","templated":true}]}}