{"id":2474,"date":"2020-02-01T20:16:32","date_gmt":"2020-02-02T01:16:32","guid":{"rendered":"https:\/\/wholesale.kachita.com\/shop\/hair-botox-k-botox\/"},"modified":"2022-03-22T00:46:53","modified_gmt":"2022-03-22T05:46:53","slug":"hair-botox-k-botox-tratamiento","status":"publish","type":"product","link":"https:\/\/wholesale.kachita.com\/es\/comprar\/hair-botox-k-botox-tratamiento\/","title":{"rendered":"Hair Botox Tratamiento Capilar Kachita Spell"},"content":{"rendered":"<p>Nos complace presentarles nuestro nuevo Hair Botox Capilar. Nuestra f\u00f3rmula m\u00e1s avanzada para la reparaci\u00f3n y alisado del cabello. Creamos este producto con el objetivo de brindarle un tratamiento que pueda reparar las fibras del cabello da\u00f1adas o rotas con un potente concentrado de ingredientes curativos como el aceite de coco, aloe vera, aceite de aguacate, col\u00e1geno y keratina. Este producto humectar\u00e1, nutrir\u00e1, reparar\u00e1 y revitalizar\u00e1 tu cabello desde el primer uso, lo que har\u00e1 que tu cabello brille, se suavice y no se enrede.<\/p>\n<p>PRINCIPALES PROPIEDADES:<br \/>\n&#8211; Mascarilla Hidratante<br \/>\n&#8211; Reparaci\u00f3n intensa de tu cabello<br \/>\n&#8211; Protecci\u00f3n para el cabello da\u00f1ado<br \/>\n&#8211; Cabello m\u00e1s brillante, sano y fuerte.<br \/>\n&#8211; Libre de Formol<br \/>\n&#8211; Tratamiento de Alisador<\/p>\n","protected":false},"excerpt":{"rendered":"<p>\u00bfPor qu\u00e9 utilizar nuestro nuevo Botox Capilar de Kachita Spell?<br \/>\n&#8211; F\u00f3rmula antial\u00e9rgica, sin formaldeh\u00eddo (sin formol)<br \/>\n&#8211; Puede usarse en todo tipo de cabello, 16 fl oz de tama\u00f1o.<br \/>\n&#8211; Tratamiento Intensivo Reparador, Hidratante y Anti Frizz del Cabello.<br \/>\n&#8211; Tratamiento intensivo de Botox Capilar con poder reconstructor. Repara el cabello da\u00f1ado dej\u00e1ndolo suave, brillante y sedoso. La mejor calidad para ayudarte a conseguir el cabello sano que deseas.<br \/>\n&#8211; Excelente para el mantenimiento del cabello con tratamientos previos de queratina<br \/>\n&#8211; Acci\u00f3n hidratante profunda. Enriquecido con una mezcla de aceites y amino\u00e1cidos.<br \/>\n&#8211; Restauraci\u00f3n de la fibra capilar. Neutraliza el indeseable tono amarillento que crece con el tiempo en los cabellos rubios.<br \/>\n&#8211; Sello de garant\u00eda original de Kachita Spell, calidad m\u00e1xima, fabricado en USA.<\/p>\n","protected":false},"featured_media":27871,"template":"","meta":[],"product_cat":[156],"product_tag":[],"class_list":{"0":"post-2474","1":"product","2":"type-product","3":"status-publish","4":"has-post-thumbnail","6":"product_cat-tratamientos-para-el-cabello","7":"product_shipping_class-free-shipping-es","9":"first","10":"instock","11":"sale","12":"taxable","13":"shipping-taxable","14":"purchasable","15":"product-type-simple"},"yoast_head":"<!-- This site is optimized with the Yoast SEO plugin v23.0 - https:\/\/yoast.com\/wordpress\/plugins\/seo\/ -->\n<title>Botox Capilar de Kachita Spell 16floz | Libre de Formaldehido<\/title>\n<meta name=\"description\" content=\"Hair Botox Capilar Kachita Spell. Nuestra f\u00f3rmula m\u00e1s avanzada para la reparaci\u00f3n del cabello. Humectar\u00e1, nutrir\u00e1, reparar\u00e1 y revitalizar\u00e1 tu cabello desde el primer uso.\" \/>\n<meta name=\"robots\" content=\"noindex, follow, max-snippet:-1, max-image-preview:large, max-video-preview:-1\" \/>\n<meta property=\"og:locale\" content=\"es_ES\" \/>\n<meta property=\"og:type\" content=\"article\" \/>\n<meta property=\"og:title\" content=\"Botox Capilar de Kachita Spell 16floz | Libre de Formaldehido\" \/>\n<meta property=\"og:description\" content=\"Hair Botox Capilar Kachita Spell. Nuestra f\u00f3rmula m\u00e1s avanzada para la reparaci\u00f3n del cabello. Humectar\u00e1, nutrir\u00e1, reparar\u00e1 y revitalizar\u00e1 tu cabello desde el primer uso.\" \/>\n<meta property=\"og:url\" content=\"https:\/\/wholesale.kachita.com\/es\/comprar\/hair-botox-k-botox-tratamiento\/\" \/>\n<meta property=\"og:site_name\" content=\"Kachita Spell Beauty Supply Wholesale\" \/>\n<meta property=\"article:publisher\" content=\"https:\/\/www.facebook.com\/KachitaSpell\/\" \/>\n<meta property=\"article:modified_time\" content=\"2022-03-22T05:46:53+00:00\" \/>\n<meta property=\"og:image\" content=\"https:\/\/wholesale.kachita.com\/wp-content\/uploads\/2021\/06\/combo2-5.jpg\" \/>\n\t<meta property=\"og:image:width\" content=\"1500\" \/>\n\t<meta property=\"og:image:height\" content=\"1500\" \/>\n\t<meta property=\"og:image:type\" content=\"image\/jpeg\" \/>\n<meta name=\"twitter:card\" content=\"summary_large_image\" \/>\n<meta name=\"twitter:site\" content=\"@KachitaSpell\" \/>\n<meta name=\"twitter:label1\" content=\"Tiempo de lectura\" \/>\n\t<meta name=\"twitter:data1\" content=\"1 minuto\" \/>\n<script type=\"application\/ld+json\" class=\"yoast-schema-graph\">{\"@context\":\"https:\/\/schema.org\",\"@graph\":[{\"@type\":\"WebPage\",\"@id\":\"https:\/\/wholesale.kachita.com\/es\/comprar\/hair-botox-k-botox-tratamiento\/\",\"url\":\"https:\/\/wholesale.kachita.com\/es\/comprar\/hair-botox-k-botox-tratamiento\/\",\"name\":\"Botox Capilar de Kachita Spell 16floz | Libre de Formaldehido\",\"isPartOf\":{\"@id\":\"https:\/\/wholesale.kachita.com\/es\/#website\"},\"primaryImageOfPage\":{\"@id\":\"https:\/\/wholesale.kachita.com\/es\/comprar\/hair-botox-k-botox-tratamiento\/#primaryimage\"},\"image\":{\"@id\":\"https:\/\/wholesale.kachita.com\/es\/comprar\/hair-botox-k-botox-tratamiento\/#primaryimage\"},\"thumbnailUrl\":\"https:\/\/wholesale.kachita.com\/wp-content\/uploads\/2020\/02\/botox-for-hair.jpg\",\"datePublished\":\"2020-02-02T01:16:32+00:00\",\"dateModified\":\"2022-03-22T05:46:53+00:00\",\"description\":\"Hair Botox Capilar Kachita Spell. Nuestra f\u00f3rmula m\u00e1s avanzada para la reparaci\u00f3n del cabello. Humectar\u00e1, nutrir\u00e1, reparar\u00e1 y revitalizar\u00e1 tu cabello desde el primer uso.\",\"breadcrumb\":{\"@id\":\"https:\/\/wholesale.kachita.com\/es\/comprar\/hair-botox-k-botox-tratamiento\/#breadcrumb\"},\"inLanguage\":\"es\",\"potentialAction\":[{\"@type\":\"ReadAction\",\"target\":[\"https:\/\/wholesale.kachita.com\/es\/comprar\/hair-botox-k-botox-tratamiento\/\"]}]},{\"@type\":\"ImageObject\",\"inLanguage\":\"es\",\"@id\":\"https:\/\/wholesale.kachita.com\/es\/comprar\/hair-botox-k-botox-tratamiento\/#primaryimage\",\"url\":\"https:\/\/wholesale.kachita.com\/wp-content\/uploads\/2020\/02\/botox-for-hair.jpg\",\"contentUrl\":\"https:\/\/wholesale.kachita.com\/wp-content\/uploads\/2020\/02\/botox-for-hair.jpg\",\"width\":1200,\"height\":1200},{\"@type\":\"BreadcrumbList\",\"@id\":\"https:\/\/wholesale.kachita.com\/es\/comprar\/hair-botox-k-botox-tratamiento\/#breadcrumb\",\"itemListElement\":[{\"@type\":\"ListItem\",\"position\":1,\"name\":\"Home\",\"item\":\"https:\/\/wholesale.kachita.com\/es\/\"},{\"@type\":\"ListItem\",\"position\":2,\"name\":\"Shop\",\"item\":\"https:\/\/wholesale.kachita.com\/shop\/\"},{\"@type\":\"ListItem\",\"position\":3,\"name\":\"Hair Botox Tratamiento Capilar Kachita Spell\"}]},{\"@type\":\"WebSite\",\"@id\":\"https:\/\/wholesale.kachita.com\/es\/#website\",\"url\":\"https:\/\/wholesale.kachita.com\/es\/\",\"name\":\"Kachita Spell\",\"description\":\"Best Market Prices\",\"publisher\":{\"@id\":\"https:\/\/wholesale.kachita.com\/es\/#organization\"},\"potentialAction\":[{\"@type\":\"SearchAction\",\"target\":{\"@type\":\"EntryPoint\",\"urlTemplate\":\"https:\/\/wholesale.kachita.com\/es\/?s={search_term_string}\"},\"query-input\":\"required name=search_term_string\"}],\"inLanguage\":\"es\"},{\"@type\":\"Organization\",\"@id\":\"https:\/\/wholesale.kachita.com\/es\/#organization\",\"name\":\"Kachita Spell\",\"url\":\"https:\/\/wholesale.kachita.com\/es\/\",\"logo\":{\"@type\":\"ImageObject\",\"inLanguage\":\"es\",\"@id\":\"https:\/\/wholesale.kachita.com\/es\/#\/schema\/logo\/image\/\",\"url\":\"https:\/\/wholesale.kachita.com\/wp-content\/uploads\/2020\/01\/logo-icon.png\",\"contentUrl\":\"https:\/\/wholesale.kachita.com\/wp-content\/uploads\/2020\/01\/logo-icon.png\",\"width\":512,\"height\":512,\"caption\":\"Kachita Spell\"},\"image\":{\"@id\":\"https:\/\/wholesale.kachita.com\/es\/#\/schema\/logo\/image\/\"},\"sameAs\":[\"https:\/\/www.facebook.com\/KachitaSpell\/\",\"https:\/\/x.com\/KachitaSpell\",\"https:\/\/www.instagram.com\/kachitaspell\/\"]}]}<\/script>\n<!-- \/ Yoast SEO plugin. -->","yoast_head_json":{"title":"Botox Capilar de Kachita Spell 16floz | Libre de Formaldehido","description":"Hair Botox Capilar Kachita Spell. Nuestra f\u00f3rmula m\u00e1s avanzada para la reparaci\u00f3n del cabello. Humectar\u00e1, nutrir\u00e1, reparar\u00e1 y revitalizar\u00e1 tu cabello desde el primer uso.","robots":{"index":"noindex","follow":"follow","max-snippet":"max-snippet:-1","max-image-preview":"max-image-preview:large","max-video-preview":"max-video-preview:-1"},"og_locale":"es_ES","og_type":"article","og_title":"Botox Capilar de Kachita Spell 16floz | Libre de Formaldehido","og_description":"Hair Botox Capilar Kachita Spell. Nuestra f\u00f3rmula m\u00e1s avanzada para la reparaci\u00f3n del cabello. Humectar\u00e1, nutrir\u00e1, reparar\u00e1 y revitalizar\u00e1 tu cabello desde el primer uso.","og_url":"https:\/\/wholesale.kachita.com\/es\/comprar\/hair-botox-k-botox-tratamiento\/","og_site_name":"Kachita Spell Beauty Supply Wholesale","article_publisher":"https:\/\/www.facebook.com\/KachitaSpell\/","article_modified_time":"2022-03-22T05:46:53+00:00","og_image":[{"width":1500,"height":1500,"url":"https:\/\/wholesale.kachita.com\/wp-content\/uploads\/2021\/06\/combo2-5.jpg","type":"image\/jpeg"}],"twitter_card":"summary_large_image","twitter_site":"@KachitaSpell","twitter_misc":{"Tiempo de lectura":"1 minuto"},"schema":{"@context":"https:\/\/schema.org","@graph":[{"@type":"WebPage","@id":"https:\/\/wholesale.kachita.com\/es\/comprar\/hair-botox-k-botox-tratamiento\/","url":"https:\/\/wholesale.kachita.com\/es\/comprar\/hair-botox-k-botox-tratamiento\/","name":"Botox Capilar de Kachita Spell 16floz | Libre de Formaldehido","isPartOf":{"@id":"https:\/\/wholesale.kachita.com\/es\/#website"},"primaryImageOfPage":{"@id":"https:\/\/wholesale.kachita.com\/es\/comprar\/hair-botox-k-botox-tratamiento\/#primaryimage"},"image":{"@id":"https:\/\/wholesale.kachita.com\/es\/comprar\/hair-botox-k-botox-tratamiento\/#primaryimage"},"thumbnailUrl":"https:\/\/wholesale.kachita.com\/wp-content\/uploads\/2020\/02\/botox-for-hair.jpg","datePublished":"2020-02-02T01:16:32+00:00","dateModified":"2022-03-22T05:46:53+00:00","description":"Hair Botox Capilar Kachita Spell. Nuestra f\u00f3rmula m\u00e1s avanzada para la reparaci\u00f3n del cabello. Humectar\u00e1, nutrir\u00e1, reparar\u00e1 y revitalizar\u00e1 tu cabello desde el primer uso.","breadcrumb":{"@id":"https:\/\/wholesale.kachita.com\/es\/comprar\/hair-botox-k-botox-tratamiento\/#breadcrumb"},"inLanguage":"es","potentialAction":[{"@type":"ReadAction","target":["https:\/\/wholesale.kachita.com\/es\/comprar\/hair-botox-k-botox-tratamiento\/"]}]},{"@type":"ImageObject","inLanguage":"es","@id":"https:\/\/wholesale.kachita.com\/es\/comprar\/hair-botox-k-botox-tratamiento\/#primaryimage","url":"https:\/\/wholesale.kachita.com\/wp-content\/uploads\/2020\/02\/botox-for-hair.jpg","contentUrl":"https:\/\/wholesale.kachita.com\/wp-content\/uploads\/2020\/02\/botox-for-hair.jpg","width":1200,"height":1200},{"@type":"BreadcrumbList","@id":"https:\/\/wholesale.kachita.com\/es\/comprar\/hair-botox-k-botox-tratamiento\/#breadcrumb","itemListElement":[{"@type":"ListItem","position":1,"name":"Home","item":"https:\/\/wholesale.kachita.com\/es\/"},{"@type":"ListItem","position":2,"name":"Shop","item":"https:\/\/wholesale.kachita.com\/shop\/"},{"@type":"ListItem","position":3,"name":"Hair Botox Tratamiento Capilar Kachita Spell"}]},{"@type":"WebSite","@id":"https:\/\/wholesale.kachita.com\/es\/#website","url":"https:\/\/wholesale.kachita.com\/es\/","name":"Kachita Spell","description":"Best Market Prices","publisher":{"@id":"https:\/\/wholesale.kachita.com\/es\/#organization"},"potentialAction":[{"@type":"SearchAction","target":{"@type":"EntryPoint","urlTemplate":"https:\/\/wholesale.kachita.com\/es\/?s={search_term_string}"},"query-input":"required name=search_term_string"}],"inLanguage":"es"},{"@type":"Organization","@id":"https:\/\/wholesale.kachita.com\/es\/#organization","name":"Kachita Spell","url":"https:\/\/wholesale.kachita.com\/es\/","logo":{"@type":"ImageObject","inLanguage":"es","@id":"https:\/\/wholesale.kachita.com\/es\/#\/schema\/logo\/image\/","url":"https:\/\/wholesale.kachita.com\/wp-content\/uploads\/2020\/01\/logo-icon.png","contentUrl":"https:\/\/wholesale.kachita.com\/wp-content\/uploads\/2020\/01\/logo-icon.png","width":512,"height":512,"caption":"Kachita Spell"},"image":{"@id":"https:\/\/wholesale.kachita.com\/es\/#\/schema\/logo\/image\/"},"sameAs":["https:\/\/www.facebook.com\/KachitaSpell\/","https:\/\/x.com\/KachitaSpell","https:\/\/www.instagram.com\/kachitaspell\/"]}]}},"_links":{"self":[{"href":"https:\/\/wholesale.kachita.com\/es\/wp-json\/wp\/v2\/product\/2474","targetHints":{"allow":["GET"]}}],"collection":[{"href":"https:\/\/wholesale.kachita.com\/es\/wp-json\/wp\/v2\/product"}],"about":[{"href":"https:\/\/wholesale.kachita.com\/es\/wp-json\/wp\/v2\/types\/product"}],"wp:featuredmedia":[{"embeddable":true,"href":"https:\/\/wholesale.kachita.com\/es\/wp-json\/wp\/v2\/media\/27871"}],"wp:attachment":[{"href":"https:\/\/wholesale.kachita.com\/es\/wp-json\/wp\/v2\/media?parent=2474"}],"wp:term":[{"taxonomy":"product_cat","embeddable":true,"href":"https:\/\/wholesale.kachita.com\/es\/wp-json\/wp\/v2\/product_cat?post=2474"},{"taxonomy":"product_tag","embeddable":true,"href":"https:\/\/wholesale.kachita.com\/es\/wp-json\/wp\/v2\/product_tag?post=2474"}],"curies":[{"name":"wp","href":"https:\/\/api.w.org\/{rel}","templated":true}]}}