{"id":2430,"date":"2020-02-01T21:11:29","date_gmt":"2020-02-02T02:11:29","guid":{"rendered":"https:\/\/wholesale.kachita.com\/shop\/champu-morado-equilibrio-de-tonos-correcion-del-color\/"},"modified":"2022-03-03T11:19:49","modified_gmt":"2022-03-03T16:19:49","slug":"champu-morado-equilibrio-de-tonos-correcion-del-color","status":"publish","type":"product","link":"https:\/\/wholesale.kachita.com\/es\/comprar\/champu-morado-equilibrio-de-tonos-correcion-del-color\/","title":{"rendered":"Champ\u00fa Morado Correcci\u00f3n de Color No Yellow Shampoo"},"content":{"rendered":"","protected":false},"excerpt":{"rendered":"<p>Kachita Spell\u00ae NO Yellow Shampoo Rubitas est\u00e1 hecho con pigmentos de lavanda violeta, que eliminan los cabellos amarillos o lacios para que sean menos perceptibles en solo 3-5 minutos. Te ayuda a mantener el color de tu cabello consistente y vibrante. Correcci\u00f3n de color garantizada. Aceite de arg\u00e1n y queratina infundidos. La mejor f\u00f3rmula para consumidores profesionales.<\/p>\n<p>Est\u00e1 hecho con un pigmento violeta que reduce el vello gris o aligerado para que sea menos notable. Este champ\u00fa No Yellow te ayuda a mantener tu color constante y vibrante. Es una manera f\u00e1cil de ayudar a pasar el tiempo con un poco m\u00e1s de gracia. Ideal para cabello gris, s\u00faper aclarado o decolorado. El pigmento violeta aten\u00faa los tonos amarillos no deseados en cabello gris, rubio claro o con mechas.<\/p>\n<p>CARACTERISTICAS:<br \/>\nLa mejor f\u00f3rmula para la correcci\u00f3n de color<br \/>\nCon aceite de arg\u00e1n<br \/>\nQueratina infundida<br \/>\nA 3 minutos de eliminar los tonos amarillos<br \/>\nGarant\u00eda de resultados asombrosos<br \/>\nLibre de crueldad \/ sin pruebas con animales<\/p>\n","protected":false},"featured_media":27882,"template":"","meta":[],"product_cat":[112,155],"product_tag":[],"class_list":{"0":"post-2430","1":"product","2":"type-product","3":"status-publish","4":"has-post-thumbnail","6":"product_cat-champu-acondicionador","7":"product_cat-hair-treatments","9":"first","10":"instock","11":"sale","12":"taxable","13":"shipping-taxable","14":"purchasable","15":"product-type-simple"},"yoast_head":"<!-- This site is optimized with the Yoast SEO plugin v23.0 - https:\/\/yoast.com\/wordpress\/plugins\/seo\/ -->\n<title>Champ\u00fa Morado Correcci\u00f3n de Color No Yellow Shampoo - Kachita Spell Beauty Supply Wholesale<\/title>\n<meta name=\"robots\" content=\"noindex, follow, max-snippet:-1, max-image-preview:large, max-video-preview:-1\" \/>\n<meta property=\"og:locale\" content=\"es_ES\" \/>\n<meta property=\"og:type\" content=\"article\" \/>\n<meta property=\"og:title\" content=\"Champ\u00fa Morado Correcci\u00f3n de Color No Yellow Shampoo - Kachita Spell Beauty Supply Wholesale\" \/>\n<meta property=\"og:description\" content=\"Kachita Spell\u00ae NO Yellow Shampoo Rubitas est\u00e1 hecho con pigmentos de lavanda violeta, que eliminan los cabellos amarillos o lacios para que sean menos perceptibles en solo 3-5 minutos. Te ayuda a mantener el color de tu cabello consistente y vibrante. Correcci\u00f3n de color garantizada. Aceite de arg\u00e1n y queratina infundidos. La mejor f\u00f3rmula para consumidores profesionales.  Est\u00e1 hecho con un pigmento violeta que reduce el vello gris o aligerado para que sea menos notable. Este champ\u00fa No Yellow te ayuda a mantener tu color constante y vibrante. Es una manera f\u00e1cil de ayudar a pasar el tiempo con un poco m\u00e1s de gracia. Ideal para cabello gris, s\u00faper aclarado o decolorado. El pigmento violeta aten\u00faa los tonos amarillos no deseados en cabello gris, rubio claro o con mechas.  CARACTERISTICAS: La mejor f\u00f3rmula para la correcci\u00f3n de color Con aceite de arg\u00e1n Queratina infundida A 3 minutos de eliminar los tonos amarillos Garant\u00eda de resultados asombrosos Libre de crueldad \/ sin pruebas con animales\" \/>\n<meta property=\"og:url\" content=\"https:\/\/wholesale.kachita.com\/es\/comprar\/champu-morado-equilibrio-de-tonos-correcion-del-color\/\" \/>\n<meta property=\"og:site_name\" content=\"Kachita Spell Beauty Supply Wholesale\" \/>\n<meta property=\"article:publisher\" content=\"https:\/\/www.facebook.com\/KachitaSpell\/\" \/>\n<meta property=\"article:modified_time\" content=\"2022-03-03T16:19:49+00:00\" \/>\n<meta property=\"og:image\" content=\"https:\/\/wholesale.kachita.com\/wp-content\/uploads\/2020\/02\/rubitasx.jpg\" \/>\n\t<meta property=\"og:image:width\" content=\"1500\" \/>\n\t<meta property=\"og:image:height\" content=\"1500\" \/>\n\t<meta property=\"og:image:type\" content=\"image\/jpeg\" \/>\n<meta name=\"twitter:card\" content=\"summary_large_image\" \/>\n<meta name=\"twitter:site\" content=\"@KachitaSpell\" \/>\n<script type=\"application\/ld+json\" class=\"yoast-schema-graph\">{\"@context\":\"https:\/\/schema.org\",\"@graph\":[{\"@type\":\"WebPage\",\"@id\":\"https:\/\/wholesale.kachita.com\/es\/comprar\/champu-morado-equilibrio-de-tonos-correcion-del-color\/\",\"url\":\"https:\/\/wholesale.kachita.com\/es\/comprar\/champu-morado-equilibrio-de-tonos-correcion-del-color\/\",\"name\":\"Champ\u00fa Morado Correcci\u00f3n de Color No Yellow Shampoo - Kachita Spell Beauty Supply Wholesale\",\"isPartOf\":{\"@id\":\"https:\/\/wholesale.kachita.com\/es\/#website\"},\"primaryImageOfPage\":{\"@id\":\"https:\/\/wholesale.kachita.com\/es\/comprar\/champu-morado-equilibrio-de-tonos-correcion-del-color\/#primaryimage\"},\"image\":{\"@id\":\"https:\/\/wholesale.kachita.com\/es\/comprar\/champu-morado-equilibrio-de-tonos-correcion-del-color\/#primaryimage\"},\"thumbnailUrl\":\"https:\/\/wholesale.kachita.com\/wp-content\/uploads\/2020\/02\/purple-shampoo-rubitas-24-bottles-box.jpg\",\"datePublished\":\"2020-02-02T02:11:29+00:00\",\"dateModified\":\"2022-03-03T16:19:49+00:00\",\"breadcrumb\":{\"@id\":\"https:\/\/wholesale.kachita.com\/es\/comprar\/champu-morado-equilibrio-de-tonos-correcion-del-color\/#breadcrumb\"},\"inLanguage\":\"es\",\"potentialAction\":[{\"@type\":\"ReadAction\",\"target\":[\"https:\/\/wholesale.kachita.com\/es\/comprar\/champu-morado-equilibrio-de-tonos-correcion-del-color\/\"]}]},{\"@type\":\"ImageObject\",\"inLanguage\":\"es\",\"@id\":\"https:\/\/wholesale.kachita.com\/es\/comprar\/champu-morado-equilibrio-de-tonos-correcion-del-color\/#primaryimage\",\"url\":\"https:\/\/wholesale.kachita.com\/wp-content\/uploads\/2020\/02\/purple-shampoo-rubitas-24-bottles-box.jpg\",\"contentUrl\":\"https:\/\/wholesale.kachita.com\/wp-content\/uploads\/2020\/02\/purple-shampoo-rubitas-24-bottles-box.jpg\",\"width\":1200,\"height\":1200},{\"@type\":\"BreadcrumbList\",\"@id\":\"https:\/\/wholesale.kachita.com\/es\/comprar\/champu-morado-equilibrio-de-tonos-correcion-del-color\/#breadcrumb\",\"itemListElement\":[{\"@type\":\"ListItem\",\"position\":1,\"name\":\"Home\",\"item\":\"https:\/\/wholesale.kachita.com\/es\/\"},{\"@type\":\"ListItem\",\"position\":2,\"name\":\"Shop\",\"item\":\"https:\/\/wholesale.kachita.com\/shop\/\"},{\"@type\":\"ListItem\",\"position\":3,\"name\":\"Champ\u00fa Morado Correcci\u00f3n de Color No Yellow Shampoo\"}]},{\"@type\":\"WebSite\",\"@id\":\"https:\/\/wholesale.kachita.com\/es\/#website\",\"url\":\"https:\/\/wholesale.kachita.com\/es\/\",\"name\":\"Kachita Spell\",\"description\":\"Best Market Prices\",\"publisher\":{\"@id\":\"https:\/\/wholesale.kachita.com\/es\/#organization\"},\"potentialAction\":[{\"@type\":\"SearchAction\",\"target\":{\"@type\":\"EntryPoint\",\"urlTemplate\":\"https:\/\/wholesale.kachita.com\/es\/?s={search_term_string}\"},\"query-input\":\"required name=search_term_string\"}],\"inLanguage\":\"es\"},{\"@type\":\"Organization\",\"@id\":\"https:\/\/wholesale.kachita.com\/es\/#organization\",\"name\":\"Kachita Spell\",\"url\":\"https:\/\/wholesale.kachita.com\/es\/\",\"logo\":{\"@type\":\"ImageObject\",\"inLanguage\":\"es\",\"@id\":\"https:\/\/wholesale.kachita.com\/es\/#\/schema\/logo\/image\/\",\"url\":\"https:\/\/wholesale.kachita.com\/wp-content\/uploads\/2020\/01\/logo-icon.png\",\"contentUrl\":\"https:\/\/wholesale.kachita.com\/wp-content\/uploads\/2020\/01\/logo-icon.png\",\"width\":512,\"height\":512,\"caption\":\"Kachita Spell\"},\"image\":{\"@id\":\"https:\/\/wholesale.kachita.com\/es\/#\/schema\/logo\/image\/\"},\"sameAs\":[\"https:\/\/www.facebook.com\/KachitaSpell\/\",\"https:\/\/x.com\/KachitaSpell\",\"https:\/\/www.instagram.com\/kachitaspell\/\"]}]}<\/script>\n<!-- \/ Yoast SEO plugin. -->","yoast_head_json":{"title":"Champ\u00fa Morado Correcci\u00f3n de Color No Yellow Shampoo - Kachita Spell Beauty Supply Wholesale","robots":{"index":"noindex","follow":"follow","max-snippet":"max-snippet:-1","max-image-preview":"max-image-preview:large","max-video-preview":"max-video-preview:-1"},"og_locale":"es_ES","og_type":"article","og_title":"Champ\u00fa Morado Correcci\u00f3n de Color No Yellow Shampoo - Kachita Spell Beauty Supply Wholesale","og_description":"Kachita Spell\u00ae NO Yellow Shampoo Rubitas est\u00e1 hecho con pigmentos de lavanda violeta, que eliminan los cabellos amarillos o lacios para que sean menos perceptibles en solo 3-5 minutos. Te ayuda a mantener el color de tu cabello consistente y vibrante. Correcci\u00f3n de color garantizada. Aceite de arg\u00e1n y queratina infundidos. La mejor f\u00f3rmula para consumidores profesionales.  Est\u00e1 hecho con un pigmento violeta que reduce el vello gris o aligerado para que sea menos notable. Este champ\u00fa No Yellow te ayuda a mantener tu color constante y vibrante. Es una manera f\u00e1cil de ayudar a pasar el tiempo con un poco m\u00e1s de gracia. Ideal para cabello gris, s\u00faper aclarado o decolorado. El pigmento violeta aten\u00faa los tonos amarillos no deseados en cabello gris, rubio claro o con mechas.  CARACTERISTICAS: La mejor f\u00f3rmula para la correcci\u00f3n de color Con aceite de arg\u00e1n Queratina infundida A 3 minutos de eliminar los tonos amarillos Garant\u00eda de resultados asombrosos Libre de crueldad \/ sin pruebas con animales","og_url":"https:\/\/wholesale.kachita.com\/es\/comprar\/champu-morado-equilibrio-de-tonos-correcion-del-color\/","og_site_name":"Kachita Spell Beauty Supply Wholesale","article_publisher":"https:\/\/www.facebook.com\/KachitaSpell\/","article_modified_time":"2022-03-03T16:19:49+00:00","og_image":[{"width":1500,"height":1500,"url":"https:\/\/wholesale.kachita.com\/wp-content\/uploads\/2020\/02\/rubitasx.jpg","type":"image\/jpeg"}],"twitter_card":"summary_large_image","twitter_site":"@KachitaSpell","schema":{"@context":"https:\/\/schema.org","@graph":[{"@type":"WebPage","@id":"https:\/\/wholesale.kachita.com\/es\/comprar\/champu-morado-equilibrio-de-tonos-correcion-del-color\/","url":"https:\/\/wholesale.kachita.com\/es\/comprar\/champu-morado-equilibrio-de-tonos-correcion-del-color\/","name":"Champ\u00fa Morado Correcci\u00f3n de Color No Yellow Shampoo - Kachita Spell Beauty Supply Wholesale","isPartOf":{"@id":"https:\/\/wholesale.kachita.com\/es\/#website"},"primaryImageOfPage":{"@id":"https:\/\/wholesale.kachita.com\/es\/comprar\/champu-morado-equilibrio-de-tonos-correcion-del-color\/#primaryimage"},"image":{"@id":"https:\/\/wholesale.kachita.com\/es\/comprar\/champu-morado-equilibrio-de-tonos-correcion-del-color\/#primaryimage"},"thumbnailUrl":"https:\/\/wholesale.kachita.com\/wp-content\/uploads\/2020\/02\/purple-shampoo-rubitas-24-bottles-box.jpg","datePublished":"2020-02-02T02:11:29+00:00","dateModified":"2022-03-03T16:19:49+00:00","breadcrumb":{"@id":"https:\/\/wholesale.kachita.com\/es\/comprar\/champu-morado-equilibrio-de-tonos-correcion-del-color\/#breadcrumb"},"inLanguage":"es","potentialAction":[{"@type":"ReadAction","target":["https:\/\/wholesale.kachita.com\/es\/comprar\/champu-morado-equilibrio-de-tonos-correcion-del-color\/"]}]},{"@type":"ImageObject","inLanguage":"es","@id":"https:\/\/wholesale.kachita.com\/es\/comprar\/champu-morado-equilibrio-de-tonos-correcion-del-color\/#primaryimage","url":"https:\/\/wholesale.kachita.com\/wp-content\/uploads\/2020\/02\/purple-shampoo-rubitas-24-bottles-box.jpg","contentUrl":"https:\/\/wholesale.kachita.com\/wp-content\/uploads\/2020\/02\/purple-shampoo-rubitas-24-bottles-box.jpg","width":1200,"height":1200},{"@type":"BreadcrumbList","@id":"https:\/\/wholesale.kachita.com\/es\/comprar\/champu-morado-equilibrio-de-tonos-correcion-del-color\/#breadcrumb","itemListElement":[{"@type":"ListItem","position":1,"name":"Home","item":"https:\/\/wholesale.kachita.com\/es\/"},{"@type":"ListItem","position":2,"name":"Shop","item":"https:\/\/wholesale.kachita.com\/shop\/"},{"@type":"ListItem","position":3,"name":"Champ\u00fa Morado Correcci\u00f3n de Color No Yellow Shampoo"}]},{"@type":"WebSite","@id":"https:\/\/wholesale.kachita.com\/es\/#website","url":"https:\/\/wholesale.kachita.com\/es\/","name":"Kachita Spell","description":"Best Market Prices","publisher":{"@id":"https:\/\/wholesale.kachita.com\/es\/#organization"},"potentialAction":[{"@type":"SearchAction","target":{"@type":"EntryPoint","urlTemplate":"https:\/\/wholesale.kachita.com\/es\/?s={search_term_string}"},"query-input":"required name=search_term_string"}],"inLanguage":"es"},{"@type":"Organization","@id":"https:\/\/wholesale.kachita.com\/es\/#organization","name":"Kachita Spell","url":"https:\/\/wholesale.kachita.com\/es\/","logo":{"@type":"ImageObject","inLanguage":"es","@id":"https:\/\/wholesale.kachita.com\/es\/#\/schema\/logo\/image\/","url":"https:\/\/wholesale.kachita.com\/wp-content\/uploads\/2020\/01\/logo-icon.png","contentUrl":"https:\/\/wholesale.kachita.com\/wp-content\/uploads\/2020\/01\/logo-icon.png","width":512,"height":512,"caption":"Kachita Spell"},"image":{"@id":"https:\/\/wholesale.kachita.com\/es\/#\/schema\/logo\/image\/"},"sameAs":["https:\/\/www.facebook.com\/KachitaSpell\/","https:\/\/x.com\/KachitaSpell","https:\/\/www.instagram.com\/kachitaspell\/"]}]}},"_links":{"self":[{"href":"https:\/\/wholesale.kachita.com\/es\/wp-json\/wp\/v2\/product\/2430","targetHints":{"allow":["GET"]}}],"collection":[{"href":"https:\/\/wholesale.kachita.com\/es\/wp-json\/wp\/v2\/product"}],"about":[{"href":"https:\/\/wholesale.kachita.com\/es\/wp-json\/wp\/v2\/types\/product"}],"wp:featuredmedia":[{"embeddable":true,"href":"https:\/\/wholesale.kachita.com\/es\/wp-json\/wp\/v2\/media\/27882"}],"wp:attachment":[{"href":"https:\/\/wholesale.kachita.com\/es\/wp-json\/wp\/v2\/media?parent=2430"}],"wp:term":[{"taxonomy":"product_cat","embeddable":true,"href":"https:\/\/wholesale.kachita.com\/es\/wp-json\/wp\/v2\/product_cat?post=2430"},{"taxonomy":"product_tag","embeddable":true,"href":"https:\/\/wholesale.kachita.com\/es\/wp-json\/wp\/v2\/product_tag?post=2430"}],"curies":[{"name":"wp","href":"https:\/\/api.w.org\/{rel}","templated":true}]}}