{"id":20918,"date":"2022-04-06T12:41:34","date_gmt":"2022-04-06T17:41:35","guid":{"rendered":"https:\/\/wholesale.kachita.com\/?post_type=product&#038;p=20918"},"modified":"2022-04-06T12:46:14","modified_gmt":"2022-04-06T17:46:14","slug":"keratina-3d-33-8oz-copy","status":"publish","type":"product","link":"https:\/\/wholesale.kachita.com\/es\/comprar\/keratina-3d-33-8oz-copy\/","title":{"rendered":"Keratina 3D Kachita Spell 33.8oz"},"content":{"rendered":"","protected":false},"excerpt":{"rendered":"<p>La Keratina 3D Kachita Spell con infusi\u00f3n de chocolate en una nueva formulaci\u00f3n de keratinas. Esta f\u00f3rmula japonesa ha sido llevada al nivel m\u00e1s alto de resultados. Restaura y alisa cualquier tipo de cabello grueso, rizado, da\u00f1ado y te\u00f1ido. La Keratina 3D es muy famosa por sus resultados de alisado. Este alisador de cabello hecho en USA ha estado proporcionando maravillosos resultados durante los \u00faltimos 10 a\u00f1os a todos nuestros clientes de Keratinas convencionales. Mas liquida que la Keratina convencional y agregando un brillo extra a su cabello es una de las principales ventajas.<\/p>\n<p>Caracter\u00edsticas:<br \/>\n&#8211; Solo 15 minutos de tiempo de espera<br \/>\n&#8211; Base de amino\u00e1cidos<br \/>\n&#8211; Formulaci\u00f3n japonesa<br \/>\n&#8211; Alisado instant\u00e1neo<\/p>\n","protected":false},"featured_media":28056,"template":"","meta":[],"product_cat":[113],"product_tag":[],"class_list":{"0":"post-20918","1":"product","2":"type-product","3":"status-publish","4":"has-post-thumbnail","6":"product_cat-keratinas","8":"first","9":"instock","10":"sale","11":"taxable","12":"shipping-taxable","13":"purchasable","14":"product-type-simple"},"yoast_head":"<!-- This site is optimized with the Yoast SEO plugin v23.0 - https:\/\/yoast.com\/wordpress\/plugins\/seo\/ -->\n<title>Keratina 3D Kachita Spell 33.8oz - Kachita Spell Beauty Supply Wholesale<\/title>\n<meta name=\"robots\" content=\"noindex, follow, max-snippet:-1, max-image-preview:large, max-video-preview:-1\" \/>\n<meta property=\"og:locale\" content=\"es_ES\" \/>\n<meta property=\"og:type\" content=\"article\" \/>\n<meta property=\"og:title\" content=\"Keratina 3D Kachita Spell 33.8oz - Kachita Spell Beauty Supply Wholesale\" \/>\n<meta property=\"og:description\" content=\"La Keratina 3D Kachita Spell con infusi\u00f3n de chocolate en una nueva formulaci\u00f3n de keratinas. Esta f\u00f3rmula japonesa ha sido llevada al nivel m\u00e1s alto de resultados. Restaura y alisa cualquier tipo de cabello grueso, rizado, da\u00f1ado y te\u00f1ido. La Keratina 3D es muy famosa por sus resultados de alisado. Este alisador de cabello hecho en USA ha estado proporcionando maravillosos resultados durante los \u00faltimos 10 a\u00f1os a todos nuestros clientes de Keratinas convencionales. Mas liquida que la Keratina convencional y agregando un brillo extra a su cabello es una de las principales ventajas.  Caracter\u00edsticas: - Solo 15 minutos de tiempo de espera - Base de amino\u00e1cidos - Formulaci\u00f3n japonesa - Alisado instant\u00e1neo\" \/>\n<meta property=\"og:url\" content=\"https:\/\/wholesale.kachita.com\/es\/comprar\/keratina-3d-33-8oz-copy\/\" \/>\n<meta property=\"og:site_name\" content=\"Kachita Spell Beauty Supply Wholesale\" \/>\n<meta property=\"article:publisher\" content=\"https:\/\/www.facebook.com\/KachitaSpell\/\" \/>\n<meta property=\"article:modified_time\" content=\"2022-04-06T17:46:14+00:00\" \/>\n<meta property=\"og:image\" content=\"https:\/\/wholesale.kachita.com\/wp-content\/uploads\/2020\/02\/keratin3d.jpg\" \/>\n\t<meta property=\"og:image:width\" content=\"1500\" \/>\n\t<meta property=\"og:image:height\" content=\"1909\" \/>\n\t<meta property=\"og:image:type\" content=\"image\/jpeg\" \/>\n<meta name=\"twitter:card\" content=\"summary_large_image\" \/>\n<meta name=\"twitter:site\" content=\"@KachitaSpell\" \/>\n<script type=\"application\/ld+json\" class=\"yoast-schema-graph\">{\"@context\":\"https:\/\/schema.org\",\"@graph\":[{\"@type\":\"WebPage\",\"@id\":\"https:\/\/wholesale.kachita.com\/es\/comprar\/keratina-3d-33-8oz-copy\/\",\"url\":\"https:\/\/wholesale.kachita.com\/es\/comprar\/keratina-3d-33-8oz-copy\/\",\"name\":\"Keratina 3D Kachita Spell 33.8oz - Kachita Spell Beauty Supply Wholesale\",\"isPartOf\":{\"@id\":\"https:\/\/wholesale.kachita.com\/es\/#website\"},\"primaryImageOfPage\":{\"@id\":\"https:\/\/wholesale.kachita.com\/es\/comprar\/keratina-3d-33-8oz-copy\/#primaryimage\"},\"image\":{\"@id\":\"https:\/\/wholesale.kachita.com\/es\/comprar\/keratina-3d-33-8oz-copy\/#primaryimage\"},\"thumbnailUrl\":\"https:\/\/wholesale.kachita.com\/wp-content\/uploads\/2022\/04\/3d-keratin-clasic.jpg\",\"datePublished\":\"2022-04-06T17:41:35+00:00\",\"dateModified\":\"2022-04-06T17:46:14+00:00\",\"breadcrumb\":{\"@id\":\"https:\/\/wholesale.kachita.com\/es\/comprar\/keratina-3d-33-8oz-copy\/#breadcrumb\"},\"inLanguage\":\"es\",\"potentialAction\":[{\"@type\":\"ReadAction\",\"target\":[\"https:\/\/wholesale.kachita.com\/es\/comprar\/keratina-3d-33-8oz-copy\/\"]}]},{\"@type\":\"ImageObject\",\"inLanguage\":\"es\",\"@id\":\"https:\/\/wholesale.kachita.com\/es\/comprar\/keratina-3d-33-8oz-copy\/#primaryimage\",\"url\":\"https:\/\/wholesale.kachita.com\/wp-content\/uploads\/2022\/04\/3d-keratin-clasic.jpg\",\"contentUrl\":\"https:\/\/wholesale.kachita.com\/wp-content\/uploads\/2022\/04\/3d-keratin-clasic.jpg\",\"width\":1200,\"height\":1200},{\"@type\":\"BreadcrumbList\",\"@id\":\"https:\/\/wholesale.kachita.com\/es\/comprar\/keratina-3d-33-8oz-copy\/#breadcrumb\",\"itemListElement\":[{\"@type\":\"ListItem\",\"position\":1,\"name\":\"Home\",\"item\":\"https:\/\/wholesale.kachita.com\/es\/\"},{\"@type\":\"ListItem\",\"position\":2,\"name\":\"Shop\",\"item\":\"https:\/\/wholesale.kachita.com\/shop\/\"},{\"@type\":\"ListItem\",\"position\":3,\"name\":\"Keratina 3D Kachita Spell 33.8oz\"}]},{\"@type\":\"WebSite\",\"@id\":\"https:\/\/wholesale.kachita.com\/es\/#website\",\"url\":\"https:\/\/wholesale.kachita.com\/es\/\",\"name\":\"Kachita Spell\",\"description\":\"Best Market Prices\",\"publisher\":{\"@id\":\"https:\/\/wholesale.kachita.com\/es\/#organization\"},\"potentialAction\":[{\"@type\":\"SearchAction\",\"target\":{\"@type\":\"EntryPoint\",\"urlTemplate\":\"https:\/\/wholesale.kachita.com\/es\/?s={search_term_string}\"},\"query-input\":\"required name=search_term_string\"}],\"inLanguage\":\"es\"},{\"@type\":\"Organization\",\"@id\":\"https:\/\/wholesale.kachita.com\/es\/#organization\",\"name\":\"Kachita Spell\",\"url\":\"https:\/\/wholesale.kachita.com\/es\/\",\"logo\":{\"@type\":\"ImageObject\",\"inLanguage\":\"es\",\"@id\":\"https:\/\/wholesale.kachita.com\/es\/#\/schema\/logo\/image\/\",\"url\":\"https:\/\/wholesale.kachita.com\/wp-content\/uploads\/2020\/01\/logo-icon.png\",\"contentUrl\":\"https:\/\/wholesale.kachita.com\/wp-content\/uploads\/2020\/01\/logo-icon.png\",\"width\":512,\"height\":512,\"caption\":\"Kachita Spell\"},\"image\":{\"@id\":\"https:\/\/wholesale.kachita.com\/es\/#\/schema\/logo\/image\/\"},\"sameAs\":[\"https:\/\/www.facebook.com\/KachitaSpell\/\",\"https:\/\/x.com\/KachitaSpell\",\"https:\/\/www.instagram.com\/kachitaspell\/\"]}]}<\/script>\n<!-- \/ Yoast SEO plugin. -->","yoast_head_json":{"title":"Keratina 3D Kachita Spell 33.8oz - Kachita Spell Beauty Supply Wholesale","robots":{"index":"noindex","follow":"follow","max-snippet":"max-snippet:-1","max-image-preview":"max-image-preview:large","max-video-preview":"max-video-preview:-1"},"og_locale":"es_ES","og_type":"article","og_title":"Keratina 3D Kachita Spell 33.8oz - Kachita Spell Beauty Supply Wholesale","og_description":"La Keratina 3D Kachita Spell con infusi\u00f3n de chocolate en una nueva formulaci\u00f3n de keratinas. Esta f\u00f3rmula japonesa ha sido llevada al nivel m\u00e1s alto de resultados. Restaura y alisa cualquier tipo de cabello grueso, rizado, da\u00f1ado y te\u00f1ido. La Keratina 3D es muy famosa por sus resultados de alisado. Este alisador de cabello hecho en USA ha estado proporcionando maravillosos resultados durante los \u00faltimos 10 a\u00f1os a todos nuestros clientes de Keratinas convencionales. Mas liquida que la Keratina convencional y agregando un brillo extra a su cabello es una de las principales ventajas.  Caracter\u00edsticas: - Solo 15 minutos de tiempo de espera - Base de amino\u00e1cidos - Formulaci\u00f3n japonesa - Alisado instant\u00e1neo","og_url":"https:\/\/wholesale.kachita.com\/es\/comprar\/keratina-3d-33-8oz-copy\/","og_site_name":"Kachita Spell Beauty Supply Wholesale","article_publisher":"https:\/\/www.facebook.com\/KachitaSpell\/","article_modified_time":"2022-04-06T17:46:14+00:00","og_image":[{"width":1500,"height":1909,"url":"https:\/\/wholesale.kachita.com\/wp-content\/uploads\/2020\/02\/keratin3d.jpg","type":"image\/jpeg"}],"twitter_card":"summary_large_image","twitter_site":"@KachitaSpell","schema":{"@context":"https:\/\/schema.org","@graph":[{"@type":"WebPage","@id":"https:\/\/wholesale.kachita.com\/es\/comprar\/keratina-3d-33-8oz-copy\/","url":"https:\/\/wholesale.kachita.com\/es\/comprar\/keratina-3d-33-8oz-copy\/","name":"Keratina 3D Kachita Spell 33.8oz - Kachita Spell Beauty Supply Wholesale","isPartOf":{"@id":"https:\/\/wholesale.kachita.com\/es\/#website"},"primaryImageOfPage":{"@id":"https:\/\/wholesale.kachita.com\/es\/comprar\/keratina-3d-33-8oz-copy\/#primaryimage"},"image":{"@id":"https:\/\/wholesale.kachita.com\/es\/comprar\/keratina-3d-33-8oz-copy\/#primaryimage"},"thumbnailUrl":"https:\/\/wholesale.kachita.com\/wp-content\/uploads\/2022\/04\/3d-keratin-clasic.jpg","datePublished":"2022-04-06T17:41:35+00:00","dateModified":"2022-04-06T17:46:14+00:00","breadcrumb":{"@id":"https:\/\/wholesale.kachita.com\/es\/comprar\/keratina-3d-33-8oz-copy\/#breadcrumb"},"inLanguage":"es","potentialAction":[{"@type":"ReadAction","target":["https:\/\/wholesale.kachita.com\/es\/comprar\/keratina-3d-33-8oz-copy\/"]}]},{"@type":"ImageObject","inLanguage":"es","@id":"https:\/\/wholesale.kachita.com\/es\/comprar\/keratina-3d-33-8oz-copy\/#primaryimage","url":"https:\/\/wholesale.kachita.com\/wp-content\/uploads\/2022\/04\/3d-keratin-clasic.jpg","contentUrl":"https:\/\/wholesale.kachita.com\/wp-content\/uploads\/2022\/04\/3d-keratin-clasic.jpg","width":1200,"height":1200},{"@type":"BreadcrumbList","@id":"https:\/\/wholesale.kachita.com\/es\/comprar\/keratina-3d-33-8oz-copy\/#breadcrumb","itemListElement":[{"@type":"ListItem","position":1,"name":"Home","item":"https:\/\/wholesale.kachita.com\/es\/"},{"@type":"ListItem","position":2,"name":"Shop","item":"https:\/\/wholesale.kachita.com\/shop\/"},{"@type":"ListItem","position":3,"name":"Keratina 3D Kachita Spell 33.8oz"}]},{"@type":"WebSite","@id":"https:\/\/wholesale.kachita.com\/es\/#website","url":"https:\/\/wholesale.kachita.com\/es\/","name":"Kachita Spell","description":"Best Market Prices","publisher":{"@id":"https:\/\/wholesale.kachita.com\/es\/#organization"},"potentialAction":[{"@type":"SearchAction","target":{"@type":"EntryPoint","urlTemplate":"https:\/\/wholesale.kachita.com\/es\/?s={search_term_string}"},"query-input":"required name=search_term_string"}],"inLanguage":"es"},{"@type":"Organization","@id":"https:\/\/wholesale.kachita.com\/es\/#organization","name":"Kachita Spell","url":"https:\/\/wholesale.kachita.com\/es\/","logo":{"@type":"ImageObject","inLanguage":"es","@id":"https:\/\/wholesale.kachita.com\/es\/#\/schema\/logo\/image\/","url":"https:\/\/wholesale.kachita.com\/wp-content\/uploads\/2020\/01\/logo-icon.png","contentUrl":"https:\/\/wholesale.kachita.com\/wp-content\/uploads\/2020\/01\/logo-icon.png","width":512,"height":512,"caption":"Kachita Spell"},"image":{"@id":"https:\/\/wholesale.kachita.com\/es\/#\/schema\/logo\/image\/"},"sameAs":["https:\/\/www.facebook.com\/KachitaSpell\/","https:\/\/x.com\/KachitaSpell","https:\/\/www.instagram.com\/kachitaspell\/"]}]}},"_links":{"self":[{"href":"https:\/\/wholesale.kachita.com\/es\/wp-json\/wp\/v2\/product\/20918","targetHints":{"allow":["GET"]}}],"collection":[{"href":"https:\/\/wholesale.kachita.com\/es\/wp-json\/wp\/v2\/product"}],"about":[{"href":"https:\/\/wholesale.kachita.com\/es\/wp-json\/wp\/v2\/types\/product"}],"wp:featuredmedia":[{"embeddable":true,"href":"https:\/\/wholesale.kachita.com\/es\/wp-json\/wp\/v2\/media\/28056"}],"wp:attachment":[{"href":"https:\/\/wholesale.kachita.com\/es\/wp-json\/wp\/v2\/media?parent=20918"}],"wp:term":[{"taxonomy":"product_cat","embeddable":true,"href":"https:\/\/wholesale.kachita.com\/es\/wp-json\/wp\/v2\/product_cat?post=20918"},{"taxonomy":"product_tag","embeddable":true,"href":"https:\/\/wholesale.kachita.com\/es\/wp-json\/wp\/v2\/product_tag?post=20918"}],"curies":[{"name":"wp","href":"https:\/\/api.w.org\/{rel}","templated":true}]}}