{"id":18976,"date":"2021-12-22T13:06:07","date_gmt":"2021-12-22T18:06:07","guid":{"rendered":"https:\/\/wholesale.kachita.com\/?post_type=product&#038;p=18976"},"modified":"2021-12-22T13:15:16","modified_gmt":"2021-12-22T18:15:16","slug":"aceite-argan-marroqui-kachita-spell","status":"publish","type":"product","link":"https:\/\/wholesale.kachita.com\/es\/comprar\/aceite-argan-marroqui-kachita-spell\/","title":{"rendered":"2 x Aceite de Argan Marroqui Kachita Spell"},"content":{"rendered":"<p><strong>Kachita Spell Aceite de Argan Marroqui<\/strong>: Especialmente formulado con \u00e1cidos grasos, principalmente \u00e1cido oleico y \u00e1cido linoleico para humectar el cuero cabelludo y el cabello. Excelente reparador de puntas. Se ha demostrado que estos aceites lubrican el tallo del cabello y ayudan a su cabello a mantener la humedad. El aceite de arg\u00e1n tambi\u00e9n es rico en vitamina E, proporcionando una capa de grasa para el cabello y el cuero cabelludo, lo que ayudar a prevenir la sequedad y aumentar el brillo. El aceite de arg\u00e1n puede ser utilizado como humectante para la piel. Tratamiento Reparador Intensivo con Sello de Garant\u00eda Original de Kachita Spell, Calidad M\u00e1xima, Fabricado en USA.<\/p>\n","protected":false},"excerpt":{"rendered":"<p>Especialmente formulado con \u00e1cidos grasos, principalmente \u00e1cido oleico y \u00e1cido linoleico para humectar el cuero cabelludo y el cabello. Excelente reparador de puntas. Se ha demostrado que estos aceites lubrican el tallo del cabello y ayudan a su cabello a mantener la humedad. El aceite de arg\u00e1n tambi\u00e9n es rico en vitamina E, proporcionando una capa de grasa para el cabello y el cuero cabelludo, lo que ayudar a prevenir la sequedad y aumentar el brillo.<\/p>\n","protected":false},"featured_media":18978,"template":"","meta":[],"product_cat":[155],"product_tag":[],"class_list":{"0":"post-18976","1":"product","2":"type-product","3":"status-publish","4":"has-post-thumbnail","6":"product_cat-hair-treatments","8":"first","9":"instock","10":"sale","11":"taxable","12":"shipping-taxable","13":"purchasable","14":"product-type-simple"},"yoast_head":"<!-- This site is optimized with the Yoast SEO plugin v23.0 - https:\/\/yoast.com\/wordpress\/plugins\/seo\/ -->\n<title>2 x Aceite de Argan Marroqui Kachita Spell - Kachita Spell Beauty Supply Wholesale<\/title>\n<meta name=\"robots\" content=\"noindex, follow, max-snippet:-1, max-image-preview:large, max-video-preview:-1\" \/>\n<meta property=\"og:locale\" content=\"es_ES\" \/>\n<meta property=\"og:type\" content=\"article\" \/>\n<meta property=\"og:title\" content=\"2 x Aceite de Argan Marroqui Kachita Spell - Kachita Spell Beauty Supply Wholesale\" \/>\n<meta property=\"og:description\" content=\"Especialmente formulado con \u00e1cidos grasos, principalmente \u00e1cido oleico y \u00e1cido linoleico para humectar el cuero cabelludo y el cabello. Excelente reparador de puntas. Se ha demostrado que estos aceites lubrican el tallo del cabello y ayudan a su cabello a mantener la humedad. El aceite de arg\u00e1n tambi\u00e9n es rico en vitamina E, proporcionando una capa de grasa para el cabello y el cuero cabelludo, lo que ayudar a prevenir la sequedad y aumentar el brillo.\" \/>\n<meta property=\"og:url\" content=\"https:\/\/wholesale.kachita.com\/es\/comprar\/aceite-argan-marroqui-kachita-spell\/\" \/>\n<meta property=\"og:site_name\" content=\"Kachita Spell Beauty Supply Wholesale\" \/>\n<meta property=\"article:publisher\" content=\"https:\/\/www.facebook.com\/KachitaSpell\/\" \/>\n<meta property=\"article:modified_time\" content=\"2021-12-22T18:15:16+00:00\" \/>\n<meta property=\"og:image\" content=\"https:\/\/wholesale.kachita.com\/wp-content\/uploads\/2021\/12\/argan-oil.jpg\" \/>\n\t<meta property=\"og:image:width\" content=\"1500\" \/>\n\t<meta property=\"og:image:height\" content=\"1500\" \/>\n\t<meta property=\"og:image:type\" content=\"image\/jpeg\" \/>\n<meta name=\"twitter:card\" content=\"summary_large_image\" \/>\n<meta name=\"twitter:site\" content=\"@KachitaSpell\" \/>\n<meta name=\"twitter:label1\" content=\"Tiempo de lectura\" \/>\n\t<meta name=\"twitter:data1\" content=\"1 minuto\" \/>\n<script type=\"application\/ld+json\" class=\"yoast-schema-graph\">{\"@context\":\"https:\/\/schema.org\",\"@graph\":[{\"@type\":\"WebPage\",\"@id\":\"https:\/\/wholesale.kachita.com\/es\/comprar\/aceite-argan-marroqui-kachita-spell\/\",\"url\":\"https:\/\/wholesale.kachita.com\/es\/comprar\/aceite-argan-marroqui-kachita-spell\/\",\"name\":\"2 x Aceite de Argan Marroqui Kachita Spell - Kachita Spell Beauty Supply Wholesale\",\"isPartOf\":{\"@id\":\"https:\/\/wholesale.kachita.com\/es\/#website\"},\"primaryImageOfPage\":{\"@id\":\"https:\/\/wholesale.kachita.com\/es\/comprar\/aceite-argan-marroqui-kachita-spell\/#primaryimage\"},\"image\":{\"@id\":\"https:\/\/wholesale.kachita.com\/es\/comprar\/aceite-argan-marroqui-kachita-spell\/#primaryimage\"},\"thumbnailUrl\":\"https:\/\/wholesale.kachita.com\/wp-content\/uploads\/2021\/12\/argan-oil.jpg\",\"datePublished\":\"2021-12-22T18:06:07+00:00\",\"dateModified\":\"2021-12-22T18:15:16+00:00\",\"breadcrumb\":{\"@id\":\"https:\/\/wholesale.kachita.com\/es\/comprar\/aceite-argan-marroqui-kachita-spell\/#breadcrumb\"},\"inLanguage\":\"es\",\"potentialAction\":[{\"@type\":\"ReadAction\",\"target\":[\"https:\/\/wholesale.kachita.com\/es\/comprar\/aceite-argan-marroqui-kachita-spell\/\"]}]},{\"@type\":\"ImageObject\",\"inLanguage\":\"es\",\"@id\":\"https:\/\/wholesale.kachita.com\/es\/comprar\/aceite-argan-marroqui-kachita-spell\/#primaryimage\",\"url\":\"https:\/\/wholesale.kachita.com\/wp-content\/uploads\/2021\/12\/argan-oil.jpg\",\"contentUrl\":\"https:\/\/wholesale.kachita.com\/wp-content\/uploads\/2021\/12\/argan-oil.jpg\",\"width\":1500,\"height\":1500},{\"@type\":\"BreadcrumbList\",\"@id\":\"https:\/\/wholesale.kachita.com\/es\/comprar\/aceite-argan-marroqui-kachita-spell\/#breadcrumb\",\"itemListElement\":[{\"@type\":\"ListItem\",\"position\":1,\"name\":\"Home\",\"item\":\"https:\/\/wholesale.kachita.com\/es\/\"},{\"@type\":\"ListItem\",\"position\":2,\"name\":\"Shop\",\"item\":\"https:\/\/wholesale.kachita.com\/shop\/\"},{\"@type\":\"ListItem\",\"position\":3,\"name\":\"2 x Aceite de Argan Marroqui Kachita Spell\"}]},{\"@type\":\"WebSite\",\"@id\":\"https:\/\/wholesale.kachita.com\/es\/#website\",\"url\":\"https:\/\/wholesale.kachita.com\/es\/\",\"name\":\"Kachita Spell\",\"description\":\"Best Market Prices\",\"publisher\":{\"@id\":\"https:\/\/wholesale.kachita.com\/es\/#organization\"},\"potentialAction\":[{\"@type\":\"SearchAction\",\"target\":{\"@type\":\"EntryPoint\",\"urlTemplate\":\"https:\/\/wholesale.kachita.com\/es\/?s={search_term_string}\"},\"query-input\":\"required name=search_term_string\"}],\"inLanguage\":\"es\"},{\"@type\":\"Organization\",\"@id\":\"https:\/\/wholesale.kachita.com\/es\/#organization\",\"name\":\"Kachita Spell\",\"url\":\"https:\/\/wholesale.kachita.com\/es\/\",\"logo\":{\"@type\":\"ImageObject\",\"inLanguage\":\"es\",\"@id\":\"https:\/\/wholesale.kachita.com\/es\/#\/schema\/logo\/image\/\",\"url\":\"https:\/\/wholesale.kachita.com\/wp-content\/uploads\/2020\/01\/logo-icon.png\",\"contentUrl\":\"https:\/\/wholesale.kachita.com\/wp-content\/uploads\/2020\/01\/logo-icon.png\",\"width\":512,\"height\":512,\"caption\":\"Kachita Spell\"},\"image\":{\"@id\":\"https:\/\/wholesale.kachita.com\/es\/#\/schema\/logo\/image\/\"},\"sameAs\":[\"https:\/\/www.facebook.com\/KachitaSpell\/\",\"https:\/\/x.com\/KachitaSpell\",\"https:\/\/www.instagram.com\/kachitaspell\/\"]}]}<\/script>\n<!-- \/ Yoast SEO plugin. -->","yoast_head_json":{"title":"2 x Aceite de Argan Marroqui Kachita Spell - Kachita Spell Beauty Supply Wholesale","robots":{"index":"noindex","follow":"follow","max-snippet":"max-snippet:-1","max-image-preview":"max-image-preview:large","max-video-preview":"max-video-preview:-1"},"og_locale":"es_ES","og_type":"article","og_title":"2 x Aceite de Argan Marroqui Kachita Spell - Kachita Spell Beauty Supply Wholesale","og_description":"Especialmente formulado con \u00e1cidos grasos, principalmente \u00e1cido oleico y \u00e1cido linoleico para humectar el cuero cabelludo y el cabello. Excelente reparador de puntas. Se ha demostrado que estos aceites lubrican el tallo del cabello y ayudan a su cabello a mantener la humedad. El aceite de arg\u00e1n tambi\u00e9n es rico en vitamina E, proporcionando una capa de grasa para el cabello y el cuero cabelludo, lo que ayudar a prevenir la sequedad y aumentar el brillo.","og_url":"https:\/\/wholesale.kachita.com\/es\/comprar\/aceite-argan-marroqui-kachita-spell\/","og_site_name":"Kachita Spell Beauty Supply Wholesale","article_publisher":"https:\/\/www.facebook.com\/KachitaSpell\/","article_modified_time":"2021-12-22T18:15:16+00:00","og_image":[{"width":1500,"height":1500,"url":"https:\/\/wholesale.kachita.com\/wp-content\/uploads\/2021\/12\/argan-oil.jpg","type":"image\/jpeg"}],"twitter_card":"summary_large_image","twitter_site":"@KachitaSpell","twitter_misc":{"Tiempo de lectura":"1 minuto"},"schema":{"@context":"https:\/\/schema.org","@graph":[{"@type":"WebPage","@id":"https:\/\/wholesale.kachita.com\/es\/comprar\/aceite-argan-marroqui-kachita-spell\/","url":"https:\/\/wholesale.kachita.com\/es\/comprar\/aceite-argan-marroqui-kachita-spell\/","name":"2 x Aceite de Argan Marroqui Kachita Spell - Kachita Spell Beauty Supply Wholesale","isPartOf":{"@id":"https:\/\/wholesale.kachita.com\/es\/#website"},"primaryImageOfPage":{"@id":"https:\/\/wholesale.kachita.com\/es\/comprar\/aceite-argan-marroqui-kachita-spell\/#primaryimage"},"image":{"@id":"https:\/\/wholesale.kachita.com\/es\/comprar\/aceite-argan-marroqui-kachita-spell\/#primaryimage"},"thumbnailUrl":"https:\/\/wholesale.kachita.com\/wp-content\/uploads\/2021\/12\/argan-oil.jpg","datePublished":"2021-12-22T18:06:07+00:00","dateModified":"2021-12-22T18:15:16+00:00","breadcrumb":{"@id":"https:\/\/wholesale.kachita.com\/es\/comprar\/aceite-argan-marroqui-kachita-spell\/#breadcrumb"},"inLanguage":"es","potentialAction":[{"@type":"ReadAction","target":["https:\/\/wholesale.kachita.com\/es\/comprar\/aceite-argan-marroqui-kachita-spell\/"]}]},{"@type":"ImageObject","inLanguage":"es","@id":"https:\/\/wholesale.kachita.com\/es\/comprar\/aceite-argan-marroqui-kachita-spell\/#primaryimage","url":"https:\/\/wholesale.kachita.com\/wp-content\/uploads\/2021\/12\/argan-oil.jpg","contentUrl":"https:\/\/wholesale.kachita.com\/wp-content\/uploads\/2021\/12\/argan-oil.jpg","width":1500,"height":1500},{"@type":"BreadcrumbList","@id":"https:\/\/wholesale.kachita.com\/es\/comprar\/aceite-argan-marroqui-kachita-spell\/#breadcrumb","itemListElement":[{"@type":"ListItem","position":1,"name":"Home","item":"https:\/\/wholesale.kachita.com\/es\/"},{"@type":"ListItem","position":2,"name":"Shop","item":"https:\/\/wholesale.kachita.com\/shop\/"},{"@type":"ListItem","position":3,"name":"2 x Aceite de Argan Marroqui Kachita Spell"}]},{"@type":"WebSite","@id":"https:\/\/wholesale.kachita.com\/es\/#website","url":"https:\/\/wholesale.kachita.com\/es\/","name":"Kachita Spell","description":"Best Market Prices","publisher":{"@id":"https:\/\/wholesale.kachita.com\/es\/#organization"},"potentialAction":[{"@type":"SearchAction","target":{"@type":"EntryPoint","urlTemplate":"https:\/\/wholesale.kachita.com\/es\/?s={search_term_string}"},"query-input":"required name=search_term_string"}],"inLanguage":"es"},{"@type":"Organization","@id":"https:\/\/wholesale.kachita.com\/es\/#organization","name":"Kachita Spell","url":"https:\/\/wholesale.kachita.com\/es\/","logo":{"@type":"ImageObject","inLanguage":"es","@id":"https:\/\/wholesale.kachita.com\/es\/#\/schema\/logo\/image\/","url":"https:\/\/wholesale.kachita.com\/wp-content\/uploads\/2020\/01\/logo-icon.png","contentUrl":"https:\/\/wholesale.kachita.com\/wp-content\/uploads\/2020\/01\/logo-icon.png","width":512,"height":512,"caption":"Kachita Spell"},"image":{"@id":"https:\/\/wholesale.kachita.com\/es\/#\/schema\/logo\/image\/"},"sameAs":["https:\/\/www.facebook.com\/KachitaSpell\/","https:\/\/x.com\/KachitaSpell","https:\/\/www.instagram.com\/kachitaspell\/"]}]}},"_links":{"self":[{"href":"https:\/\/wholesale.kachita.com\/es\/wp-json\/wp\/v2\/product\/18976","targetHints":{"allow":["GET"]}}],"collection":[{"href":"https:\/\/wholesale.kachita.com\/es\/wp-json\/wp\/v2\/product"}],"about":[{"href":"https:\/\/wholesale.kachita.com\/es\/wp-json\/wp\/v2\/types\/product"}],"wp:featuredmedia":[{"embeddable":true,"href":"https:\/\/wholesale.kachita.com\/es\/wp-json\/wp\/v2\/media\/18978"}],"wp:attachment":[{"href":"https:\/\/wholesale.kachita.com\/es\/wp-json\/wp\/v2\/media?parent=18976"}],"wp:term":[{"taxonomy":"product_cat","embeddable":true,"href":"https:\/\/wholesale.kachita.com\/es\/wp-json\/wp\/v2\/product_cat?post=18976"},{"taxonomy":"product_tag","embeddable":true,"href":"https:\/\/wholesale.kachita.com\/es\/wp-json\/wp\/v2\/product_tag?post=18976"}],"curies":[{"name":"wp","href":"https:\/\/api.w.org\/{rel}","templated":true}]}}