{"id":14704,"date":"2021-08-04T17:04:18","date_gmt":"2021-08-04T22:04:18","guid":{"rendered":"https:\/\/wholesale.kachita.com\/?post_type=product&#038;p=14704"},"modified":"2021-08-04T17:08:47","modified_gmt":"2021-08-04T22:08:47","slug":"keratina-sin-formol-8oz","status":"publish","type":"product","link":"https:\/\/wholesale.kachita.com\/es\/comprar\/keratina-sin-formol-8oz\/","title":{"rendered":"2 Pomos de Keratina sin Formol Formula 8 floz"},"content":{"rendered":"","protected":false},"excerpt":{"rendered":"<p>Va a recibir 2 Pomos de Keratina sin Formol Formula 8 floz<\/p>\n<p>El tratamiento de Keratina Kachita Spell sin formol alisa completamente su cabello sin cambios da\u00f1inos en la estructura del cabello ni en su piel. No contiene nada de formol, por lo que no sentir\u00e1s el olor de este en ning\u00fan momento solo una rica fragancia. La aplicaci\u00f3n se basa en la Keratina, que es una sustancia natural que restaura el estado saludable, sedoso y acondicionado de su cabello original. Est\u00e1 dise\u00f1ado para todo tipo de cabello, tanto para virgen como para cabello tratado qu\u00edmicamente. El tiempo de aplicaci\u00f3n depende de la longitud y el grosor del cabello, por lo general es entre 30 minutos a 60 minutos. La botella de 32 oz rinde hasta 14 tratamientos dependiendo del largo de tu cabello.<\/p>\n<p>PRINCIPALES PROPIEDADES:<\/p>\n<p>Libre de Formol &#8211; Keratina Sin Formol<br \/>\n100% natural<br \/>\nAntial\u00e9rgico<br \/>\nResultados inmediatamente visibles<br \/>\nCabello m\u00e1s saludable<br \/>\nEl mejor precio en el mercado<\/p>\n","protected":false},"featured_media":28070,"template":"","meta":[],"product_cat":[113],"product_tag":[],"class_list":{"0":"post-14704","1":"product","2":"type-product","3":"status-publish","4":"has-post-thumbnail","6":"product_cat-keratinas","8":"first","9":"instock","10":"sale","11":"taxable","12":"shipping-taxable","13":"purchasable","14":"product-type-simple"},"yoast_head":"<!-- This site is optimized with the Yoast SEO plugin v23.0 - https:\/\/yoast.com\/wordpress\/plugins\/seo\/ -->\n<title>2 Pomos de Keratina sin Formol Formula 8 floz - Kachita Spell Beauty Supply Wholesale<\/title>\n<meta name=\"robots\" content=\"noindex, follow, max-snippet:-1, max-image-preview:large, max-video-preview:-1\" \/>\n<meta property=\"og:locale\" content=\"es_ES\" \/>\n<meta property=\"og:type\" content=\"article\" \/>\n<meta property=\"og:title\" content=\"2 Pomos de Keratina sin Formol Formula 8 floz - Kachita Spell Beauty Supply Wholesale\" \/>\n<meta property=\"og:description\" content=\"Va a recibir 2 Pomos de Keratina sin Formol Formula 8 floz  El tratamiento de Keratina Kachita Spell sin formol alisa completamente su cabello sin cambios da\u00f1inos en la estructura del cabello ni en su piel. No contiene nada de formol, por lo que no sentir\u00e1s el olor de este en ning\u00fan momento solo una rica fragancia. La aplicaci\u00f3n se basa en la Keratina, que es una sustancia natural que restaura el estado saludable, sedoso y acondicionado de su cabello original. Est\u00e1 dise\u00f1ado para todo tipo de cabello, tanto para virgen como para cabello tratado qu\u00edmicamente. El tiempo de aplicaci\u00f3n depende de la longitud y el grosor del cabello, por lo general es entre 30 minutos a 60 minutos. La botella de 32 oz rinde hasta 14 tratamientos dependiendo del largo de tu cabello.  PRINCIPALES PROPIEDADES:  Libre de Formol - Keratina Sin Formol 100% natural Antial\u00e9rgico Resultados inmediatamente visibles Cabello m\u00e1s saludable El mejor precio en el mercado\" \/>\n<meta property=\"og:url\" content=\"https:\/\/wholesale.kachita.com\/es\/comprar\/keratina-sin-formol-8oz\/\" \/>\n<meta property=\"og:site_name\" content=\"Kachita Spell Beauty Supply Wholesale\" \/>\n<meta property=\"article:publisher\" content=\"https:\/\/www.facebook.com\/KachitaSpell\/\" \/>\n<meta property=\"article:modified_time\" content=\"2021-08-04T22:08:47+00:00\" \/>\n<meta property=\"og:image\" content=\"https:\/\/wholesale.kachita.com\/wp-content\/uploads\/2021\/08\/formaldehyde-free8oz.jpg\" \/>\n\t<meta property=\"og:image:width\" content=\"1200\" \/>\n\t<meta property=\"og:image:height\" content=\"1200\" \/>\n\t<meta property=\"og:image:type\" content=\"image\/jpeg\" \/>\n<meta name=\"twitter:card\" content=\"summary_large_image\" \/>\n<meta name=\"twitter:site\" content=\"@KachitaSpell\" \/>\n<script type=\"application\/ld+json\" class=\"yoast-schema-graph\">{\"@context\":\"https:\/\/schema.org\",\"@graph\":[{\"@type\":\"WebPage\",\"@id\":\"https:\/\/wholesale.kachita.com\/es\/comprar\/keratina-sin-formol-8oz\/\",\"url\":\"https:\/\/wholesale.kachita.com\/es\/comprar\/keratina-sin-formol-8oz\/\",\"name\":\"2 Pomos de Keratina sin Formol Formula 8 floz - Kachita Spell Beauty Supply Wholesale\",\"isPartOf\":{\"@id\":\"https:\/\/wholesale.kachita.com\/es\/#website\"},\"primaryImageOfPage\":{\"@id\":\"https:\/\/wholesale.kachita.com\/es\/comprar\/keratina-sin-formol-8oz\/#primaryimage\"},\"image\":{\"@id\":\"https:\/\/wholesale.kachita.com\/es\/comprar\/keratina-sin-formol-8oz\/#primaryimage\"},\"thumbnailUrl\":\"https:\/\/wholesale.kachita.com\/wp-content\/uploads\/2021\/08\/formaldehyde-free8oz.jpg\",\"datePublished\":\"2021-08-04T22:04:18+00:00\",\"dateModified\":\"2021-08-04T22:08:47+00:00\",\"breadcrumb\":{\"@id\":\"https:\/\/wholesale.kachita.com\/es\/comprar\/keratina-sin-formol-8oz\/#breadcrumb\"},\"inLanguage\":\"es\",\"potentialAction\":[{\"@type\":\"ReadAction\",\"target\":[\"https:\/\/wholesale.kachita.com\/es\/comprar\/keratina-sin-formol-8oz\/\"]}]},{\"@type\":\"ImageObject\",\"inLanguage\":\"es\",\"@id\":\"https:\/\/wholesale.kachita.com\/es\/comprar\/keratina-sin-formol-8oz\/#primaryimage\",\"url\":\"https:\/\/wholesale.kachita.com\/wp-content\/uploads\/2021\/08\/formaldehyde-free8oz.jpg\",\"contentUrl\":\"https:\/\/wholesale.kachita.com\/wp-content\/uploads\/2021\/08\/formaldehyde-free8oz.jpg\",\"width\":1200,\"height\":1200},{\"@type\":\"BreadcrumbList\",\"@id\":\"https:\/\/wholesale.kachita.com\/es\/comprar\/keratina-sin-formol-8oz\/#breadcrumb\",\"itemListElement\":[{\"@type\":\"ListItem\",\"position\":1,\"name\":\"Home\",\"item\":\"https:\/\/wholesale.kachita.com\/es\/\"},{\"@type\":\"ListItem\",\"position\":2,\"name\":\"Shop\",\"item\":\"https:\/\/wholesale.kachita.com\/shop\/\"},{\"@type\":\"ListItem\",\"position\":3,\"name\":\"2 Pomos de Keratina sin Formol Formula 8 floz\"}]},{\"@type\":\"WebSite\",\"@id\":\"https:\/\/wholesale.kachita.com\/es\/#website\",\"url\":\"https:\/\/wholesale.kachita.com\/es\/\",\"name\":\"Kachita Spell\",\"description\":\"Best Market Prices\",\"publisher\":{\"@id\":\"https:\/\/wholesale.kachita.com\/es\/#organization\"},\"potentialAction\":[{\"@type\":\"SearchAction\",\"target\":{\"@type\":\"EntryPoint\",\"urlTemplate\":\"https:\/\/wholesale.kachita.com\/es\/?s={search_term_string}\"},\"query-input\":\"required name=search_term_string\"}],\"inLanguage\":\"es\"},{\"@type\":\"Organization\",\"@id\":\"https:\/\/wholesale.kachita.com\/es\/#organization\",\"name\":\"Kachita Spell\",\"url\":\"https:\/\/wholesale.kachita.com\/es\/\",\"logo\":{\"@type\":\"ImageObject\",\"inLanguage\":\"es\",\"@id\":\"https:\/\/wholesale.kachita.com\/es\/#\/schema\/logo\/image\/\",\"url\":\"https:\/\/wholesale.kachita.com\/wp-content\/uploads\/2020\/01\/logo-icon.png\",\"contentUrl\":\"https:\/\/wholesale.kachita.com\/wp-content\/uploads\/2020\/01\/logo-icon.png\",\"width\":512,\"height\":512,\"caption\":\"Kachita Spell\"},\"image\":{\"@id\":\"https:\/\/wholesale.kachita.com\/es\/#\/schema\/logo\/image\/\"},\"sameAs\":[\"https:\/\/www.facebook.com\/KachitaSpell\/\",\"https:\/\/x.com\/KachitaSpell\",\"https:\/\/www.instagram.com\/kachitaspell\/\"]}]}<\/script>\n<!-- \/ Yoast SEO plugin. -->","yoast_head_json":{"title":"2 Pomos de Keratina sin Formol Formula 8 floz - Kachita Spell Beauty Supply Wholesale","robots":{"index":"noindex","follow":"follow","max-snippet":"max-snippet:-1","max-image-preview":"max-image-preview:large","max-video-preview":"max-video-preview:-1"},"og_locale":"es_ES","og_type":"article","og_title":"2 Pomos de Keratina sin Formol Formula 8 floz - Kachita Spell Beauty Supply Wholesale","og_description":"Va a recibir 2 Pomos de Keratina sin Formol Formula 8 floz  El tratamiento de Keratina Kachita Spell sin formol alisa completamente su cabello sin cambios da\u00f1inos en la estructura del cabello ni en su piel. No contiene nada de formol, por lo que no sentir\u00e1s el olor de este en ning\u00fan momento solo una rica fragancia. La aplicaci\u00f3n se basa en la Keratina, que es una sustancia natural que restaura el estado saludable, sedoso y acondicionado de su cabello original. Est\u00e1 dise\u00f1ado para todo tipo de cabello, tanto para virgen como para cabello tratado qu\u00edmicamente. El tiempo de aplicaci\u00f3n depende de la longitud y el grosor del cabello, por lo general es entre 30 minutos a 60 minutos. La botella de 32 oz rinde hasta 14 tratamientos dependiendo del largo de tu cabello.  PRINCIPALES PROPIEDADES:  Libre de Formol - Keratina Sin Formol 100% natural Antial\u00e9rgico Resultados inmediatamente visibles Cabello m\u00e1s saludable El mejor precio en el mercado","og_url":"https:\/\/wholesale.kachita.com\/es\/comprar\/keratina-sin-formol-8oz\/","og_site_name":"Kachita Spell Beauty Supply Wholesale","article_publisher":"https:\/\/www.facebook.com\/KachitaSpell\/","article_modified_time":"2021-08-04T22:08:47+00:00","og_image":[{"width":1200,"height":1200,"url":"https:\/\/wholesale.kachita.com\/wp-content\/uploads\/2021\/08\/formaldehyde-free8oz.jpg","type":"image\/jpeg"}],"twitter_card":"summary_large_image","twitter_site":"@KachitaSpell","schema":{"@context":"https:\/\/schema.org","@graph":[{"@type":"WebPage","@id":"https:\/\/wholesale.kachita.com\/es\/comprar\/keratina-sin-formol-8oz\/","url":"https:\/\/wholesale.kachita.com\/es\/comprar\/keratina-sin-formol-8oz\/","name":"2 Pomos de Keratina sin Formol Formula 8 floz - Kachita Spell Beauty Supply Wholesale","isPartOf":{"@id":"https:\/\/wholesale.kachita.com\/es\/#website"},"primaryImageOfPage":{"@id":"https:\/\/wholesale.kachita.com\/es\/comprar\/keratina-sin-formol-8oz\/#primaryimage"},"image":{"@id":"https:\/\/wholesale.kachita.com\/es\/comprar\/keratina-sin-formol-8oz\/#primaryimage"},"thumbnailUrl":"https:\/\/wholesale.kachita.com\/wp-content\/uploads\/2021\/08\/formaldehyde-free8oz.jpg","datePublished":"2021-08-04T22:04:18+00:00","dateModified":"2021-08-04T22:08:47+00:00","breadcrumb":{"@id":"https:\/\/wholesale.kachita.com\/es\/comprar\/keratina-sin-formol-8oz\/#breadcrumb"},"inLanguage":"es","potentialAction":[{"@type":"ReadAction","target":["https:\/\/wholesale.kachita.com\/es\/comprar\/keratina-sin-formol-8oz\/"]}]},{"@type":"ImageObject","inLanguage":"es","@id":"https:\/\/wholesale.kachita.com\/es\/comprar\/keratina-sin-formol-8oz\/#primaryimage","url":"https:\/\/wholesale.kachita.com\/wp-content\/uploads\/2021\/08\/formaldehyde-free8oz.jpg","contentUrl":"https:\/\/wholesale.kachita.com\/wp-content\/uploads\/2021\/08\/formaldehyde-free8oz.jpg","width":1200,"height":1200},{"@type":"BreadcrumbList","@id":"https:\/\/wholesale.kachita.com\/es\/comprar\/keratina-sin-formol-8oz\/#breadcrumb","itemListElement":[{"@type":"ListItem","position":1,"name":"Home","item":"https:\/\/wholesale.kachita.com\/es\/"},{"@type":"ListItem","position":2,"name":"Shop","item":"https:\/\/wholesale.kachita.com\/shop\/"},{"@type":"ListItem","position":3,"name":"2 Pomos de Keratina sin Formol Formula 8 floz"}]},{"@type":"WebSite","@id":"https:\/\/wholesale.kachita.com\/es\/#website","url":"https:\/\/wholesale.kachita.com\/es\/","name":"Kachita Spell","description":"Best Market Prices","publisher":{"@id":"https:\/\/wholesale.kachita.com\/es\/#organization"},"potentialAction":[{"@type":"SearchAction","target":{"@type":"EntryPoint","urlTemplate":"https:\/\/wholesale.kachita.com\/es\/?s={search_term_string}"},"query-input":"required name=search_term_string"}],"inLanguage":"es"},{"@type":"Organization","@id":"https:\/\/wholesale.kachita.com\/es\/#organization","name":"Kachita Spell","url":"https:\/\/wholesale.kachita.com\/es\/","logo":{"@type":"ImageObject","inLanguage":"es","@id":"https:\/\/wholesale.kachita.com\/es\/#\/schema\/logo\/image\/","url":"https:\/\/wholesale.kachita.com\/wp-content\/uploads\/2020\/01\/logo-icon.png","contentUrl":"https:\/\/wholesale.kachita.com\/wp-content\/uploads\/2020\/01\/logo-icon.png","width":512,"height":512,"caption":"Kachita Spell"},"image":{"@id":"https:\/\/wholesale.kachita.com\/es\/#\/schema\/logo\/image\/"},"sameAs":["https:\/\/www.facebook.com\/KachitaSpell\/","https:\/\/x.com\/KachitaSpell","https:\/\/www.instagram.com\/kachitaspell\/"]}]}},"_links":{"self":[{"href":"https:\/\/wholesale.kachita.com\/es\/wp-json\/wp\/v2\/product\/14704","targetHints":{"allow":["GET"]}}],"collection":[{"href":"https:\/\/wholesale.kachita.com\/es\/wp-json\/wp\/v2\/product"}],"about":[{"href":"https:\/\/wholesale.kachita.com\/es\/wp-json\/wp\/v2\/types\/product"}],"wp:featuredmedia":[{"embeddable":true,"href":"https:\/\/wholesale.kachita.com\/es\/wp-json\/wp\/v2\/media\/28070"}],"wp:attachment":[{"href":"https:\/\/wholesale.kachita.com\/es\/wp-json\/wp\/v2\/media?parent=14704"}],"wp:term":[{"taxonomy":"product_cat","embeddable":true,"href":"https:\/\/wholesale.kachita.com\/es\/wp-json\/wp\/v2\/product_cat?post=14704"},{"taxonomy":"product_tag","embeddable":true,"href":"https:\/\/wholesale.kachita.com\/es\/wp-json\/wp\/v2\/product_tag?post=14704"}],"curies":[{"name":"wp","href":"https:\/\/api.w.org\/{rel}","templated":true}]}}