{"id":1415,"date":"2020-02-04T23:17:09","date_gmt":"2020-02-05T04:17:09","guid":{"rendered":"https:\/\/wholesale.kachita.com\/product\/keratina-special-edition-16oz\/"},"modified":"2022-03-03T12:43:38","modified_gmt":"2022-03-03T17:43:38","slug":"keratina-chocolate-special-edition-16oz","status":"publish","type":"product","link":"https:\/\/wholesale.kachita.com\/es\/comprar\/keratina-chocolate-special-edition-16oz\/","title":{"rendered":"Keratina Chocolate Special Edition  16oz"},"content":{"rendered":"","protected":false},"excerpt":{"rendered":"<p>La Keratina de Chocolate Special Edition Kachita de 16 oz est\u00e1 dise\u00f1ada para todo tipo de cabello. Nuestra keratina de chocolate con formaldehido tambi\u00e9n tiene la mejor eficiencia del mercado. El formaldehido de Kachita Spell est\u00e1 hecho con chocolate org\u00e1nico, que le da un sabor m\u00e1s suave y elimina el olor a formaldehido. Su aplicaci\u00f3n es como cualquier keratina. \u00a1No te pierdas esta oportunidad! Cuidamos la calidad y el mejor precio.<\/p>\n<p>Caracter\u00edsticas:<br \/>\n20 minutos de tiempo de espera<br \/>\nKeratina infundida con chocolate<br \/>\nRico en aceite de germen de trigo<br \/>\nResultados inmediatamente visibles<br \/>\nCabello sano<br \/>\nMejor precio de mercado<\/p>\n","protected":false},"featured_media":27913,"template":"","meta":[],"product_cat":[113],"product_tag":[],"class_list":{"0":"post-1415","1":"product","2":"type-product","3":"status-publish","4":"has-post-thumbnail","6":"product_cat-keratinas","8":"first","9":"instock","10":"sale","11":"taxable","12":"shipping-taxable","13":"purchasable","14":"product-type-simple"},"yoast_head":"<!-- This site is optimized with the Yoast SEO plugin v23.0 - https:\/\/yoast.com\/wordpress\/plugins\/seo\/ -->\n<title>Keratina Chocolate Special Edition 16oz - Kachita Spell Beauty Supply Wholesale<\/title>\n<meta name=\"robots\" content=\"noindex, follow, max-snippet:-1, max-image-preview:large, max-video-preview:-1\" \/>\n<meta property=\"og:locale\" content=\"es_ES\" \/>\n<meta property=\"og:type\" content=\"article\" \/>\n<meta property=\"og:title\" content=\"Keratina Chocolate Special Edition 16oz - Kachita Spell Beauty Supply Wholesale\" \/>\n<meta property=\"og:description\" content=\"La Keratina de Chocolate Special Edition Kachita de 16 oz est\u00e1 dise\u00f1ada para todo tipo de cabello. Nuestra keratina de chocolate con formaldehido tambi\u00e9n tiene la mejor eficiencia del mercado. El formaldehido de Kachita Spell est\u00e1 hecho con chocolate org\u00e1nico, que le da un sabor m\u00e1s suave y elimina el olor a formaldehido. Su aplicaci\u00f3n es como cualquier keratina. \u00a1No te pierdas esta oportunidad! Cuidamos la calidad y el mejor precio.  Caracter\u00edsticas: 20 minutos de tiempo de espera Keratina infundida con chocolate Rico en aceite de germen de trigo Resultados inmediatamente visibles Cabello sano Mejor precio de mercado\" \/>\n<meta property=\"og:url\" content=\"https:\/\/wholesale.kachita.com\/es\/comprar\/keratina-chocolate-special-edition-16oz\/\" \/>\n<meta property=\"og:site_name\" content=\"Kachita Spell Beauty Supply Wholesale\" \/>\n<meta property=\"article:publisher\" content=\"https:\/\/www.facebook.com\/KachitaSpell\/\" \/>\n<meta property=\"article:modified_time\" content=\"2022-03-03T17:43:38+00:00\" \/>\n<meta property=\"og:image\" content=\"https:\/\/wholesale.kachita.com\/wp-content\/uploads\/2020\/02\/chocolate-keratina16.jpg\" \/>\n\t<meta property=\"og:image:width\" content=\"1500\" \/>\n\t<meta property=\"og:image:height\" content=\"1500\" \/>\n\t<meta property=\"og:image:type\" content=\"image\/jpeg\" \/>\n<meta name=\"twitter:card\" content=\"summary_large_image\" \/>\n<meta name=\"twitter:site\" content=\"@KachitaSpell\" \/>\n<script type=\"application\/ld+json\" class=\"yoast-schema-graph\">{\"@context\":\"https:\/\/schema.org\",\"@graph\":[{\"@type\":\"WebPage\",\"@id\":\"https:\/\/wholesale.kachita.com\/es\/comprar\/keratina-chocolate-special-edition-16oz\/\",\"url\":\"https:\/\/wholesale.kachita.com\/es\/comprar\/keratina-chocolate-special-edition-16oz\/\",\"name\":\"Keratina Chocolate Special Edition 16oz - Kachita Spell Beauty Supply Wholesale\",\"isPartOf\":{\"@id\":\"https:\/\/wholesale.kachita.com\/es\/#website\"},\"primaryImageOfPage\":{\"@id\":\"https:\/\/wholesale.kachita.com\/es\/comprar\/keratina-chocolate-special-edition-16oz\/#primaryimage\"},\"image\":{\"@id\":\"https:\/\/wholesale.kachita.com\/es\/comprar\/keratina-chocolate-special-edition-16oz\/#primaryimage\"},\"thumbnailUrl\":\"https:\/\/wholesale.kachita.com\/wp-content\/uploads\/2020\/02\/Keratin-Special-Edition-16oz-24-bottles-box.jpg\",\"datePublished\":\"2020-02-05T04:17:09+00:00\",\"dateModified\":\"2022-03-03T17:43:38+00:00\",\"breadcrumb\":{\"@id\":\"https:\/\/wholesale.kachita.com\/es\/comprar\/keratina-chocolate-special-edition-16oz\/#breadcrumb\"},\"inLanguage\":\"es\",\"potentialAction\":[{\"@type\":\"ReadAction\",\"target\":[\"https:\/\/wholesale.kachita.com\/es\/comprar\/keratina-chocolate-special-edition-16oz\/\"]}]},{\"@type\":\"ImageObject\",\"inLanguage\":\"es\",\"@id\":\"https:\/\/wholesale.kachita.com\/es\/comprar\/keratina-chocolate-special-edition-16oz\/#primaryimage\",\"url\":\"https:\/\/wholesale.kachita.com\/wp-content\/uploads\/2020\/02\/Keratin-Special-Edition-16oz-24-bottles-box.jpg\",\"contentUrl\":\"https:\/\/wholesale.kachita.com\/wp-content\/uploads\/2020\/02\/Keratin-Special-Edition-16oz-24-bottles-box.jpg\",\"width\":1200,\"height\":1200},{\"@type\":\"BreadcrumbList\",\"@id\":\"https:\/\/wholesale.kachita.com\/es\/comprar\/keratina-chocolate-special-edition-16oz\/#breadcrumb\",\"itemListElement\":[{\"@type\":\"ListItem\",\"position\":1,\"name\":\"Home\",\"item\":\"https:\/\/wholesale.kachita.com\/es\/\"},{\"@type\":\"ListItem\",\"position\":2,\"name\":\"Shop\",\"item\":\"https:\/\/wholesale.kachita.com\/shop\/\"},{\"@type\":\"ListItem\",\"position\":3,\"name\":\"Keratina Chocolate Special Edition 16oz\"}]},{\"@type\":\"WebSite\",\"@id\":\"https:\/\/wholesale.kachita.com\/es\/#website\",\"url\":\"https:\/\/wholesale.kachita.com\/es\/\",\"name\":\"Kachita Spell\",\"description\":\"Best Market Prices\",\"publisher\":{\"@id\":\"https:\/\/wholesale.kachita.com\/es\/#organization\"},\"potentialAction\":[{\"@type\":\"SearchAction\",\"target\":{\"@type\":\"EntryPoint\",\"urlTemplate\":\"https:\/\/wholesale.kachita.com\/es\/?s={search_term_string}\"},\"query-input\":\"required name=search_term_string\"}],\"inLanguage\":\"es\"},{\"@type\":\"Organization\",\"@id\":\"https:\/\/wholesale.kachita.com\/es\/#organization\",\"name\":\"Kachita Spell\",\"url\":\"https:\/\/wholesale.kachita.com\/es\/\",\"logo\":{\"@type\":\"ImageObject\",\"inLanguage\":\"es\",\"@id\":\"https:\/\/wholesale.kachita.com\/es\/#\/schema\/logo\/image\/\",\"url\":\"https:\/\/wholesale.kachita.com\/wp-content\/uploads\/2020\/01\/logo-icon.png\",\"contentUrl\":\"https:\/\/wholesale.kachita.com\/wp-content\/uploads\/2020\/01\/logo-icon.png\",\"width\":512,\"height\":512,\"caption\":\"Kachita Spell\"},\"image\":{\"@id\":\"https:\/\/wholesale.kachita.com\/es\/#\/schema\/logo\/image\/\"},\"sameAs\":[\"https:\/\/www.facebook.com\/KachitaSpell\/\",\"https:\/\/x.com\/KachitaSpell\",\"https:\/\/www.instagram.com\/kachitaspell\/\"]}]}<\/script>\n<!-- \/ Yoast SEO plugin. -->","yoast_head_json":{"title":"Keratina Chocolate Special Edition 16oz - Kachita Spell Beauty Supply Wholesale","robots":{"index":"noindex","follow":"follow","max-snippet":"max-snippet:-1","max-image-preview":"max-image-preview:large","max-video-preview":"max-video-preview:-1"},"og_locale":"es_ES","og_type":"article","og_title":"Keratina Chocolate Special Edition 16oz - Kachita Spell Beauty Supply Wholesale","og_description":"La Keratina de Chocolate Special Edition Kachita de 16 oz est\u00e1 dise\u00f1ada para todo tipo de cabello. Nuestra keratina de chocolate con formaldehido tambi\u00e9n tiene la mejor eficiencia del mercado. El formaldehido de Kachita Spell est\u00e1 hecho con chocolate org\u00e1nico, que le da un sabor m\u00e1s suave y elimina el olor a formaldehido. Su aplicaci\u00f3n es como cualquier keratina. \u00a1No te pierdas esta oportunidad! Cuidamos la calidad y el mejor precio.  Caracter\u00edsticas: 20 minutos de tiempo de espera Keratina infundida con chocolate Rico en aceite de germen de trigo Resultados inmediatamente visibles Cabello sano Mejor precio de mercado","og_url":"https:\/\/wholesale.kachita.com\/es\/comprar\/keratina-chocolate-special-edition-16oz\/","og_site_name":"Kachita Spell Beauty Supply Wholesale","article_publisher":"https:\/\/www.facebook.com\/KachitaSpell\/","article_modified_time":"2022-03-03T17:43:38+00:00","og_image":[{"width":1500,"height":1500,"url":"https:\/\/wholesale.kachita.com\/wp-content\/uploads\/2020\/02\/chocolate-keratina16.jpg","type":"image\/jpeg"}],"twitter_card":"summary_large_image","twitter_site":"@KachitaSpell","schema":{"@context":"https:\/\/schema.org","@graph":[{"@type":"WebPage","@id":"https:\/\/wholesale.kachita.com\/es\/comprar\/keratina-chocolate-special-edition-16oz\/","url":"https:\/\/wholesale.kachita.com\/es\/comprar\/keratina-chocolate-special-edition-16oz\/","name":"Keratina Chocolate Special Edition 16oz - Kachita Spell Beauty Supply Wholesale","isPartOf":{"@id":"https:\/\/wholesale.kachita.com\/es\/#website"},"primaryImageOfPage":{"@id":"https:\/\/wholesale.kachita.com\/es\/comprar\/keratina-chocolate-special-edition-16oz\/#primaryimage"},"image":{"@id":"https:\/\/wholesale.kachita.com\/es\/comprar\/keratina-chocolate-special-edition-16oz\/#primaryimage"},"thumbnailUrl":"https:\/\/wholesale.kachita.com\/wp-content\/uploads\/2020\/02\/Keratin-Special-Edition-16oz-24-bottles-box.jpg","datePublished":"2020-02-05T04:17:09+00:00","dateModified":"2022-03-03T17:43:38+00:00","breadcrumb":{"@id":"https:\/\/wholesale.kachita.com\/es\/comprar\/keratina-chocolate-special-edition-16oz\/#breadcrumb"},"inLanguage":"es","potentialAction":[{"@type":"ReadAction","target":["https:\/\/wholesale.kachita.com\/es\/comprar\/keratina-chocolate-special-edition-16oz\/"]}]},{"@type":"ImageObject","inLanguage":"es","@id":"https:\/\/wholesale.kachita.com\/es\/comprar\/keratina-chocolate-special-edition-16oz\/#primaryimage","url":"https:\/\/wholesale.kachita.com\/wp-content\/uploads\/2020\/02\/Keratin-Special-Edition-16oz-24-bottles-box.jpg","contentUrl":"https:\/\/wholesale.kachita.com\/wp-content\/uploads\/2020\/02\/Keratin-Special-Edition-16oz-24-bottles-box.jpg","width":1200,"height":1200},{"@type":"BreadcrumbList","@id":"https:\/\/wholesale.kachita.com\/es\/comprar\/keratina-chocolate-special-edition-16oz\/#breadcrumb","itemListElement":[{"@type":"ListItem","position":1,"name":"Home","item":"https:\/\/wholesale.kachita.com\/es\/"},{"@type":"ListItem","position":2,"name":"Shop","item":"https:\/\/wholesale.kachita.com\/shop\/"},{"@type":"ListItem","position":3,"name":"Keratina Chocolate Special Edition 16oz"}]},{"@type":"WebSite","@id":"https:\/\/wholesale.kachita.com\/es\/#website","url":"https:\/\/wholesale.kachita.com\/es\/","name":"Kachita Spell","description":"Best Market Prices","publisher":{"@id":"https:\/\/wholesale.kachita.com\/es\/#organization"},"potentialAction":[{"@type":"SearchAction","target":{"@type":"EntryPoint","urlTemplate":"https:\/\/wholesale.kachita.com\/es\/?s={search_term_string}"},"query-input":"required name=search_term_string"}],"inLanguage":"es"},{"@type":"Organization","@id":"https:\/\/wholesale.kachita.com\/es\/#organization","name":"Kachita Spell","url":"https:\/\/wholesale.kachita.com\/es\/","logo":{"@type":"ImageObject","inLanguage":"es","@id":"https:\/\/wholesale.kachita.com\/es\/#\/schema\/logo\/image\/","url":"https:\/\/wholesale.kachita.com\/wp-content\/uploads\/2020\/01\/logo-icon.png","contentUrl":"https:\/\/wholesale.kachita.com\/wp-content\/uploads\/2020\/01\/logo-icon.png","width":512,"height":512,"caption":"Kachita Spell"},"image":{"@id":"https:\/\/wholesale.kachita.com\/es\/#\/schema\/logo\/image\/"},"sameAs":["https:\/\/www.facebook.com\/KachitaSpell\/","https:\/\/x.com\/KachitaSpell","https:\/\/www.instagram.com\/kachitaspell\/"]}]}},"_links":{"self":[{"href":"https:\/\/wholesale.kachita.com\/es\/wp-json\/wp\/v2\/product\/1415","targetHints":{"allow":["GET"]}}],"collection":[{"href":"https:\/\/wholesale.kachita.com\/es\/wp-json\/wp\/v2\/product"}],"about":[{"href":"https:\/\/wholesale.kachita.com\/es\/wp-json\/wp\/v2\/types\/product"}],"wp:featuredmedia":[{"embeddable":true,"href":"https:\/\/wholesale.kachita.com\/es\/wp-json\/wp\/v2\/media\/27913"}],"wp:attachment":[{"href":"https:\/\/wholesale.kachita.com\/es\/wp-json\/wp\/v2\/media?parent=1415"}],"wp:term":[{"taxonomy":"product_cat","embeddable":true,"href":"https:\/\/wholesale.kachita.com\/es\/wp-json\/wp\/v2\/product_cat?post=1415"},{"taxonomy":"product_tag","embeddable":true,"href":"https:\/\/wholesale.kachita.com\/es\/wp-json\/wp\/v2\/product_tag?post=1415"}],"curies":[{"name":"wp","href":"https:\/\/api.w.org\/{rel}","templated":true}]}}