{"id":1375,"date":"2020-01-18T03:19:25","date_gmt":"2020-01-18T03:19:25","guid":{"rendered":"https:\/\/wholesale.kachita.com\/about-us\/"},"modified":"2020-03-31T11:20:36","modified_gmt":"2020-03-31T16:20:36","slug":"sobre-nosotros","status":"publish","type":"page","link":"https:\/\/wholesale.kachita.com\/es\/sobre-nosotros\/","title":{"rendered":"Sobre Nosotros"},"content":{"rendered":"\n\n  <div class=\"banner has-hover\" id=\"banner-2104264543\">\n          <div class=\"banner-inner fill\">\n        <div class=\"banner-bg fill\" >\n            <img loading=\"lazy\" decoding=\"async\" width=\"1020\" height=\"532\" src=\"https:\/\/wholesale.kachita.com\/wp-content\/uploads\/2020\/01\/4.jpg\" class=\"bg attachment-large size-large\" alt=\"\" \/>                        <div class=\"overlay\"><\/div>            \n                    <\/div>\n\t\t\n        <div class=\"banner-layers container\">\n            <div class=\"fill banner-link\"><\/div>            \n\n   <div id=\"text-box-696249807\" class=\"text-box banner-layer x50 md-x50 lg-x50 y50 md-y50 lg-y50 res-text\">\n                                <div class=\"text-box-content text dark\">\n              \n              <div class=\"text-inner text-center\">\n                  \n\n<h1 style=\"text-align: center;\">SOBRE NOSOTROS<\/h1>\n\n              <\/div>\n           <\/div>\n                            \n<style>\n#text-box-696249807 {\n  width: 60%;\n}\n#text-box-696249807 .text-box-content {\n  font-size: 100%;\n}\n<\/style>\n    <\/div>\n \n\n        <\/div>\n      <\/div>\n\n            \n<style>\n#banner-2104264543 {\n  padding-top: 450px;\n  background-color: #eb366a;\n}\n#banner-2104264543 .overlay {\n  background-color: rgba(235, 54, 106, 0.81);\n}\n<\/style>\n  <\/div>\n\n\n\n\t<section class=\"section\" id=\"section_1946923095\">\n\t\t<div class=\"section-bg fill\" >\n\t\t\t\t\t\t\t\t\t\n\t\t\t\n\n\t\t<\/div>\n\n\t\t\n\n\t\t<div class=\"section-content relative\">\n\t\t\t\n\n<div class=\"row align-center\"  id=\"row-1935546490\">\n\n\n\t<div id=\"col-1966644316\" class=\"col medium-10 small-12 large-10\"  >\n\t\t\t\t<div class=\"col-inner text-center\"  >\n\t\t\t\n\t\t\t\n\n<p>&nbsp;<\/p>\n<h2><span style=\"font-size: 150%;\">Sobre Kachita Spell<\/span><\/h2>\n<p>&nbsp;<\/p>\n<p>Kachita Spell es una marca de productos de belleza distribuida bajo la empresa Novum Enterprise Inc. y fabricada \u00edntegramente en los Estados Unidos. La calidad y naturalidad con que comprende nuestros productos  emblem\u00e1ticos entre los profesionales del cabello para alisar, hidratar y dar brillo. Novum Enterprise Inc. es una empresa estadounidense con ra\u00edces cubanas, por eso nuestros productos llevan el nombre de Kachita, nombre cari\u00f1oso por el cual es conocida por la Virgen de la Caridad de Cuba.<\/p>\n<p>La gran dedicaci\u00f3n del pueblo cubano a la imagen de la Virgen y la protecci\u00f3n hicieron que Novum Enterprise Inc. pusiera su marca como una forma de honrar a la patrona del pueblo cubano en el mundo, la Virgen de la Caridad. Adem\u00e1s, el nombre tambi\u00e9n representa a las mujeres cubanas, donde el mestizaje ha tra\u00eddo una belleza sin precedentes en las mujeres de la isla y \u00fanica en el mundo. La innovaci\u00f3n, la calidad, la facilidad y la profesionalidad son la base de la aplicaci\u00f3n de Novum Enterprise Inc. en la fabricaci\u00f3n de nuestros productods para dar resultados sobresalientes en los tratamientos de belleza. Estas caracter\u00edsticas hacen que nuestra empresa est\u00e9 redefiniendo la belleza.<\/p>\n\n\t\t<\/div>\n\t\t\t\t\t<\/div>\n\n\t\n\n<\/div>\n\n\t\t<\/div>\n\n\t\t\n<style>\n#section_1946923095 {\n  padding-top: 60px;\n  padding-bottom: 60px;\n  min-height: 300px;\n  background-color: rgb(245, 245, 245);\n}\n<\/style>\n\t<\/section>\n\t\n\t<div id=\"gap-1958938792\" class=\"gap-element clearfix\" style=\"display:block; height:auto;\">\n\t\t\n<style>\n#gap-1958938792 {\n  padding-top: 30px;\n}\n<\/style>\n\t<\/div>\n\t\n","protected":false},"excerpt":{"rendered":"","protected":false},"author":1,"featured_media":0,"parent":0,"menu_order":0,"comment_status":"closed","ping_status":"closed","template":"page-blank.php","meta":{"footnotes":""},"class_list":["post-1375","page","type-page","status-publish","hentry"],"yoast_head":"<!-- This site is optimized with the Yoast SEO plugin v23.0 - https:\/\/yoast.com\/wordpress\/plugins\/seo\/ -->\n<title>Sobre Nosotros - Kachita Spell Beauty Supply Wholesale<\/title>\n<meta name=\"robots\" content=\"noindex, follow, max-snippet:-1, max-image-preview:large, max-video-preview:-1\" \/>\n<meta property=\"og:locale\" content=\"es_ES\" \/>\n<meta property=\"og:type\" content=\"article\" \/>\n<meta property=\"og:title\" content=\"Sobre Nosotros - Kachita Spell Beauty Supply Wholesale\" \/>\n<meta property=\"og:url\" content=\"https:\/\/wholesale.kachita.com\/es\/sobre-nosotros\/\" \/>\n<meta property=\"og:site_name\" content=\"Kachita Spell Beauty Supply Wholesale\" \/>\n<meta property=\"article:publisher\" content=\"https:\/\/www.facebook.com\/KachitaSpell\/\" \/>\n<meta property=\"article:modified_time\" content=\"2020-03-31T16:20:36+00:00\" \/>\n<meta name=\"twitter:card\" content=\"summary_large_image\" \/>\n<meta name=\"twitter:site\" content=\"@KachitaSpell\" \/>\n<meta name=\"twitter:label1\" content=\"Tiempo de lectura\" \/>\n\t<meta name=\"twitter:data1\" content=\"1 minuto\" \/>\n<script type=\"application\/ld+json\" class=\"yoast-schema-graph\">{\"@context\":\"https:\/\/schema.org\",\"@graph\":[{\"@type\":\"WebPage\",\"@id\":\"https:\/\/wholesale.kachita.com\/es\/sobre-nosotros\/\",\"url\":\"https:\/\/wholesale.kachita.com\/es\/sobre-nosotros\/\",\"name\":\"Sobre Nosotros - Kachita Spell Beauty Supply Wholesale\",\"isPartOf\":{\"@id\":\"https:\/\/wholesale.kachita.com\/es\/#website\"},\"datePublished\":\"2020-01-18T03:19:25+00:00\",\"dateModified\":\"2020-03-31T16:20:36+00:00\",\"breadcrumb\":{\"@id\":\"https:\/\/wholesale.kachita.com\/es\/sobre-nosotros\/#breadcrumb\"},\"inLanguage\":\"es\",\"potentialAction\":[{\"@type\":\"ReadAction\",\"target\":[\"https:\/\/wholesale.kachita.com\/es\/sobre-nosotros\/\"]}]},{\"@type\":\"BreadcrumbList\",\"@id\":\"https:\/\/wholesale.kachita.com\/es\/sobre-nosotros\/#breadcrumb\",\"itemListElement\":[{\"@type\":\"ListItem\",\"position\":1,\"name\":\"Home\",\"item\":\"https:\/\/wholesale.kachita.com\/es\/\"},{\"@type\":\"ListItem\",\"position\":2,\"name\":\"Sobre Nosotros\"}]},{\"@type\":\"WebSite\",\"@id\":\"https:\/\/wholesale.kachita.com\/es\/#website\",\"url\":\"https:\/\/wholesale.kachita.com\/es\/\",\"name\":\"Kachita Spell\",\"description\":\"Best Market Prices\",\"publisher\":{\"@id\":\"https:\/\/wholesale.kachita.com\/es\/#organization\"},\"potentialAction\":[{\"@type\":\"SearchAction\",\"target\":{\"@type\":\"EntryPoint\",\"urlTemplate\":\"https:\/\/wholesale.kachita.com\/es\/?s={search_term_string}\"},\"query-input\":\"required name=search_term_string\"}],\"inLanguage\":\"es\"},{\"@type\":\"Organization\",\"@id\":\"https:\/\/wholesale.kachita.com\/es\/#organization\",\"name\":\"Kachita Spell\",\"url\":\"https:\/\/wholesale.kachita.com\/es\/\",\"logo\":{\"@type\":\"ImageObject\",\"inLanguage\":\"es\",\"@id\":\"https:\/\/wholesale.kachita.com\/es\/#\/schema\/logo\/image\/\",\"url\":\"https:\/\/wholesale.kachita.com\/wp-content\/uploads\/2020\/01\/logo-icon.png\",\"contentUrl\":\"https:\/\/wholesale.kachita.com\/wp-content\/uploads\/2020\/01\/logo-icon.png\",\"width\":512,\"height\":512,\"caption\":\"Kachita Spell\"},\"image\":{\"@id\":\"https:\/\/wholesale.kachita.com\/es\/#\/schema\/logo\/image\/\"},\"sameAs\":[\"https:\/\/www.facebook.com\/KachitaSpell\/\",\"https:\/\/x.com\/KachitaSpell\",\"https:\/\/www.instagram.com\/kachitaspell\/\"]}]}<\/script>\n<!-- \/ Yoast SEO plugin. -->","yoast_head_json":{"title":"Sobre Nosotros - Kachita Spell Beauty Supply Wholesale","robots":{"index":"noindex","follow":"follow","max-snippet":"max-snippet:-1","max-image-preview":"max-image-preview:large","max-video-preview":"max-video-preview:-1"},"og_locale":"es_ES","og_type":"article","og_title":"Sobre Nosotros - Kachita Spell Beauty Supply Wholesale","og_url":"https:\/\/wholesale.kachita.com\/es\/sobre-nosotros\/","og_site_name":"Kachita Spell Beauty Supply Wholesale","article_publisher":"https:\/\/www.facebook.com\/KachitaSpell\/","article_modified_time":"2020-03-31T16:20:36+00:00","twitter_card":"summary_large_image","twitter_site":"@KachitaSpell","twitter_misc":{"Tiempo de lectura":"1 minuto"},"schema":{"@context":"https:\/\/schema.org","@graph":[{"@type":"WebPage","@id":"https:\/\/wholesale.kachita.com\/es\/sobre-nosotros\/","url":"https:\/\/wholesale.kachita.com\/es\/sobre-nosotros\/","name":"Sobre Nosotros - Kachita Spell Beauty Supply Wholesale","isPartOf":{"@id":"https:\/\/wholesale.kachita.com\/es\/#website"},"datePublished":"2020-01-18T03:19:25+00:00","dateModified":"2020-03-31T16:20:36+00:00","breadcrumb":{"@id":"https:\/\/wholesale.kachita.com\/es\/sobre-nosotros\/#breadcrumb"},"inLanguage":"es","potentialAction":[{"@type":"ReadAction","target":["https:\/\/wholesale.kachita.com\/es\/sobre-nosotros\/"]}]},{"@type":"BreadcrumbList","@id":"https:\/\/wholesale.kachita.com\/es\/sobre-nosotros\/#breadcrumb","itemListElement":[{"@type":"ListItem","position":1,"name":"Home","item":"https:\/\/wholesale.kachita.com\/es\/"},{"@type":"ListItem","position":2,"name":"Sobre Nosotros"}]},{"@type":"WebSite","@id":"https:\/\/wholesale.kachita.com\/es\/#website","url":"https:\/\/wholesale.kachita.com\/es\/","name":"Kachita Spell","description":"Best Market Prices","publisher":{"@id":"https:\/\/wholesale.kachita.com\/es\/#organization"},"potentialAction":[{"@type":"SearchAction","target":{"@type":"EntryPoint","urlTemplate":"https:\/\/wholesale.kachita.com\/es\/?s={search_term_string}"},"query-input":"required name=search_term_string"}],"inLanguage":"es"},{"@type":"Organization","@id":"https:\/\/wholesale.kachita.com\/es\/#organization","name":"Kachita Spell","url":"https:\/\/wholesale.kachita.com\/es\/","logo":{"@type":"ImageObject","inLanguage":"es","@id":"https:\/\/wholesale.kachita.com\/es\/#\/schema\/logo\/image\/","url":"https:\/\/wholesale.kachita.com\/wp-content\/uploads\/2020\/01\/logo-icon.png","contentUrl":"https:\/\/wholesale.kachita.com\/wp-content\/uploads\/2020\/01\/logo-icon.png","width":512,"height":512,"caption":"Kachita Spell"},"image":{"@id":"https:\/\/wholesale.kachita.com\/es\/#\/schema\/logo\/image\/"},"sameAs":["https:\/\/www.facebook.com\/KachitaSpell\/","https:\/\/x.com\/KachitaSpell","https:\/\/www.instagram.com\/kachitaspell\/"]}]}},"_links":{"self":[{"href":"https:\/\/wholesale.kachita.com\/es\/wp-json\/wp\/v2\/pages\/1375","targetHints":{"allow":["GET"]}}],"collection":[{"href":"https:\/\/wholesale.kachita.com\/es\/wp-json\/wp\/v2\/pages"}],"about":[{"href":"https:\/\/wholesale.kachita.com\/es\/wp-json\/wp\/v2\/types\/page"}],"author":[{"embeddable":true,"href":"https:\/\/wholesale.kachita.com\/es\/wp-json\/wp\/v2\/users\/1"}],"replies":[{"embeddable":true,"href":"https:\/\/wholesale.kachita.com\/es\/wp-json\/wp\/v2\/comments?post=1375"}],"version-history":[{"count":0,"href":"https:\/\/wholesale.kachita.com\/es\/wp-json\/wp\/v2\/pages\/1375\/revisions"}],"wp:attachment":[{"href":"https:\/\/wholesale.kachita.com\/es\/wp-json\/wp\/v2\/media?parent=1375"}],"curies":[{"name":"wp","href":"https:\/\/api.w.org\/{rel}","templated":true}]}}